{"id":1859,"date":"2023-04-26T12:45:16","date_gmt":"2023-04-26T10:45:16","guid":{"rendered":"https:\/\/www.nftrasporti.com\/perche-scegliere-noi\/"},"modified":"2024-04-30T17:09:20","modified_gmt":"2024-04-30T15:09:20","slug":"perche-scegliere-noi","status":"publish","type":"page","link":"https:\/\/www.nftrasporti.com\/de\/perche-scegliere-noi\/","title":{"rendered":"Warum Uns W\u00e4hlen?"},"content":{"rendered":"<div class=\"wpb-content-wrapper\">[vc_row css_animation=&#8220;fadeIn&#8220; full_width=&#8220;stretch_row&#8220; content_placement=&#8220;middle&#8220; css=&#8220;.vc_custom_1683815019546{background-image: url(https:\/\/www.nftrasporti.com\/wp-content\/uploads\/2023\/05\/telonidefinitivi_3.png?id=660) !important;}&#8220; min_height=&#8220;330px&#8220;][vc_column][vc_column_text color=&#8220;#ffffff&#8220;]\n<h1>Warum Uns W\u00e4hlen?<\/h1>\n[\/vc_column_text][\/vc_column][\/vc_row][vc_row full_width=&#8220;stretch_row&#8220; equal_height=&#8220;yes&#8220; el_class=&#8220;margine150 margine_mobile100&#8243;][vc_column css_animation=&#8220;fadeInLeft&#8220; width=&#8220;5\/12&#8243; el_class=&#8220;bordo_dx_home&#8220;][vc_column_text css=&#8220;.vc_custom_1686559404486{margin-top: 30px !important;}&#8220;]\n<h2>Kompetentes Team<\/h2>\n[\/vc_column_text][vc_column_text css=&#8220;.vc_custom_1686559457014{margin-top: 30px !important;margin-right: 20px !important;}&#8220;]Ein <strong>kompetentes und eingespieltes Team<\/strong>, jung und hochspezialisiert, das mit Leidenschaft arbeitet. Wir wissen, wie man fortschrittlichste Methoden nutzt, die <strong>hochwertige Dienstleistungen<\/strong> garantieren, mit der traditionellen Art, pers\u00f6nlich zu interagieren, um die <strong>Bed\u00fcrfnisse jedes Kunden zu h\u00f6ren<\/strong>, wie es fr\u00fcher gemacht wurde. Also fortschrittliche Technologien, ohne die direkte Beziehung zu vernachl\u00e4ssigen, um von Fall zu Fall die beste L\u00f6sung zu finden. Wir sind immer verf\u00fcgbar und aufmerksam, weil wir Hingabe und Liebe zu unserer Arbeit haben.[\/vc_column_text][vc_separator color=&#8220;custom&#8220; align=&#8220;align_right&#8220; accent_color=&#8220;#a6a6a7&#8243; css=&#8220;.vc_custom_1683111718919{margin-top: 30px !important;margin-bottom: 30px !important;}&#8220; el_class=&#8220;separatore_home desktop&#8220;][vc_single_image image=&#8220;914&#8243; el_class=&#8220;margine_dx_img desktop&#8220;][\/vc_column][vc_column css_animation=&#8220;fadeInRight&#8220; width=&#8220;7\/12&#8243; el_class=&#8220;margine_mobile30&#8243;][vc_single_image image=&#8220;912&#8243;][vc_column_text]\n<h2>Fortschrittliche Fahrzeuge<\/h2>\n[\/vc_column_text][vc_column_text css=&#8220;.vc_custom_1686559511146{margin-top: 30px !important;margin-right: 20px !important;}&#8220;]Eine <strong>Flotte von fortschrittlichen Fahrzeugen<\/strong>: Der Transport von Waren, insbesondere von empfindlichen, muss von Diensten begleitet werden, die ihn erleichtern und sicherstellen, dass alles reibungslos verl\u00e4uft. <strong>Abholung direkt beim Kunden, Platzierung und Sicherung im geeignetsten Fahrzeug, eventuelle Lagerung in unseren Lagern<\/strong>. Nur so wird der Transport Ihrer Produkte, auch wenn sie zerbrechlich oder sperrig sind, f\u00fcr Sie keine Sorge mehr sein.[\/vc_column_text][\/vc_column][\/vc_row][vc_row][vc_column]<div class=\"vcex-spacing wpex-w-100 wpex-clear\" style=\"height:60px;\"><\/div>[\/vc_column][\/vc_row][vc_row css=&#8220;.vc_custom_1698318786890{border-radius: 5px !important;}&#8220;][vc_column]<style>.vcex-callout.vcex_6a01c34df2995{background-color:#e2211b;}<\/style><div class=\"vcex-callout vcex-module wpex-boxed vcex_6a01c34df2995\"><div class=\"vcex-callout-caption wpex-last-mb-0 wpex-text-md\"><p style=\"text-align: center\"><span style=\"color: #ffffff\"><strong>Rufen Sie uns jetzt an<\/strong> und profitieren Sie von unserem <strong>besten Angebot<\/strong>!<\/span><\/p>\n<\/div><\/div><div class=\"vcex-spacing wpex-w-100 wpex-clear\" style=\"height:30px;\"><\/div>[vc_row_inner][vc_column_inner width=&#8220;1\/3&#8243;]<div class=\"vcex-spacing wpex-w-100 wpex-clear\" style=\"height:10px;\"><\/div>[vc_column_text css=&#8220;.vc_custom_1698318271899{background-color: #e8e8e8 !important;}&#8220;]Tel: <a href=\"tel:+393273675293\">+39 327 367 5293<\/a><br \/>\nTel: <a href=\"tel:+390541418450\">+39 0541 4184 50<\/a>[\/vc_column_text]<div class=\"vcex-spacing wpex-w-100 wpex-clear\" style=\"height:10px;\"><\/div>[\/vc_column_inner][vc_column_inner width=&#8220;1\/3&#8243;]<div class=\"vcex-spacing wpex-w-100 wpex-clear\" style=\"height:10px;\"><\/div>[vc_column_text]E-Mail:<br \/>\n<a href=\"mailto:commerciale@nftrasporti.com\">commerciale@nftrasporti.com<\/a>[\/vc_column_text]<div class=\"vcex-spacing wpex-w-100 wpex-clear\" style=\"height:10px;\"><\/div>[\/vc_column_inner][vc_column_inner width=&#8220;1\/3&#8243;]<div class=\"vcex-spacing wpex-w-100 wpex-clear\" style=\"height:10px;\"><\/div>[vc_column_text css=&#8220;.vc_custom_1698318536536{background-color: #e8e8e8 !important;}&#8220;]WhatsApp<br \/>\nTel: <a href=\"https:\/\/wa.me\/+393273675293\">+39 327 367 5293<\/a>[\/vc_column_text]<div class=\"vcex-spacing wpex-w-100 wpex-clear\" style=\"height:10px;\"><\/div>[\/vc_column_inner][\/vc_row_inner][\/vc_column][\/vc_row][vc_row full_width=&#8220;stretch_row&#8220; content_placement=&#8220;middle&#8220; equal_height=&#8220;yes&#8220; css=&#8220;.vc_custom_1683194340342{background-color: #dedfdf !important;}&#8220; el_class=&#8220;margine150 margine_mobile100 padding_grigio_home&#8220;][vc_column css_animation=&#8220;fadeInLeft&#8220; width=&#8220;5\/12&#8243; el_class=&#8220;bordo_dx_home&#8220;][vc_column_text]\n<h2>Kundenservice Klarheit, Schnelligkeit, H\u00f6flichkeit<\/h2>\n[\/vc_column_text][vc_column_text css=&#8220;.vc_custom_1683116520202{margin-top: 30px !important;}&#8220;]\n<div class=\"page\" title=\"Page 3\">\n<div class=\"section\">\n<div class=\"layoutArea\">\n<div class=\"column\">\n<p>M\u00f6chten Sie unsere Dienste anfordern oder weitere Informationen erhalten? F\u00fcllen Sie das Formular aus, um einen Telefontermin mit unserem Experten zu vereinbaren.<\/p>\n<\/div>\n<\/div>\n<\/div>\n<\/div>\n[\/vc_column_text][vc_separator color=&#8220;custom&#8220; align=&#8220;align_right&#8220; accent_color=&#8220;#a6a6a7&#8243; css=&#8220;.vc_custom_1680768022287{margin-top: 30px !important;}&#8220; el_class=&#8220;separatore_home&#8220;]<style>.vcex-button.vcex_6a01c34e014df{border-radius:0px;color:#e2211c!important;padding-block:10px;padding-inline:30px;border:1px solid;font-family:Sarabun;font-size:15px;font-weight:700;}.vcex-button.vcex_6a01c34e014df:hover{background:#e2211c!important;color:#ffffff!important;}<\/style><div class=\"vc_custom_1714489758731 wpex-clr\"><a href=\"https:\/\/www.nftrasporti.com\/de\/contatti\/\" class=\"vcex-button theme-button outline inline vcex_6a01c34e014df\"><span class=\"vcex-button-inner theme-button-inner wpex-flex wpex-flex-wrap wpex-items-center wpex-justify-center\">Mehr Erfahren<span class=\"vcex-button-icon vcex-icon-wrap theme-button-icon-right\"><span class=\"wpex-icon wpex-icon--bidi\" aria-hidden=\"true\"><svg xmlns=\"http:\/\/www.w3.org\/2000\/svg\" viewBox=\"0 0 512 512\"><path d=\"M502.6 278.6c12.5-12.5 12.5-32.8 0-45.3l-128-128c-12.5-12.5-32.8-12.5-45.3 0s-12.5 32.8 0 45.3L402.7 224 32 224c-17.7 0-32 14.3-32 32s14.3 32 32 32l370.7 0-73.4 73.4c-12.5 12.5-12.5 32.8 0 45.3s32.8 12.5 45.3 0l128-128z\"\/><\/svg><\/span><\/span><\/span><\/a><\/div> [\/vc_column][vc_column css_animation=&#8220;fadeInRight&#8220; width=&#8220;7\/12&#8243; el_class=&#8220;margine_mobile30&#8243;]\n<div class=\"wpcf7 no-js\" id=\"wpcf7-f1964-o1\" lang=\"de-DE\" dir=\"ltr\" data-wpcf7-id=\"1964\">\n<div class=\"screen-reader-response\"><p role=\"status\" aria-live=\"polite\" aria-atomic=\"true\"><\/p> <ul><\/ul><\/div>\n<form action=\"\/de\/wp-json\/wp\/v2\/pages\/1859#wpcf7-f1964-o1\" method=\"post\" class=\"wpcf7-form init\" aria-label=\"Kontaktformular\" novalidate=\"novalidate\" data-status=\"init\">\n<fieldset class=\"hidden-fields-container\"><input type=\"hidden\" name=\"_wpcf7\" value=\"1964\" \/><input type=\"hidden\" name=\"_wpcf7_version\" value=\"6.1\" \/><input type=\"hidden\" name=\"_wpcf7_locale\" value=\"de_DE\" \/><input type=\"hidden\" name=\"_wpcf7_unit_tag\" value=\"wpcf7-f1964-o1\" \/><input type=\"hidden\" name=\"_wpcf7_container_post\" value=\"0\" \/><input type=\"hidden\" name=\"_wpcf7_posted_data_hash\" value=\"\" \/>\n<\/fieldset>\n<div class=\"vc_row\">\n\t<div class=\"vc_col-sm-4\">\n\t\t<p><span class=\"wpcf7-form-control-wrap\" data-name=\"nome\"><input size=\"40\" maxlength=\"400\" class=\"wpcf7-form-control wpcf7-text wpcf7-validates-as-required\" aria-required=\"true\" aria-invalid=\"false\" placeholder=\"Nome e Cognome\" value=\"\" type=\"text\" name=\"nome\" \/><\/span>\n\t\t<\/p>\n\t<\/div>\n\t<div class=\"vc_col-sm-4\">\n\t\t<p><span class=\"wpcf7-form-control-wrap\" data-name=\"email\"><input size=\"40\" maxlength=\"400\" class=\"wpcf7-form-control wpcf7-email wpcf7-text wpcf7-validates-as-email\" aria-invalid=\"false\" placeholder=\"Email\" value=\"\" type=\"email\" name=\"email\" \/><\/span>\n\t\t<\/p>\n\t<\/div>\n\t<div class=\"vc_col-sm-4\">\n\t\t<p><span class=\"wpcf7-form-control-wrap\" data-name=\"telefono\"><input size=\"40\" maxlength=\"400\" class=\"wpcf7-form-control wpcf7-tel wpcf7-text wpcf7-validates-as-tel\" aria-invalid=\"false\" placeholder=\"Telefono\" value=\"\" type=\"tel\" name=\"telefono\" \/><\/span>\n\t\t<\/p>\n\t<\/div>\n<\/div>\n<div class=\"vc_row\">\n\t<div class=\"vc_col-sm-12\">\n\t\t<p><span class=\"wpcf7-form-control-wrap\" data-name=\"messaggio\"><textarea cols=\"40\" rows=\"10\" maxlength=\"2000\" class=\"wpcf7-form-control wpcf7-textarea\" aria-invalid=\"false\" placeholder=\"Messaggio\" name=\"messaggio\"><\/textarea><\/span>\n\t\t<\/p>\n\t<\/div>\n<\/div>\n<div class=\"vc_row\" style=\"margin-top:20px;\">\n\t<div class=\"vc_col-sm-12\">\n\t\t<p style=\"font-size: 16px;\"><span class=\"wpcf7-form-control-wrap\" data-name=\"privacy\"><span class=\"wpcf7-form-control wpcf7-acceptance\"><span class=\"wpcf7-list-item\"><label><input type=\"checkbox\" name=\"privacy\" value=\"1\" aria-invalid=\"false\" \/><span class=\"wpcf7-list-item-label\">Ich erkl\u00e4re, dass ich die <a href=\"\/de\/informativa-privacy-form-deu\/\" title=\"Datenschutzerkl\u00e4rung\" target=\"_blank\">Datenschutzerkl\u00e4rung<\/a> gelesen und die darin enthaltenen Zwecke verstanden habe.*<\/span><\/label><\/span><\/span><\/span>\n\t\t<\/p>\n\t<\/div>\n<\/div>\n<div class=\"vc_row\" style=\"margin-top:20px;\">\n\t<div class=\"vc_col-sm-12\">\n\t\t<p style=\"font-size: 16px;\"><span class=\"wpcf7-form-control-wrap\" data-name=\"newsletter\"><span class=\"wpcf7-form-control wpcf7-acceptance optional\"><span class=\"wpcf7-list-item\"><label><input type=\"checkbox\" name=\"newsletter\" value=\"1\" aria-invalid=\"false\" \/><span class=\"wpcf7-list-item-label\">Ich erkl\u00e4re, dass ich den in der <a href=\"\/de\/informativa-privacy-newsletter-deu\/\" title=\"Newsletter-Datenschutzrichtlinie\" target=\"_blank\">Newsletter-Datenschutzrichtlinie<\/a> enthaltenen Marketing- und Werbekommunikationszwecken zustimme<\/span><\/label><\/span><\/span><\/span>\n\t\t<\/p>\n\t<\/div>\n<\/div>\n<div class=\"vc_row\">\n\t<div class=\"vc_col-sm-12\">\n\t\t<p><input class=\"wpcf7-form-control wpcf7-submit has-spinner\" type=\"submit\" value=\"SCHICKEN\" \/>\n\t\t<\/p>\n\t<\/div>\n<\/div><div class=\"wpcf7-response-output\" aria-hidden=\"true\"><\/div>\n<\/form>\n<\/div>\n[\/vc_column][\/vc_row]\n<\/div>","protected":false},"excerpt":{"rendered":"<p>[vc_row css_animation=&#8220;fadeIn&#8220; full_width=&#8220;stretch_row&#8220; content_placement=&#8220;middle&#8220; css=&#8220;.vc_custom_1683815019546{background-image: url(https:\/\/www.nftrasporti.com\/wp-content\/uploads\/2023\/05\/telonidefinitivi_3.png?id=660) !important;}&#8220; min_height=&#8220;330px&#8220;][vc_column][vc_column_text color=&#8220;#ffffff&#8220;] Warum Uns W\u00e4hlen? [\/vc_column_text][\/vc_column][\/vc_row][vc_row full_width=&#8220;stretch_row&#8220; equal_height=&#8220;yes&#8220; el_class=&#8220;margine150 margine_mobile100&#8243;][vc_column css_animation=&#8220;fadeInLeft&#8220; width=&#8220;5\/12&#8243; el_class=&#8220;bordo_dx_home&#8220;][vc_column_text css=&#8220;.vc_custom_1686559404486{margin-top: 30px !important;}&#8220;] Kompetentes Team [\/vc_column_text][vc_column_text css=&#8220;.vc_custom_1686559457014{margin-top: 30px !important;margin-right: 20px !important;}&#8220;]Ein kompetentes und eingespieltes Team, jung und hochspezialisiert, das mit Leidenschaft arbeitet. Wir wissen, wie man fortschrittlichste Methoden nutzt, die hochwertige Dienstleistungen garantieren, mit der&hellip;<\/p>\n","protected":false},"author":1,"featured_media":0,"parent":0,"menu_order":0,"comment_status":"closed","ping_status":"closed","template":"","meta":{"_acf_changed":false,"inline_featured_image":false,"footnotes":""},"class_list":["post-1859","page","type-page","status-publish","hentry","entry","no-media"],"acf":[],"yoast_head":"<!-- This site is optimized with the Yoast SEO plugin v25.4 - https:\/\/yoast.com\/wordpress\/plugins\/seo\/ -->\n<title>Warum Uns W\u00e4hlen? &#062; NF TRASPORTI<\/title>\n<meta name=\"robots\" content=\"index, follow, max-snippet:-1, max-image-preview:large, max-video-preview:-1\" \/>\n<link rel=\"canonical\" href=\"https:\/\/www.nftrasporti.com\/de\/perche-scegliere-noi\/\" \/>\n<meta property=\"og:locale\" content=\"de_DE\" \/>\n<meta property=\"og:type\" content=\"article\" \/>\n<meta property=\"og:title\" content=\"Warum Uns W\u00e4hlen? &#062; NF TRASPORTI\" \/>\n<meta property=\"og:description\" content=\"[vc_row css_animation=&#8220;fadeIn&#8220; full_width=&#8220;stretch_row&#8220; content_placement=&#8220;middle&#8220; css=&#8220;.vc_custom_1683815019546{background-image: url(https:\/\/www.nftrasporti.com\/wp-content\/uploads\/2023\/05\/telonidefinitivi_3.png?id=660) !important;}&#8220; min_height=&#8220;330px&#8220;][vc_column][vc_column_text color=&#8220;#ffffff&#8220;] Warum Uns W\u00e4hlen? [\/vc_column_text][\/vc_column][\/vc_row][vc_row full_width=&#8220;stretch_row&#8220; equal_height=&#8220;yes&#8220; el_class=&#8220;margine150 margine_mobile100&#8243;][vc_column css_animation=&#8220;fadeInLeft&#8220; width=&#8220;5\/12&#8243; el_class=&#8220;bordo_dx_home&#8220;][vc_column_text css=&#8220;.vc_custom_1686559404486{margin-top: 30px !important;}&#8220;] Kompetentes Team [\/vc_column_text][vc_column_text css=&#8220;.vc_custom_1686559457014{margin-top: 30px !important;margin-right: 20px !important;}&#8220;]Ein kompetentes und eingespieltes Team, jung und hochspezialisiert, das mit Leidenschaft arbeitet. Wir wissen, wie man fortschrittlichste Methoden nutzt, die hochwertige Dienstleistungen garantieren, mit der&hellip;\" \/>\n<meta property=\"og:url\" content=\"https:\/\/www.nftrasporti.com\/de\/perche-scegliere-noi\/\" \/>\n<meta property=\"og:site_name\" content=\"NF TRASPORTI\" \/>\n<meta property=\"article:modified_time\" content=\"2024-04-30T15:09:20+00:00\" \/>\n<meta name=\"twitter:card\" content=\"summary_large_image\" \/>\n<meta name=\"twitter:label1\" content=\"Gesch\u00e4tzte Lesezeit\" \/>\n\t<meta name=\"twitter:data1\" content=\"2\u00a0Minuten\" \/>\n<script type=\"application\/ld+json\" class=\"yoast-schema-graph\">{\"@context\":\"https:\/\/schema.org\",\"@graph\":[{\"@type\":\"WebPage\",\"@id\":\"https:\/\/www.nftrasporti.com\/de\/perche-scegliere-noi\/\",\"url\":\"https:\/\/www.nftrasporti.com\/de\/perche-scegliere-noi\/\",\"name\":\"Warum Uns W\u00e4hlen? &#062; NF TRASPORTI\",\"isPartOf\":{\"@id\":\"https:\/\/www.nftrasporti.com\/de\/#website\"},\"datePublished\":\"2023-04-26T10:45:16+00:00\",\"dateModified\":\"2024-04-30T15:09:20+00:00\",\"breadcrumb\":{\"@id\":\"https:\/\/www.nftrasporti.com\/de\/perche-scegliere-noi\/#breadcrumb\"},\"inLanguage\":\"de\",\"potentialAction\":[{\"@type\":\"ReadAction\",\"target\":[\"https:\/\/www.nftrasporti.com\/de\/perche-scegliere-noi\/\"]}]},{\"@type\":\"BreadcrumbList\",\"@id\":\"https:\/\/www.nftrasporti.com\/de\/perche-scegliere-noi\/#breadcrumb\",\"itemListElement\":[{\"@type\":\"ListItem\",\"position\":1,\"name\":\"Home\",\"item\":\"https:\/\/www.nftrasporti.com\/de\/\"},{\"@type\":\"ListItem\",\"position\":2,\"name\":\"Warum Uns W\u00e4hlen?\"}]},{\"@type\":\"WebSite\",\"@id\":\"https:\/\/www.nftrasporti.com\/de\/#website\",\"url\":\"https:\/\/www.nftrasporti.com\/de\/\",\"name\":\"https:\/\/www.nftrasporti.com\/\",\"description\":\"Servizio professionale, Rapido, Sicuro.\",\"publisher\":{\"@id\":\"https:\/\/www.nftrasporti.com\/de\/#organization\"},\"potentialAction\":[{\"@type\":\"SearchAction\",\"target\":{\"@type\":\"EntryPoint\",\"urlTemplate\":\"https:\/\/www.nftrasporti.com\/de\/?s={search_term_string}\"},\"query-input\":{\"@type\":\"PropertyValueSpecification\",\"valueRequired\":true,\"valueName\":\"search_term_string\"}}],\"inLanguage\":\"de\"},{\"@type\":\"Organization\",\"@id\":\"https:\/\/www.nftrasporti.com\/de\/#organization\",\"name\":\"NF Trasporti S.r.l.\",\"url\":\"https:\/\/www.nftrasporti.com\/de\/\",\"logo\":{\"@type\":\"ImageObject\",\"inLanguage\":\"de\",\"@id\":\"https:\/\/www.nftrasporti.com\/de\/#\/schema\/logo\/image\/\",\"url\":\"https:\/\/www.nftrasporti.com\/wp-content\/uploads\/2023\/04\/logo_NF_trasporti.png\",\"contentUrl\":\"https:\/\/www.nftrasporti.com\/wp-content\/uploads\/2023\/04\/logo_NF_trasporti.png\",\"width\":270,\"height\":360,\"caption\":\"NF Trasporti S.r.l.\"},\"image\":{\"@id\":\"https:\/\/www.nftrasporti.com\/de\/#\/schema\/logo\/image\/\"},\"sameAs\":[\"https:\/\/www.linkedin.com\/company\/nf-trasporti\/\"]}]}<\/script>\n<!-- \/ Yoast SEO plugin. -->","yoast_head_json":{"title":"Warum Uns W\u00e4hlen? &#062; NF TRASPORTI","robots":{"index":"index","follow":"follow","max-snippet":"max-snippet:-1","max-image-preview":"max-image-preview:large","max-video-preview":"max-video-preview:-1"},"canonical":"https:\/\/www.nftrasporti.com\/de\/perche-scegliere-noi\/","og_locale":"de_DE","og_type":"article","og_title":"Warum Uns W\u00e4hlen? &#062; NF TRASPORTI","og_description":"[vc_row css_animation=&#8220;fadeIn&#8220; full_width=&#8220;stretch_row&#8220; content_placement=&#8220;middle&#8220; css=&#8220;.vc_custom_1683815019546{background-image: url(https:\/\/www.nftrasporti.com\/wp-content\/uploads\/2023\/05\/telonidefinitivi_3.png?id=660) !important;}&#8220; min_height=&#8220;330px&#8220;][vc_column][vc_column_text color=&#8220;#ffffff&#8220;] Warum Uns W\u00e4hlen? [\/vc_column_text][\/vc_column][\/vc_row][vc_row full_width=&#8220;stretch_row&#8220; equal_height=&#8220;yes&#8220; el_class=&#8220;margine150 margine_mobile100&#8243;][vc_column css_animation=&#8220;fadeInLeft&#8220; width=&#8220;5\/12&#8243; el_class=&#8220;bordo_dx_home&#8220;][vc_column_text css=&#8220;.vc_custom_1686559404486{margin-top: 30px !important;}&#8220;] Kompetentes Team [\/vc_column_text][vc_column_text css=&#8220;.vc_custom_1686559457014{margin-top: 30px !important;margin-right: 20px !important;}&#8220;]Ein kompetentes und eingespieltes Team, jung und hochspezialisiert, das mit Leidenschaft arbeitet. Wir wissen, wie man fortschrittlichste Methoden nutzt, die hochwertige Dienstleistungen garantieren, mit der&hellip;","og_url":"https:\/\/www.nftrasporti.com\/de\/perche-scegliere-noi\/","og_site_name":"NF TRASPORTI","article_modified_time":"2024-04-30T15:09:20+00:00","twitter_card":"summary_large_image","twitter_misc":{"Gesch\u00e4tzte Lesezeit":"2\u00a0Minuten"},"schema":{"@context":"https:\/\/schema.org","@graph":[{"@type":"WebPage","@id":"https:\/\/www.nftrasporti.com\/de\/perche-scegliere-noi\/","url":"https:\/\/www.nftrasporti.com\/de\/perche-scegliere-noi\/","name":"Warum Uns W\u00e4hlen? &#062; NF TRASPORTI","isPartOf":{"@id":"https:\/\/www.nftrasporti.com\/de\/#website"},"datePublished":"2023-04-26T10:45:16+00:00","dateModified":"2024-04-30T15:09:20+00:00","breadcrumb":{"@id":"https:\/\/www.nftrasporti.com\/de\/perche-scegliere-noi\/#breadcrumb"},"inLanguage":"de","potentialAction":[{"@type":"ReadAction","target":["https:\/\/www.nftrasporti.com\/de\/perche-scegliere-noi\/"]}]},{"@type":"BreadcrumbList","@id":"https:\/\/www.nftrasporti.com\/de\/perche-scegliere-noi\/#breadcrumb","itemListElement":[{"@type":"ListItem","position":1,"name":"Home","item":"https:\/\/www.nftrasporti.com\/de\/"},{"@type":"ListItem","position":2,"name":"Warum Uns W\u00e4hlen?"}]},{"@type":"WebSite","@id":"https:\/\/www.nftrasporti.com\/de\/#website","url":"https:\/\/www.nftrasporti.com\/de\/","name":"https:\/\/www.nftrasporti.com\/","description":"Servizio professionale, Rapido, Sicuro.","publisher":{"@id":"https:\/\/www.nftrasporti.com\/de\/#organization"},"potentialAction":[{"@type":"SearchAction","target":{"@type":"EntryPoint","urlTemplate":"https:\/\/www.nftrasporti.com\/de\/?s={search_term_string}"},"query-input":{"@type":"PropertyValueSpecification","valueRequired":true,"valueName":"search_term_string"}}],"inLanguage":"de"},{"@type":"Organization","@id":"https:\/\/www.nftrasporti.com\/de\/#organization","name":"NF Trasporti S.r.l.","url":"https:\/\/www.nftrasporti.com\/de\/","logo":{"@type":"ImageObject","inLanguage":"de","@id":"https:\/\/www.nftrasporti.com\/de\/#\/schema\/logo\/image\/","url":"https:\/\/www.nftrasporti.com\/wp-content\/uploads\/2023\/04\/logo_NF_trasporti.png","contentUrl":"https:\/\/www.nftrasporti.com\/wp-content\/uploads\/2023\/04\/logo_NF_trasporti.png","width":270,"height":360,"caption":"NF Trasporti S.r.l."},"image":{"@id":"https:\/\/www.nftrasporti.com\/de\/#\/schema\/logo\/image\/"},"sameAs":["https:\/\/www.linkedin.com\/company\/nf-trasporti\/"]}]}},"_links":{"self":[{"href":"https:\/\/www.nftrasporti.com\/de\/wp-json\/wp\/v2\/pages\/1859","targetHints":{"allow":["GET"]}}],"collection":[{"href":"https:\/\/www.nftrasporti.com\/de\/wp-json\/wp\/v2\/pages"}],"about":[{"href":"https:\/\/www.nftrasporti.com\/de\/wp-json\/wp\/v2\/types\/page"}],"author":[{"embeddable":true,"href":"https:\/\/www.nftrasporti.com\/de\/wp-json\/wp\/v2\/users\/1"}],"replies":[{"embeddable":true,"href":"https:\/\/www.nftrasporti.com\/de\/wp-json\/wp\/v2\/comments?post=1859"}],"version-history":[{"count":3,"href":"https:\/\/www.nftrasporti.com\/de\/wp-json\/wp\/v2\/pages\/1859\/revisions"}],"predecessor-version":[{"id":2401,"href":"https:\/\/www.nftrasporti.com\/de\/wp-json\/wp\/v2\/pages\/1859\/revisions\/2401"}],"wp:attachment":[{"href":"https:\/\/www.nftrasporti.com\/de\/wp-json\/wp\/v2\/media?parent=1859"}],"curies":[{"name":"wp","href":"https:\/\/api.w.org\/{rel}","templated":true}]}}