{"id":2431,"date":"2024-06-14T14:14:53","date_gmt":"2024-06-14T12:14:53","guid":{"rendered":"https:\/\/www.nftrasporti.com\/?page_id=2431"},"modified":"2024-07-22T18:40:32","modified_gmt":"2024-07-22T16:40:32","slug":"informativa-clienti-deu","status":"publish","type":"page","link":"https:\/\/www.nftrasporti.com\/de\/informativa-clienti-deu\/","title":{"rendered":"INFORMATIVA CLIENTI DEU"},"content":{"rendered":"<p>INFORMATIONEN<\/p>\n<p>ARTEN. 13 UND 14 DER VERORDNUNG (EU) 2016\/679<\/p>\n<p>Betroffene Personen: Kunden<\/p>\n<p>Sehr geehrter Kunde,<\/p>\n<p>NF TRASPORTI S.r.l., in seiner Eigenschaft als Verantwortlicher f\u00fcr die Verarbeitung Ihrer personenbezogenen Daten gem\u00e4\u00df und im Sinne der Verordnung (EU) 2016\/679, im Folgenden \u2018GDPR\u2019, informiert Sie hiermit, dass die genannte Verordnung den Schutz der betroffenen Personen in Bezug auf die Verarbeitung personenbezogener Daten vorsieht und dass diese Verarbeitung nach den Grunds\u00e4tzen der Rechtm\u00e4\u00dfigkeit, Korrektheit, Transparenz und des Schutzes Ihrer Vertraulichkeit und Ihrer Rechte erfolgt.<\/p>\n<p>Um seine Ziele im Zusammenhang mit der Verwaltung des Verh\u00e4ltnisses zu erreichen, muss der Verantwortliche personenbezogene Daten wie Namen und Nachnamen, Telefonnummer oder Mobiltelefonnummer, Adresse, E-Mail-Adresse, Steuernummer\/USt-IdNr. und andere Daten oder Informationen \u00fcber die Art der angeforderten Leistung erheben, jedoch nur, wenn diese f\u00fcr die angegebenen Zwecke gem\u00e4\u00df dem Prinzip der \u201eDatenminimierung\u201c erforderlich sind.<\/p>\n<p>Ihre personenbezogenen Daten werden gem\u00e4\u00df den gesetzlichen Bestimmungen der oben genannten Verordnung und den darin vorgesehenen Vertraulichkeitspflichten verarbeitet.<\/p>\n<p>Zweck und Rechtsgrundlage der Verarbeitung: Insbesondere werden Ihre Daten f\u00fcr die folgenden Zwecke verarbeitet, die mit der Erf\u00fcllung von Verpflichtungen zusammenh\u00e4ngen:<\/p>\n<p>\u2022 Erf\u00fcllung steuerlicher und buchhalterischer Pflichten; Rechtsgrundlage: gesetzliche Verpflichtung;<br \/>\n\u2022 Verwaltung eventueller elektronischer Zahlungen; Rechtsgrundlage: gesetzliche Verpflichtung;<br \/>\n\u2022 Pflichten, die durch geltende Gesetze vorgeschrieben sind; Rechtsgrundlage: gesetzliche Verpflichtung;<\/p>\n<p>Folgen der Nichtbereitstellung: Die Verarbeitung der Daten ist erforderlich, um den Anforderungen des Kunden f\u00fcr die angegebenen Zwecke zu entsprechen. Eine Nichtbereitstellung oder falsche Bereitstellung einer der obligatorischen Informationen kann dazu f\u00fchren, dass der Verantwortliche die angeforderten Dienste nicht erbringen kann.<\/p>\n<p>Verarbeitungsmethoden: Die Verarbeitung erfolgt manuell und\/oder mit IT- und Telematik-Tools, um die Sicherheit, Integrit\u00e4t und Vertraulichkeit der Daten zu gew\u00e4hrleisten, und zwar unter Einhaltung der organisatorischen, physischen und logischen Ma\u00dfnahmen gem\u00e4\u00df den geltenden Bestimmungen, um die Risiken von Zerst\u00f6rung oder Verlust, unbefugtem Zugriff, \u00c4nderung und unbefugter Offenlegung zu minimieren, und zwar gem\u00e4\u00df den Modalit\u00e4ten der Art. 6 und 32 der DSGVO.<\/p>\n<p>Empf\u00e4nger: Zur Durchf\u00fchrung bestimmter Aktivit\u00e4ten oder zur Unterst\u00fctzung der Funktionsweise und Organisation der T\u00e4tigkeit k\u00f6nnen einige Daten an Empf\u00e4nger weitergegeben oder diesen zur Kenntnis gebracht werden. Diese Empf\u00e4nger lassen sich unterteilen in:<\/p>\n<p>\u2022 Dritte: (Weitergabe an: nat\u00fcrliche oder juristische Personen, \u00f6ffentliche Beh\u00f6rden, Dienststellen oder andere Stellen, die nicht die betroffene Person, der Verantwortliche, der Auftragsverarbeiter und die zur Datenverarbeitung befugten Personen sind) einschlie\u00dflich:<br \/>\n\u2022 Bankinstitute zur Verwaltung von Einzahlungen und Zahlungen;<br \/>\n\u2022 Unternehmen, die traditionelle oder IT-gest\u00fctzte Postdienste verwalten (falls erforderlich f\u00fcr die angegebenen Zwecke);<br \/>\n\u2022 Berater und Freiberufler, auch in assoziierter Form, im rechtlichen Bereich usw., als unabh\u00e4ngige Verantwortliche;<br \/>\n\u2022 Subjekte\/Einrichtungen aufgrund gesetzlicher Verpflichtungen, denen die Befugnis einger\u00e4umt ist, auf Ihre Daten zuzugreifen;<br \/>\n\u2022 Auftragsverarbeiter: (nat\u00fcrliche oder juristische Person, \u00f6ffentliche Beh\u00f6rde, Dienststelle oder andere Stelle, die personenbezogene Daten im Auftrag des Verantwortlichen verarbeitet)<br \/>\n\u2022 Unternehmen und andere Subjekte, Berater und Freiberufler, denen Mandate zur Verwaltung zwingender steuerlicher, administrativer, buchhalterischer Verpflichtungen im Bereich der rechtlichen Beratung usw. erteilt wurden;<br \/>\n\u2022 Eventuelle Anbieter von IT-Dienstleistungen, Webdiensten oder anderen Dienstleistungen, die f\u00fcr die Erreichung der notwendigen Ziele zur Verwaltung des Verh\u00e4ltnisses erforderlich sind.<\/p>\n<p>Innerhalb der Unternehmensstruktur: Ihre Daten werden ausschlie\u00dflich von vom Verantwortlichen ausdr\u00fccklich autorisiertem Personal unter Zusicherung der Einhaltung einer Vertraulichkeitsvereinbarung und insbesondere von den folgenden Kategorien von Mitarbeitern verarbeitet:<\/p>\n<p>\u2022 Verwaltung;<br \/>\n\u2022 Sekretariat;<\/p>\n<p>Verbreitung: Ihre personenbezogenen Daten werden in keiner Weise verbreitet.<\/p>\n<p>Daten\u00fcbermittlung in Drittl\u00e4nder: Der Verantwortliche \u00fcbermittelt keine personenbezogenen Daten in Nicht-EU-L\u00e4nder. Sollte dies erforderlich sein, werden die betroffenen Personen im Voraus informiert und es werden Garantien f\u00fcr die \u00dcbermittlung an die Empf\u00e4nger eingef\u00fchrt, die je nach Fall Folgendes umfassen k\u00f6nnen: \u00dcberpr\u00fcfung des Bestehens von Angemessenheitsentscheidungen f\u00fcr das Empf\u00e4ngerland durch die Kommission, Unterzeichnung von Standardvertragsklauseln, \u00dcberpr\u00fcfung der Annahme zus\u00e4tzlicher Ma\u00dfnahmen gem\u00e4\u00df der Empfehlung 01\/2020 EDPB. Abweichend von diesen Garantien wird im Falle von Datenverarbeitungen (gem\u00e4\u00df Art. 49 DSGVO), wenn anwendbar, das Bestehen eines Vertrags oder vorvertraglicher Ma\u00dfnahmen zugunsten der betroffenen Person oder die Einwilligung zur \u00dcbermittlung \u00fcberpr\u00fcft.<\/p>\n<p>Aufbewahrungsfrist: Wir weisen Sie darauf hin, dass die Aufbewahrungsfrist Ihrer personenbezogenen Daten gem\u00e4\u00df den Grunds\u00e4tzen der Rechtm\u00e4\u00dfigkeit, Zweckbindung und Datenminimierung gem\u00e4\u00df Art. 5 der DSGVO festgelegt ist und die Dauer der Verarbeitung nicht l\u00e4nger ist als die Zeit, die erforderlich ist, um die Zwecke zu erreichen, f\u00fcr die die Daten erhoben und verarbeitet werden. Sollte ein Vertrag oder eine m\u00fcndliche Leistungsvereinbarung vorliegen, kann diese Aufbewahrungsfrist mit Ablauf oder K\u00fcndigung des Vertrags enden; die Daten k\u00f6nnen gegebenenfalls f\u00fcr eine l\u00e4ngere Dauer zur Verwaltung etwaiger Rechtsstreitigkeiten aufbewahrt werden. Die Rechtsgrundlage f\u00fcr diese Aufbewahrung ist das berechtigte Interesse des Verantwortlichen. Die Aufbewahrungsfrist f\u00fcr Datenverarbeitungen im Zusammenhang mit Marketingzwecken entspricht den verfolgten Zwecken des Verantwortlichen und betr\u00e4gt in jedem Fall nicht mehr als 3 Jahre nach dem letzten Kontakt oder Feedback.<\/p>\n<p>Verantwortlicher f\u00fcr die Verarbeitung: Der Verantwortliche f\u00fcr die Datenverarbeitung gem\u00e4\u00df der Verordnung ist NF TRASPORTI Srl mit Sitz in Via Emilia 4010, 47020 \u2013 Longiano (FC) \u2013 IT, USt-IdNr.: 04257640401, vertreten durch seinen gesetzlichen Vertreter pro tempore.<\/p>\n<p>Durch Senden einer E-Mail an folgende Adresse: info@nftrasporti.com k\u00f6nnen Sie weitere Informationen zu den bereitgestellten Daten anfordern.<\/p>\n<p>Reg. (EU) 2016\/679: Artt. 15 16 17 18 19 20 21 22 23 &#8211; Rechte der betroffenen Person<\/p>\n<p>1. Die betroffene Person hat das Recht, eine Best\u00e4tigung dar\u00fcber zu erhalten, ob personenbezogene Daten, die sie betreffen, verarbeitet werden, auch wenn diese noch nicht gespeichert sind, und deren Mitteilung in verst\u00e4ndlicher Form.<br \/>\n2. Die betroffene Person hat das Recht, Auskunft \u00fcber Folgendes zu erhalten:<br \/>\n\u2022 die Herkunft der personenbezogenen Daten;<br \/>\n\u2022 die Zwecke und Methoden der Verarbeitung;<br \/>\n\u2022 die Logik, die im Falle einer Verarbeitung mit Hilfe elektronischer Mittel angewendet wird;<br \/>\n\u2022 die Identifikationsdaten des Verantwortlichen, der Auftragsverarbeiter und des ggf. benannten Vertreters gem\u00e4\u00df Art. 5 Abs. 2;<br \/>\n\u2022 die Empf\u00e4nger oder Kategorien von Empf\u00e4ngern, denen die personenbezogenen Daten mitgeteilt werden k\u00f6nnen oder die als benannter Vertreter im Staatsgebiet, als Auftragsverarbeiter oder als beauftragte Personen davon Kenntnis erlangen k\u00f6nnen.<br \/>\n3. Die betroffene Person hat das Recht, Folgendes zu erhalten:<br \/>\n\u2022 die Aktualisierung, Berichtigung oder, sofern interessiert, die Erg\u00e4nzung der Daten;<br \/>\n\u2022 die L\u00f6schung, Anonymisierung oder Sperrung der rechtswidrig verarbeiteten Daten, einschlie\u00dflich der Daten, deren Aufbewahrung f\u00fcr die Zwecke, f\u00fcr die die Daten erhoben oder sp\u00e4ter verarbeitet wurden, nicht erforderlich ist;<br \/>\n\u2022 die Bescheinigung, dass die unter den Buchstaben a) und b) genannten Vorg\u00e4nge, auch was ihren Inhalt betrifft, denjenigen mitgeteilt wurden, denen die Daten mitgeteilt oder verbreitet wurden, es sei denn, dies erweist sich als unm\u00f6glich oder ist mit einem Aufwand verbunden, der in keinem Verh\u00e4ltnis zum gesch\u00fctzten Recht steht;<br \/>\n\u2022 die Daten\u00fcbertragbarkeit.<br \/>\n4. Die betroffene Person hat das Recht, sich ganz oder teilweise:<br \/>\n\u2022 aus legitimen Gr\u00fcnden der Verarbeitung der sie betreffenden personenbezogenen Daten zu widersetzen, auch wenn diese dem Zweck der Erhebung entsprechen;<br \/>\n\u2022 der Verarbeitung der sie betreffenden personenbezogenen Daten zu Zwecken des Versands von Werbematerial oder des Direktverkaufs oder zur Durchf\u00fchrung von Marktforschungen oder kommerziellen Mitteilungen zu widersprechen.<\/p>\n<p>Beschwerde: Betroffene Personen haben unter den entsprechenden Voraussetzungen auch das Recht, eine Beschwerde bei der Datenschutzbeh\u00f6rde gem\u00e4\u00df den vorgesehenen Verfahren einzureichen. F\u00fcr weitere Informationen und zur Geltendmachung Ihrer Rechte gem\u00e4\u00df der europ\u00e4ischen Verordnung k\u00f6nnen Sie sich an den Verantwortlichen f\u00fcr die Verarbeitung unter den oben angegebenen Kontaktdaten wenden.<\/p>\n<p>NF TRASPORTI S.r.l.<br \/>\nVia Emilia 4010 &#8211; 47020 \u2013 Longiano (FC)<br \/>\n**USt-IdNr.: 04257640401**<\/p>\n","protected":false},"excerpt":{"rendered":"<p>INFORMATIONEN ARTEN. 13 UND 14 DER VERORDNUNG (EU) 2016\/679 Betroffene Personen: Kunden Sehr geehrter Kunde, NF TRASPORTI S.r.l., in seiner Eigenschaft als Verantwortlicher f\u00fcr die Verarbeitung Ihrer personenbezogenen Daten gem\u00e4\u00df und im Sinne der Verordnung (EU) 2016\/679, im Folgenden \u2018GDPR\u2019, informiert Sie hiermit, dass die genannte Verordnung den Schutz der betroffenen Personen in Bezug auf&hellip;<\/p>\n","protected":false},"author":1,"featured_media":0,"parent":0,"menu_order":0,"comment_status":"closed","ping_status":"open","template":"","meta":{"_acf_changed":false,"inline_featured_image":false,"footnotes":""},"class_list":["post-2431","page","type-page","status-publish","hentry","entry","no-media"],"acf":[],"yoast_head":"<!-- This site is optimized with the Yoast SEO plugin v25.4 - https:\/\/yoast.com\/wordpress\/plugins\/seo\/ -->\n<title>INFORMATIVA CLIENTI DEU &#062; NF TRASPORTI<\/title>\n<meta name=\"robots\" content=\"index, follow, max-snippet:-1, max-image-preview:large, max-video-preview:-1\" \/>\n<link rel=\"canonical\" href=\"https:\/\/www.nftrasporti.com\/de\/informativa-clienti-deu\/\" \/>\n<meta property=\"og:locale\" content=\"de_DE\" \/>\n<meta property=\"og:type\" content=\"article\" \/>\n<meta property=\"og:title\" content=\"INFORMATIVA CLIENTI DEU &#062; NF TRASPORTI\" \/>\n<meta property=\"og:description\" content=\"INFORMATIONEN ARTEN. 13 UND 14 DER VERORDNUNG (EU) 2016\/679 Betroffene Personen: Kunden Sehr geehrter Kunde, NF TRASPORTI S.r.l., in seiner Eigenschaft als Verantwortlicher f\u00fcr die Verarbeitung Ihrer personenbezogenen Daten gem\u00e4\u00df und im Sinne der Verordnung (EU) 2016\/679, im Folgenden \u2018GDPR\u2019, informiert Sie hiermit, dass die genannte Verordnung den Schutz der betroffenen Personen in Bezug auf&hellip;\" \/>\n<meta property=\"og:url\" content=\"https:\/\/www.nftrasporti.com\/de\/informativa-clienti-deu\/\" \/>\n<meta property=\"og:site_name\" content=\"NF TRASPORTI\" \/>\n<meta property=\"article:modified_time\" content=\"2024-07-22T16:40:32+00:00\" \/>\n<meta name=\"twitter:card\" content=\"summary_large_image\" \/>\n<meta name=\"twitter:label1\" content=\"Gesch\u00e4tzte Lesezeit\" \/>\n\t<meta name=\"twitter:data1\" content=\"7\u00a0Minuten\" \/>\n<script type=\"application\/ld+json\" class=\"yoast-schema-graph\">{\"@context\":\"https:\/\/schema.org\",\"@graph\":[{\"@type\":\"WebPage\",\"@id\":\"https:\/\/www.nftrasporti.com\/de\/informativa-clienti-deu\/\",\"url\":\"https:\/\/www.nftrasporti.com\/de\/informativa-clienti-deu\/\",\"name\":\"INFORMATIVA CLIENTI DEU &#062; NF TRASPORTI\",\"isPartOf\":{\"@id\":\"https:\/\/www.nftrasporti.com\/de\/#website\"},\"datePublished\":\"2024-06-14T12:14:53+00:00\",\"dateModified\":\"2024-07-22T16:40:32+00:00\",\"breadcrumb\":{\"@id\":\"https:\/\/www.nftrasporti.com\/de\/informativa-clienti-deu\/#breadcrumb\"},\"inLanguage\":\"de\",\"potentialAction\":[{\"@type\":\"ReadAction\",\"target\":[\"https:\/\/www.nftrasporti.com\/de\/informativa-clienti-deu\/\"]}]},{\"@type\":\"BreadcrumbList\",\"@id\":\"https:\/\/www.nftrasporti.com\/de\/informativa-clienti-deu\/#breadcrumb\",\"itemListElement\":[{\"@type\":\"ListItem\",\"position\":1,\"name\":\"Home\",\"item\":\"https:\/\/www.nftrasporti.com\/de\/\"},{\"@type\":\"ListItem\",\"position\":2,\"name\":\"INFORMATIVA CLIENTI DEU\"}]},{\"@type\":\"WebSite\",\"@id\":\"https:\/\/www.nftrasporti.com\/de\/#website\",\"url\":\"https:\/\/www.nftrasporti.com\/de\/\",\"name\":\"https:\/\/www.nftrasporti.com\/\",\"description\":\"Servizio professionale, Rapido, Sicuro.\",\"publisher\":{\"@id\":\"https:\/\/www.nftrasporti.com\/de\/#organization\"},\"potentialAction\":[{\"@type\":\"SearchAction\",\"target\":{\"@type\":\"EntryPoint\",\"urlTemplate\":\"https:\/\/www.nftrasporti.com\/de\/?s={search_term_string}\"},\"query-input\":{\"@type\":\"PropertyValueSpecification\",\"valueRequired\":true,\"valueName\":\"search_term_string\"}}],\"inLanguage\":\"de\"},{\"@type\":\"Organization\",\"@id\":\"https:\/\/www.nftrasporti.com\/de\/#organization\",\"name\":\"NF Trasporti S.r.l.\",\"url\":\"https:\/\/www.nftrasporti.com\/de\/\",\"logo\":{\"@type\":\"ImageObject\",\"inLanguage\":\"de\",\"@id\":\"https:\/\/www.nftrasporti.com\/de\/#\/schema\/logo\/image\/\",\"url\":\"https:\/\/www.nftrasporti.com\/wp-content\/uploads\/2023\/04\/logo_NF_trasporti.png\",\"contentUrl\":\"https:\/\/www.nftrasporti.com\/wp-content\/uploads\/2023\/04\/logo_NF_trasporti.png\",\"width\":270,\"height\":360,\"caption\":\"NF Trasporti S.r.l.\"},\"image\":{\"@id\":\"https:\/\/www.nftrasporti.com\/de\/#\/schema\/logo\/image\/\"},\"sameAs\":[\"https:\/\/www.linkedin.com\/company\/nf-trasporti\/\"]}]}<\/script>\n<!-- \/ Yoast SEO plugin. -->","yoast_head_json":{"title":"INFORMATIVA CLIENTI DEU &#062; NF TRASPORTI","robots":{"index":"index","follow":"follow","max-snippet":"max-snippet:-1","max-image-preview":"max-image-preview:large","max-video-preview":"max-video-preview:-1"},"canonical":"https:\/\/www.nftrasporti.com\/de\/informativa-clienti-deu\/","og_locale":"de_DE","og_type":"article","og_title":"INFORMATIVA CLIENTI DEU &#062; NF TRASPORTI","og_description":"INFORMATIONEN ARTEN. 13 UND 14 DER VERORDNUNG (EU) 2016\/679 Betroffene Personen: Kunden Sehr geehrter Kunde, NF TRASPORTI S.r.l., in seiner Eigenschaft als Verantwortlicher f\u00fcr die Verarbeitung Ihrer personenbezogenen Daten gem\u00e4\u00df und im Sinne der Verordnung (EU) 2016\/679, im Folgenden \u2018GDPR\u2019, informiert Sie hiermit, dass die genannte Verordnung den Schutz der betroffenen Personen in Bezug auf&hellip;","og_url":"https:\/\/www.nftrasporti.com\/de\/informativa-clienti-deu\/","og_site_name":"NF TRASPORTI","article_modified_time":"2024-07-22T16:40:32+00:00","twitter_card":"summary_large_image","twitter_misc":{"Gesch\u00e4tzte Lesezeit":"7\u00a0Minuten"},"schema":{"@context":"https:\/\/schema.org","@graph":[{"@type":"WebPage","@id":"https:\/\/www.nftrasporti.com\/de\/informativa-clienti-deu\/","url":"https:\/\/www.nftrasporti.com\/de\/informativa-clienti-deu\/","name":"INFORMATIVA CLIENTI DEU &#062; NF TRASPORTI","isPartOf":{"@id":"https:\/\/www.nftrasporti.com\/de\/#website"},"datePublished":"2024-06-14T12:14:53+00:00","dateModified":"2024-07-22T16:40:32+00:00","breadcrumb":{"@id":"https:\/\/www.nftrasporti.com\/de\/informativa-clienti-deu\/#breadcrumb"},"inLanguage":"de","potentialAction":[{"@type":"ReadAction","target":["https:\/\/www.nftrasporti.com\/de\/informativa-clienti-deu\/"]}]},{"@type":"BreadcrumbList","@id":"https:\/\/www.nftrasporti.com\/de\/informativa-clienti-deu\/#breadcrumb","itemListElement":[{"@type":"ListItem","position":1,"name":"Home","item":"https:\/\/www.nftrasporti.com\/de\/"},{"@type":"ListItem","position":2,"name":"INFORMATIVA CLIENTI DEU"}]},{"@type":"WebSite","@id":"https:\/\/www.nftrasporti.com\/de\/#website","url":"https:\/\/www.nftrasporti.com\/de\/","name":"https:\/\/www.nftrasporti.com\/","description":"Servizio professionale, Rapido, Sicuro.","publisher":{"@id":"https:\/\/www.nftrasporti.com\/de\/#organization"},"potentialAction":[{"@type":"SearchAction","target":{"@type":"EntryPoint","urlTemplate":"https:\/\/www.nftrasporti.com\/de\/?s={search_term_string}"},"query-input":{"@type":"PropertyValueSpecification","valueRequired":true,"valueName":"search_term_string"}}],"inLanguage":"de"},{"@type":"Organization","@id":"https:\/\/www.nftrasporti.com\/de\/#organization","name":"NF Trasporti S.r.l.","url":"https:\/\/www.nftrasporti.com\/de\/","logo":{"@type":"ImageObject","inLanguage":"de","@id":"https:\/\/www.nftrasporti.com\/de\/#\/schema\/logo\/image\/","url":"https:\/\/www.nftrasporti.com\/wp-content\/uploads\/2023\/04\/logo_NF_trasporti.png","contentUrl":"https:\/\/www.nftrasporti.com\/wp-content\/uploads\/2023\/04\/logo_NF_trasporti.png","width":270,"height":360,"caption":"NF Trasporti S.r.l."},"image":{"@id":"https:\/\/www.nftrasporti.com\/de\/#\/schema\/logo\/image\/"},"sameAs":["https:\/\/www.linkedin.com\/company\/nf-trasporti\/"]}]}},"_links":{"self":[{"href":"https:\/\/www.nftrasporti.com\/de\/wp-json\/wp\/v2\/pages\/2431","targetHints":{"allow":["GET"]}}],"collection":[{"href":"https:\/\/www.nftrasporti.com\/de\/wp-json\/wp\/v2\/pages"}],"about":[{"href":"https:\/\/www.nftrasporti.com\/de\/wp-json\/wp\/v2\/types\/page"}],"author":[{"embeddable":true,"href":"https:\/\/www.nftrasporti.com\/de\/wp-json\/wp\/v2\/users\/1"}],"replies":[{"embeddable":true,"href":"https:\/\/www.nftrasporti.com\/de\/wp-json\/wp\/v2\/comments?post=2431"}],"version-history":[{"count":5,"href":"https:\/\/www.nftrasporti.com\/de\/wp-json\/wp\/v2\/pages\/2431\/revisions"}],"predecessor-version":[{"id":2558,"href":"https:\/\/www.nftrasporti.com\/de\/wp-json\/wp\/v2\/pages\/2431\/revisions\/2558"}],"wp:attachment":[{"href":"https:\/\/www.nftrasporti.com\/de\/wp-json\/wp\/v2\/media?parent=2431"}],"curies":[{"name":"wp","href":"https:\/\/api.w.org\/{rel}","templated":true}]}}