{"id":2757,"date":"2025-02-05T17:02:32","date_gmt":"2025-02-05T16:02:32","guid":{"rendered":"https:\/\/www.nftrasporti.com\/?page_id=2757"},"modified":"2025-02-06T16:59:36","modified_gmt":"2025-02-06T15:59:36","slug":"kundendienstzentrum","status":"publish","type":"page","link":"https:\/\/www.nftrasporti.com\/de\/kundendienstzentrum\/","title":{"rendered":"Kundendienstzentrum"},"content":{"rendered":"<div class=\"wpb-content-wrapper\">[vc_row][vc_column]<div class=\"vcex-spacing wpex-w-100 wpex-clear\" style=\"height:70px;\"><\/div>[\/vc_column][\/vc_row][vc_row][vc_column][vc_single_image image=&#8220;2744&#8243;][\/vc_column][\/vc_row][vc_row][vc_column][vc_empty_space][\/vc_column][\/vc_row][vc_row][vc_column][vc_column_text]\n<h3>Kundendienstzentrum<\/h3>\n[\/vc_column_text][vc_empty_space][vc_column_text]Unser <strong>Kundendienstzentrum<\/strong> wurde entwickelt, um alle Anfragen zur Unterst\u00fctzung bei angeblichen Sch\u00e4den effizient und professionell zu bearbeiten.<\/p>\n<p>Das Kundendienstzentrum ist zust\u00e4ndig f\u00fcr:<\/p>\n<ul>\n<li>Bearbeitung von Schadensmeldungen<\/li>\n<li>Engagierter Kundenservice<\/li>\n<li>Unterst\u00fctzung im Schadensmeldeverfahren<\/li>\n<li>Verwaltung operativer R\u00fcckmeldungen<\/li>\n<\/ul>\n[\/vc_column_text][\/vc_column][\/vc_row][vc_row][vc_column][vc_empty_space][\/vc_column][\/vc_row][vc_row][vc_column][vc_column_text]\n<h3>Kontakt<\/h3>\n[\/vc_column_text][vc_empty_space][vc_column_text]Email: <a href=\"mailto:centroassistenzaerelazioni@nftrasporti.com\">centroassistenzaerelazioni@nftrasporti.com<\/a>[\/vc_column_text][\/vc_column][\/vc_row][vc_row][vc_column][vc_empty_space][\/vc_column][\/vc_row][vc_row][vc_column][vc_column_text]\n<h3>Unser Engagement<\/h3>\n[\/vc_column_text][vc_empty_space][vc_column_text]Wir verpflichten uns, einen effizienten und professionellen Support zu bieten und eine zeitnahe sowie transparente Bearbeitung jeder Anfrage sicherzustellen. Unser Team steht den Kunden in jeder Phase des Schadenmanagementprozesses zur Verf\u00fcgung.[\/vc_column_text][\/vc_column][\/vc_row][vc_row][vc_column][vc_empty_space][\/vc_column][\/vc_row]\n<\/div>","protected":false},"excerpt":{"rendered":"<p>[vc_row][vc_column][\/vc_column][\/vc_row][vc_row][vc_column][vc_single_image image=&#8220;2744&#8243;][\/vc_column][\/vc_row][vc_row][vc_column][vc_empty_space][\/vc_column][\/vc_row][vc_row][vc_column][vc_column_text] Kundendienstzentrum [\/vc_column_text][vc_empty_space][vc_column_text]Unser Kundendienstzentrum wurde entwickelt, um alle Anfragen zur Unterst\u00fctzung bei angeblichen Sch\u00e4den effizient und professionell zu bearbeiten. Das Kundendienstzentrum ist zust\u00e4ndig f\u00fcr: Bearbeitung von Schadensmeldungen Engagierter Kundenservice Unterst\u00fctzung im Schadensmeldeverfahren Verwaltung operativer R\u00fcckmeldungen [\/vc_column_text][\/vc_column][\/vc_row][vc_row][vc_column][vc_empty_space][\/vc_column][\/vc_row][vc_row][vc_column][vc_column_text] Kontakt [\/vc_column_text][vc_empty_space][vc_column_text]Email: centroassistenzaerelazioni@nftrasporti.com[\/vc_column_text][\/vc_column][\/vc_row][vc_row][vc_column][vc_empty_space][\/vc_column][\/vc_row][vc_row][vc_column][vc_column_text] Unser Engagement [\/vc_column_text][vc_empty_space][vc_column_text]Wir verpflichten uns, einen effizienten und professionellen Support zu bieten und eine zeitnahe&hellip;<\/p>\n","protected":false},"author":5,"featured_media":0,"parent":0,"menu_order":0,"comment_status":"closed","ping_status":"closed","template":"","meta":{"_acf_changed":false,"inline_featured_image":false,"footnotes":""},"class_list":["post-2757","page","type-page","status-publish","hentry","entry","no-media"],"acf":[],"yoast_head":"<!-- This site is optimized with the Yoast SEO plugin v25.4 - https:\/\/yoast.com\/wordpress\/plugins\/seo\/ -->\n<title>Kundendienstzentrum &#062; NF TRASPORTI<\/title>\n<meta name=\"description\" content=\"Wir verpflichten uns, einen effizienten und professionellen Support zu bieten und eine zeitnahe sowie transparente Bearbeitung jeder Anfrage sicherzustellen\" \/>\n<meta name=\"robots\" content=\"index, follow, max-snippet:-1, max-image-preview:large, max-video-preview:-1\" \/>\n<link rel=\"canonical\" href=\"https:\/\/www.nftrasporti.com\/de\/kundendienstzentrum\/\" \/>\n<meta property=\"og:locale\" content=\"de_DE\" \/>\n<meta property=\"og:type\" content=\"article\" \/>\n<meta property=\"og:title\" content=\"Kundendienstzentrum &#062; NF TRASPORTI\" \/>\n<meta property=\"og:description\" content=\"Wir verpflichten uns, einen effizienten und professionellen Support zu bieten und eine zeitnahe sowie transparente Bearbeitung jeder Anfrage sicherzustellen\" \/>\n<meta property=\"og:url\" content=\"https:\/\/www.nftrasporti.com\/de\/kundendienstzentrum\/\" \/>\n<meta property=\"og:site_name\" content=\"NF TRASPORTI\" \/>\n<meta property=\"article:modified_time\" content=\"2025-02-06T15:59:36+00:00\" \/>\n<meta name=\"twitter:card\" content=\"summary_large_image\" \/>\n<meta name=\"twitter:label1\" content=\"Gesch\u00e4tzte Lesezeit\" \/>\n\t<meta name=\"twitter:data1\" content=\"1\u00a0Minute\" \/>\n<script type=\"application\/ld+json\" class=\"yoast-schema-graph\">{\"@context\":\"https:\/\/schema.org\",\"@graph\":[{\"@type\":\"WebPage\",\"@id\":\"https:\/\/www.nftrasporti.com\/de\/kundendienstzentrum\/\",\"url\":\"https:\/\/www.nftrasporti.com\/de\/kundendienstzentrum\/\",\"name\":\"Kundendienstzentrum &#062; NF TRASPORTI\",\"isPartOf\":{\"@id\":\"https:\/\/www.nftrasporti.com\/de\/#website\"},\"datePublished\":\"2025-02-05T16:02:32+00:00\",\"dateModified\":\"2025-02-06T15:59:36+00:00\",\"description\":\"Wir verpflichten uns, einen effizienten und professionellen Support zu bieten und eine zeitnahe sowie transparente Bearbeitung jeder Anfrage sicherzustellen\",\"breadcrumb\":{\"@id\":\"https:\/\/www.nftrasporti.com\/de\/kundendienstzentrum\/#breadcrumb\"},\"inLanguage\":\"de\",\"potentialAction\":[{\"@type\":\"ReadAction\",\"target\":[\"https:\/\/www.nftrasporti.com\/de\/kundendienstzentrum\/\"]}]},{\"@type\":\"BreadcrumbList\",\"@id\":\"https:\/\/www.nftrasporti.com\/de\/kundendienstzentrum\/#breadcrumb\",\"itemListElement\":[{\"@type\":\"ListItem\",\"position\":1,\"name\":\"Home\",\"item\":\"https:\/\/www.nftrasporti.com\/de\/\"},{\"@type\":\"ListItem\",\"position\":2,\"name\":\"Kundendienstzentrum\"}]},{\"@type\":\"WebSite\",\"@id\":\"https:\/\/www.nftrasporti.com\/de\/#website\",\"url\":\"https:\/\/www.nftrasporti.com\/de\/\",\"name\":\"https:\/\/www.nftrasporti.com\/\",\"description\":\"Servizio professionale, Rapido, Sicuro.\",\"publisher\":{\"@id\":\"https:\/\/www.nftrasporti.com\/de\/#organization\"},\"potentialAction\":[{\"@type\":\"SearchAction\",\"target\":{\"@type\":\"EntryPoint\",\"urlTemplate\":\"https:\/\/www.nftrasporti.com\/de\/?s={search_term_string}\"},\"query-input\":{\"@type\":\"PropertyValueSpecification\",\"valueRequired\":true,\"valueName\":\"search_term_string\"}}],\"inLanguage\":\"de\"},{\"@type\":\"Organization\",\"@id\":\"https:\/\/www.nftrasporti.com\/de\/#organization\",\"name\":\"NF Trasporti S.r.l.\",\"url\":\"https:\/\/www.nftrasporti.com\/de\/\",\"logo\":{\"@type\":\"ImageObject\",\"inLanguage\":\"de\",\"@id\":\"https:\/\/www.nftrasporti.com\/de\/#\/schema\/logo\/image\/\",\"url\":\"https:\/\/www.nftrasporti.com\/wp-content\/uploads\/2023\/04\/logo_NF_trasporti.png\",\"contentUrl\":\"https:\/\/www.nftrasporti.com\/wp-content\/uploads\/2023\/04\/logo_NF_trasporti.png\",\"width\":270,\"height\":360,\"caption\":\"NF Trasporti S.r.l.\"},\"image\":{\"@id\":\"https:\/\/www.nftrasporti.com\/de\/#\/schema\/logo\/image\/\"},\"sameAs\":[\"https:\/\/www.linkedin.com\/company\/nf-trasporti\/\"]}]}<\/script>\n<!-- \/ Yoast SEO plugin. -->","yoast_head_json":{"title":"Kundendienstzentrum &#062; NF TRASPORTI","description":"Wir verpflichten uns, einen effizienten und professionellen Support zu bieten und eine zeitnahe sowie transparente Bearbeitung jeder Anfrage sicherzustellen","robots":{"index":"index","follow":"follow","max-snippet":"max-snippet:-1","max-image-preview":"max-image-preview:large","max-video-preview":"max-video-preview:-1"},"canonical":"https:\/\/www.nftrasporti.com\/de\/kundendienstzentrum\/","og_locale":"de_DE","og_type":"article","og_title":"Kundendienstzentrum &#062; NF TRASPORTI","og_description":"Wir verpflichten uns, einen effizienten und professionellen Support zu bieten und eine zeitnahe sowie transparente Bearbeitung jeder Anfrage sicherzustellen","og_url":"https:\/\/www.nftrasporti.com\/de\/kundendienstzentrum\/","og_site_name":"NF TRASPORTI","article_modified_time":"2025-02-06T15:59:36+00:00","twitter_card":"summary_large_image","twitter_misc":{"Gesch\u00e4tzte Lesezeit":"1\u00a0Minute"},"schema":{"@context":"https:\/\/schema.org","@graph":[{"@type":"WebPage","@id":"https:\/\/www.nftrasporti.com\/de\/kundendienstzentrum\/","url":"https:\/\/www.nftrasporti.com\/de\/kundendienstzentrum\/","name":"Kundendienstzentrum &#062; NF TRASPORTI","isPartOf":{"@id":"https:\/\/www.nftrasporti.com\/de\/#website"},"datePublished":"2025-02-05T16:02:32+00:00","dateModified":"2025-02-06T15:59:36+00:00","description":"Wir verpflichten uns, einen effizienten und professionellen Support zu bieten und eine zeitnahe sowie transparente Bearbeitung jeder Anfrage sicherzustellen","breadcrumb":{"@id":"https:\/\/www.nftrasporti.com\/de\/kundendienstzentrum\/#breadcrumb"},"inLanguage":"de","potentialAction":[{"@type":"ReadAction","target":["https:\/\/www.nftrasporti.com\/de\/kundendienstzentrum\/"]}]},{"@type":"BreadcrumbList","@id":"https:\/\/www.nftrasporti.com\/de\/kundendienstzentrum\/#breadcrumb","itemListElement":[{"@type":"ListItem","position":1,"name":"Home","item":"https:\/\/www.nftrasporti.com\/de\/"},{"@type":"ListItem","position":2,"name":"Kundendienstzentrum"}]},{"@type":"WebSite","@id":"https:\/\/www.nftrasporti.com\/de\/#website","url":"https:\/\/www.nftrasporti.com\/de\/","name":"https:\/\/www.nftrasporti.com\/","description":"Servizio professionale, Rapido, Sicuro.","publisher":{"@id":"https:\/\/www.nftrasporti.com\/de\/#organization"},"potentialAction":[{"@type":"SearchAction","target":{"@type":"EntryPoint","urlTemplate":"https:\/\/www.nftrasporti.com\/de\/?s={search_term_string}"},"query-input":{"@type":"PropertyValueSpecification","valueRequired":true,"valueName":"search_term_string"}}],"inLanguage":"de"},{"@type":"Organization","@id":"https:\/\/www.nftrasporti.com\/de\/#organization","name":"NF Trasporti S.r.l.","url":"https:\/\/www.nftrasporti.com\/de\/","logo":{"@type":"ImageObject","inLanguage":"de","@id":"https:\/\/www.nftrasporti.com\/de\/#\/schema\/logo\/image\/","url":"https:\/\/www.nftrasporti.com\/wp-content\/uploads\/2023\/04\/logo_NF_trasporti.png","contentUrl":"https:\/\/www.nftrasporti.com\/wp-content\/uploads\/2023\/04\/logo_NF_trasporti.png","width":270,"height":360,"caption":"NF Trasporti S.r.l."},"image":{"@id":"https:\/\/www.nftrasporti.com\/de\/#\/schema\/logo\/image\/"},"sameAs":["https:\/\/www.linkedin.com\/company\/nf-trasporti\/"]}]}},"_links":{"self":[{"href":"https:\/\/www.nftrasporti.com\/de\/wp-json\/wp\/v2\/pages\/2757","targetHints":{"allow":["GET"]}}],"collection":[{"href":"https:\/\/www.nftrasporti.com\/de\/wp-json\/wp\/v2\/pages"}],"about":[{"href":"https:\/\/www.nftrasporti.com\/de\/wp-json\/wp\/v2\/types\/page"}],"author":[{"embeddable":true,"href":"https:\/\/www.nftrasporti.com\/de\/wp-json\/wp\/v2\/users\/5"}],"replies":[{"embeddable":true,"href":"https:\/\/www.nftrasporti.com\/de\/wp-json\/wp\/v2\/comments?post=2757"}],"version-history":[{"count":1,"href":"https:\/\/www.nftrasporti.com\/de\/wp-json\/wp\/v2\/pages\/2757\/revisions"}],"predecessor-version":[{"id":2758,"href":"https:\/\/www.nftrasporti.com\/de\/wp-json\/wp\/v2\/pages\/2757\/revisions\/2758"}],"wp:attachment":[{"href":"https:\/\/www.nftrasporti.com\/de\/wp-json\/wp\/v2\/media?parent=2757"}],"curies":[{"name":"wp","href":"https:\/\/api.w.org\/{rel}","templated":true}]}}