{"id":1842,"date":"2023-04-06T09:36:36","date_gmt":"2023-04-06T07:36:36","guid":{"rendered":"https:\/\/www.nftrasporti.com\/contatti\/"},"modified":"2025-07-19T10:26:31","modified_gmt":"2025-07-19T08:26:31","slug":"contatti","status":"publish","type":"page","link":"https:\/\/www.nftrasporti.com\/es\/contatti\/","title":{"rendered":"Contactos"},"content":{"rendered":"<div class=\"wpb-content-wrapper\">[vc_row full_width=\u00bbstretch_row_content_no_spaces\u00bb][vc_column][vc_gmaps link=\u00bb#E-8_JTNDaWZyYW1lJTIwc3JjJTNEJTIyaHR0cHMlM0ElMkYlMkZ3d3cuZ29vZ2xlLmNvbSUyRm1hcHMlMkZlbWJlZCUzRnBiJTNEJTIxMW0xNCUyMTFtOCUyMTFtMyUyMTFkMTE0NTkuMDg0NjEzNjI0MTgzJTIxMmQxMi4zMjA4MjU5JTIxM2Q0NC4xMDg3MTM4JTIxM20yJTIxMWkxMDI0JTIxMmk3NjglMjE0ZjEzLjElMjEzbTMlMjExbTIlMjExczB4MTMyY2JmNDJmZDk4ZTgyYiUyNTNBMHg2M2Q5Y2Q5ZTEwODA5MzgyJTIxMnNORiUyNTIwVHJhc3BvcnRpJTIxNWUwJTIxM20yJTIxMXNpdCUyMTJzaXQlMjE0djE2ODMyMDA3ODU4OTElMjE1bTIlMjExc2l0JTIxMnNpdCUyMiUyMHdpZHRoJTNEJTIyNjAwJTIyJTIwaGVpZ2h0JTNEJTIyNDUwJTIyJTIwc3R5bGUlM0QlMjJib3JkZXIlM0EwJTNCJTIyJTIwYWxsb3dmdWxsc2NyZWVuJTNEJTIyJTIyJTIwbG9hZGluZyUzRCUyMmxhenklMjIlMjByZWZlcnJlcnBvbGljeSUzRCUyMm5vLXJlZmVycmVyLXdoZW4tZG93bmdyYWRlJTIyJTNFJTNDJTJGaWZyYW1lJTNF\u00bb][\/vc_column][\/vc_row][vc_row][vc_column]<div class=\"vcex-spacing wpex-w-100 wpex-clear\" style=\"height:60px;\"><\/div>[\/vc_column][\/vc_row][vc_row css=\u00bb.vc_custom_1698318786890{border-radius: 5px !important;}\u00bb][vc_column]<style>.vcex-callout.vcex_69fb41a7c6039{background-color:#e2211b;}<\/style><div class=\"vcex-callout vcex-module wpex-boxed vcex_69fb41a7c6039\"><div class=\"vcex-callout-caption wpex-last-mb-0 wpex-text-md\"><p style=\"text-align: center\"><span style=\"color: #ffffff\"><strong>Ll\u00e1menos ahora<\/strong> \u00a1y aproveche nuestra <strong>mejor oferta<\/strong>!<\/span><\/p>\n<\/div><\/div><div class=\"vcex-spacing wpex-w-100 wpex-clear\" style=\"height:30px;\"><\/div>[vc_row_inner][vc_column_inner width=\u00bb1\/3&#8243;]<div class=\"vcex-spacing wpex-w-100 wpex-clear\" style=\"height:10px;\"><\/div>[vc_column_text css=\u00bb.vc_custom_1752913577270{background-color: #e8e8e8 !important;}\u00bb]Tel: <a href=\"tel:+393273675293\">+39 327 367 5293<\/a><br \/>\nTel: <a href=\"tel:+390541418450\">+39 0541 4184 50<\/a>[\/vc_column_text]<div class=\"vcex-spacing wpex-w-100 wpex-clear\" style=\"height:10px;\"><\/div>[\/vc_column_inner][vc_column_inner width=\u00bb1\/3&#8243;]<div class=\"vcex-spacing wpex-w-100 wpex-clear\" style=\"height:10px;\"><\/div>[vc_column_text]Correo electr\u00f3nico:<br \/>\n<a href=\"mailto:commerciale@nftrasporti.com\">commerciale@nftrasporti.com<\/a>[\/vc_column_text]<div class=\"vcex-spacing wpex-w-100 wpex-clear\" style=\"height:10px;\"><\/div>[\/vc_column_inner][vc_column_inner width=\u00bb1\/3&#8243;]<div class=\"vcex-spacing wpex-w-100 wpex-clear\" style=\"height:10px;\"><\/div>[vc_column_text css=\u00bb.vc_custom_1752913589120{background-color: #e8e8e8 !important;}\u00bb]WhatsApp<br \/>\nTel: <a href=\"https:\/\/wa.me\/+393273675293\">+39 327 367 5293<\/a>[\/vc_column_text]<div class=\"vcex-spacing wpex-w-100 wpex-clear\" style=\"height:10px;\"><\/div>[\/vc_column_inner][\/vc_row_inner][\/vc_column][\/vc_row][vc_row content_placement=\u00bbmiddle\u00bb equal_height=\u00bbyes\u00bb el_class=\u00bbmargine150 margine_mobile100&#8243; css=\u00bb.vc_custom_1683201050381{margin-bottom: 80px !important;}\u00bb][vc_column css_animation=\u00bbfadeInLeft\u00bb width=\u00bb5\/12&#8243; el_class=\u00bbbordo_dx_home\u00bb][vc_column_text]\n<h2>Servicio al cliente, Claridad, Rapidez, Cortes\u00eda<\/h2>\n[\/vc_column_text][vc_column_text css=\u00bb.vc_custom_1683201495789{margin-top: 30px !important;}\u00bb]\n<div class=\"page\" title=\"Page 3\">\n<div class=\"section\">\n<div class=\"layoutArea\">\n<div class=\"column\">\n<p>Combinamos m\u00e9todos de contacto tradicionales con las tecnolog\u00edas m\u00e1s modernas para estar siempre disponibles para las necesidades de los clientes y las solicitudes de los nuevos clientes.<\/p>\n<ul>\n<li>Respondemos al tel\u00e9fono de lunes a viernes de 9 a 17 horas para hablar contigo y enfrentar juntos cada situaci\u00f3n.<\/li>\n<li>Respondemos a las solicitudes recibidas a trav\u00e9s del formulario dentro de unas pocas horas.<\/li>\n<\/ul>\n<\/div>\n<\/div>\n<\/div>\n<\/div>\n[\/vc_column_text][vc_separator color=\u00bbcustom\u00bb align=\u00bbalign_right\u00bb css=\u00bb.vc_custom_1680768022287{margin-top: 30px !important;}\u00bb accent_color=\u00bb#a6a6a7&#8243; el_class=\u00bbseparatore_home\u00bb][\/vc_column][vc_column css_animation=\u00bbfadeInRight\u00bb width=\u00bb7\/12&#8243; el_class=\u00bbmargine_mobile30&#8243;]\n<div class=\"wpcf7 no-js\" id=\"wpcf7-f1965-o1\" lang=\"es-ES\" dir=\"ltr\" data-wpcf7-id=\"1965\">\n<div class=\"screen-reader-response\"><p role=\"status\" aria-live=\"polite\" aria-atomic=\"true\"><\/p> <ul><\/ul><\/div>\n<form action=\"\/es\/wp-json\/wp\/v2\/pages\/1842#wpcf7-f1965-o1\" method=\"post\" class=\"wpcf7-form init\" aria-label=\"Formulario de contacto\" novalidate=\"novalidate\" data-status=\"init\">\n<fieldset class=\"hidden-fields-container\"><input type=\"hidden\" name=\"_wpcf7\" value=\"1965\" \/><input type=\"hidden\" name=\"_wpcf7_version\" value=\"6.1\" \/><input type=\"hidden\" name=\"_wpcf7_locale\" value=\"es_ES\" \/><input type=\"hidden\" name=\"_wpcf7_unit_tag\" value=\"wpcf7-f1965-o1\" \/><input type=\"hidden\" name=\"_wpcf7_container_post\" value=\"0\" \/><input type=\"hidden\" name=\"_wpcf7_posted_data_hash\" value=\"\" \/>\n<\/fieldset>\n<div class=\"vc_row\">\n\t<div class=\"vc_col-sm-4\">\n\t\t<p><span class=\"wpcf7-form-control-wrap\" data-name=\"nome\"><input size=\"40\" maxlength=\"400\" class=\"wpcf7-form-control wpcf7-text wpcf7-validates-as-required\" aria-required=\"true\" aria-invalid=\"false\" placeholder=\"Nome e Cognome\" value=\"\" type=\"text\" name=\"nome\" \/><\/span>\n\t\t<\/p>\n\t<\/div>\n\t<div class=\"vc_col-sm-4\">\n\t\t<p><span class=\"wpcf7-form-control-wrap\" data-name=\"email\"><input size=\"40\" maxlength=\"400\" class=\"wpcf7-form-control wpcf7-email wpcf7-text wpcf7-validates-as-email\" aria-invalid=\"false\" placeholder=\"Email\" value=\"\" type=\"email\" name=\"email\" \/><\/span>\n\t\t<\/p>\n\t<\/div>\n\t<div class=\"vc_col-sm-4\">\n\t\t<p><span class=\"wpcf7-form-control-wrap\" data-name=\"telefono\"><input size=\"40\" maxlength=\"400\" class=\"wpcf7-form-control wpcf7-tel wpcf7-text wpcf7-validates-as-tel\" aria-invalid=\"false\" placeholder=\"Telefono\" value=\"\" type=\"tel\" name=\"telefono\" \/><\/span>\n\t\t<\/p>\n\t<\/div>\n<\/div>\n<div class=\"vc_row\">\n\t<div class=\"vc_col-sm-12\">\n\t\t<p><span class=\"wpcf7-form-control-wrap\" data-name=\"messaggio\"><textarea cols=\"40\" rows=\"10\" maxlength=\"2000\" class=\"wpcf7-form-control wpcf7-textarea\" aria-invalid=\"false\" placeholder=\"Messaggio\" name=\"messaggio\"><\/textarea><\/span>\n\t\t<\/p>\n\t<\/div>\n<\/div>\n<div class=\"vc_row\" style=\"margin-top:20px;\">\n\t<div class=\"vc_col-sm-12\">\n\t\t<p style=\"font-size: 16px;\"><span class=\"wpcf7-form-control-wrap\" data-name=\"privacy\"><span class=\"wpcf7-form-control wpcf7-acceptance\"><span class=\"wpcf7-list-item\"><label><input type=\"checkbox\" name=\"privacy\" value=\"1\" aria-invalid=\"false\" \/><span class=\"wpcf7-list-item-label\">Declaro que he le\u00eddo la <a href=\"\/es\/informativa-privacy-form-esp\/\" title=\"Pol\u00edtica de Privacidad\" target=\"_blank\">Pol\u00edtica de Privacidad<\/a> y he comprendido las finalidades contenidas en la misma.*<\/span><\/label><\/span><\/span><\/span>\n\t\t<\/p>\n\t<\/div>\n<\/div>\n<div class=\"vc_row\" style=\"margin-top:20px;\">\n\t<div class=\"vc_col-sm-12\">\n\t\t<p style=\"font-size: 16px;\"><span class=\"wpcf7-form-control-wrap\" data-name=\"newsletter\"><span class=\"wpcf7-form-control wpcf7-acceptance optional\"><span class=\"wpcf7-list-item\"><label><input type=\"checkbox\" name=\"newsletter\" value=\"1\" aria-invalid=\"false\" \/><span class=\"wpcf7-list-item-label\">Declaro que doy mi consentimiento a las finalidades de comunicaciones promocionales y de marketing contenidas en el <a href=\"\/es\/informativa-privacy-newsletter-esp\/\" title=\"Pol\u00edtica de Privacidad del Bolet\u00edn\" target=\"_blank\">Pol\u00edtica de Privacidad del Bolet\u00edn<\/a><\/span><\/label><\/span><\/span><\/span>\n\t\t<\/p>\n\t<\/div>\n<\/div>\n<div class=\"vc_row\">\n\t<div class=\"vc_col-sm-12\">\n\t\t<p><input class=\"wpcf7-form-control wpcf7-submit has-spinner\" type=\"submit\" value=\"ENVIAR\" \/>\n\t\t<\/p>\n\t<\/div>\n<\/div><div class=\"wpcf7-response-output\" aria-hidden=\"true\"><\/div>\n<\/form>\n<\/div>\n[vc_column_text css=\u00bb.vc_custom_1683201617124{margin-top: 40px !important;}\u00bb]\n<h2>Hable con nosotros<\/h2>\n[\/vc_column_text][vc_column_text css=\u00bb.vc_custom_1689780138064{margin-top: 30px !important;}\u00bb]\n<div class=\"page\" title=\"Page 3\">\n<div class=\"section\">\n<div class=\"layoutArea\">\n<div class=\"column\">\n<p>\u00bfDesea ser contactado para una oferta personalizada? Solicite una cita telef\u00f3nica o una llamada. Tambi\u00e9n estar\u00edamos encantados de conocerlo en persona, en nuestra <em><a href=\"https:\/\/goo.gl\/maps\/VhsLysGgDnXXjnuV8\">oficina en Longiano<\/a><\/em>, para hablar sobre su empresa y desarrollar juntos un servicio que satisfaga plenamente sus necesidades.<\/p>\n<\/div>\n<\/div>\n<\/div>\n<\/div>\n[\/vc_column_text][\/vc_column][\/vc_row]\n<\/div>","protected":false},"excerpt":{"rendered":"<p>[vc_row full_width=\u00bbstretch_row_content_no_spaces\u00bb][vc_column][vc_gmaps link=\u00bb#E-8_JTNDaWZyYW1lJTIwc3JjJTNEJTIyaHR0cHMlM0ElMkYlMkZ3d3cuZ29vZ2xlLmNvbSUyRm1hcHMlMkZlbWJlZCUzRnBiJTNEJTIxMW0xNCUyMTFtOCUyMTFtMyUyMTFkMTE0NTkuMDg0NjEzNjI0MTgzJTIxMmQxMi4zMjA4MjU5JTIxM2Q0NC4xMDg3MTM4JTIxM20yJTIxMWkxMDI0JTIxMmk3NjglMjE0ZjEzLjElMjEzbTMlMjExbTIlMjExczB4MTMyY2JmNDJmZDk4ZTgyYiUyNTNBMHg2M2Q5Y2Q5ZTEwODA5MzgyJTIxMnNORiUyNTIwVHJhc3BvcnRpJTIxNWUwJTIxM20yJTIxMXNpdCUyMTJzaXQlMjE0djE2ODMyMDA3ODU4OTElMjE1bTIlMjExc2l0JTIxMnNpdCUyMiUyMHdpZHRoJTNEJTIyNjAwJTIyJTIwaGVpZ2h0JTNEJTIyNDUwJTIyJTIwc3R5bGUlM0QlMjJib3JkZXIlM0EwJTNCJTIyJTIwYWxsb3dmdWxsc2NyZWVuJTNEJTIyJTIyJTIwbG9hZGluZyUzRCUyMmxhenklMjIlMjByZWZlcnJlcnBvbGljeSUzRCUyMm5vLXJlZmVycmVyLXdoZW4tZG93bmdyYWRlJTIyJTNFJTNDJTJGaWZyYW1lJTNF\u00bb][\/vc_column][\/vc_row][vc_row][vc_column][\/vc_column][\/vc_row][vc_row css=\u00bb.vc_custom_1698318786890{border-radius: 5px !important;}\u00bb][vc_column][vc_row_inner][vc_column_inner width=\u00bb1\/3&#8243;][vc_column_text css=\u00bb.vc_custom_1752913577270{background-color: #e8e8e8 !important;}\u00bb]Tel: +39 327 367 5293 Tel: +39 0541 4184 50[\/vc_column_text][\/vc_column_inner][vc_column_inner width=\u00bb1\/3&#8243;][vc_column_text]Correo electr\u00f3nico: commerciale@nftrasporti.com[\/vc_column_text][\/vc_column_inner][vc_column_inner width=\u00bb1\/3&#8243;][vc_column_text css=\u00bb.vc_custom_1752913589120{background-color: #e8e8e8 !important;}\u00bb]WhatsApp Tel: +39 327 367 5293[\/vc_column_text][\/vc_column_inner][\/vc_row_inner][\/vc_column][\/vc_row][vc_row content_placement=\u00bbmiddle\u00bb equal_height=\u00bbyes\u00bb el_class=\u00bbmargine150 margine_mobile100&#8243; css=\u00bb.vc_custom_1683201050381{margin-bottom: 80px !important;}\u00bb][vc_column css_animation=\u00bbfadeInLeft\u00bb width=\u00bb5\/12&#8243; el_class=\u00bbbordo_dx_home\u00bb][vc_column_text] Servicio al cliente, Claridad, Rapidez, Cortes\u00eda [\/vc_column_text][vc_column_text css=\u00bb.vc_custom_1683201495789{margin-top: 30px !important;}\u00bb] Combinamos m\u00e9todos de contacto&hellip;<\/p>\n","protected":false},"author":1,"featured_media":0,"parent":0,"menu_order":0,"comment_status":"closed","ping_status":"closed","template":"","meta":{"_acf_changed":false,"inline_featured_image":false,"footnotes":""},"class_list":["post-1842","page","type-page","status-publish","hentry","entry","no-media"],"acf":[],"yoast_head":"<!-- This site is optimized with the Yoast SEO plugin v25.4 - https:\/\/yoast.com\/wordpress\/plugins\/seo\/ -->\n<title>Contactos &#062; NF TRASPORTI<\/title>\n<meta name=\"description\" content=\"Aggiungi valore alla tua rete con i nostri contatti. Raggiungi nuove opportunit\u00e0, collabora e condividi idee.\" \/>\n<meta name=\"robots\" content=\"index, follow, max-snippet:-1, max-image-preview:large, max-video-preview:-1\" \/>\n<link rel=\"canonical\" href=\"https:\/\/www.nftrasporti.com\/es\/contatti\/\" \/>\n<meta property=\"og:locale\" content=\"es_ES\" \/>\n<meta property=\"og:type\" content=\"article\" \/>\n<meta property=\"og:title\" content=\"Contactos &#062; NF TRASPORTI\" \/>\n<meta property=\"og:description\" content=\"Aggiungi valore alla tua rete con i nostri contatti. Raggiungi nuove opportunit\u00e0, collabora e condividi idee.\" \/>\n<meta property=\"og:url\" content=\"https:\/\/www.nftrasporti.com\/es\/contatti\/\" \/>\n<meta property=\"og:site_name\" content=\"NF TRASPORTI\" \/>\n<meta property=\"article:modified_time\" content=\"2025-07-19T08:26:31+00:00\" \/>\n<meta name=\"twitter:card\" content=\"summary_large_image\" \/>\n<meta name=\"twitter:label1\" content=\"Tiempo de lectura\" \/>\n\t<meta name=\"twitter:data1\" content=\"2 minutos\" \/>\n<script type=\"application\/ld+json\" class=\"yoast-schema-graph\">{\"@context\":\"https:\/\/schema.org\",\"@graph\":[{\"@type\":\"WebPage\",\"@id\":\"https:\/\/www.nftrasporti.com\/es\/contatti\/\",\"url\":\"https:\/\/www.nftrasporti.com\/es\/contatti\/\",\"name\":\"Contactos &#062; NF TRASPORTI\",\"isPartOf\":{\"@id\":\"https:\/\/www.nftrasporti.com\/es\/#website\"},\"datePublished\":\"2023-04-06T07:36:36+00:00\",\"dateModified\":\"2025-07-19T08:26:31+00:00\",\"description\":\"Aggiungi valore alla tua rete con i nostri contatti. Raggiungi nuove opportunit\u00e0, collabora e condividi idee.\",\"breadcrumb\":{\"@id\":\"https:\/\/www.nftrasporti.com\/es\/contatti\/#breadcrumb\"},\"inLanguage\":\"es\",\"potentialAction\":[{\"@type\":\"ReadAction\",\"target\":[\"https:\/\/www.nftrasporti.com\/es\/contatti\/\"]}]},{\"@type\":\"BreadcrumbList\",\"@id\":\"https:\/\/www.nftrasporti.com\/es\/contatti\/#breadcrumb\",\"itemListElement\":[{\"@type\":\"ListItem\",\"position\":1,\"name\":\"Home\",\"item\":\"https:\/\/www.nftrasporti.com\/es\/\"},{\"@type\":\"ListItem\",\"position\":2,\"name\":\"Contactos\"}]},{\"@type\":\"WebSite\",\"@id\":\"https:\/\/www.nftrasporti.com\/es\/#website\",\"url\":\"https:\/\/www.nftrasporti.com\/es\/\",\"name\":\"https:\/\/www.nftrasporti.com\/\",\"description\":\"Servizio professionale, Rapido, Sicuro.\",\"publisher\":{\"@id\":\"https:\/\/www.nftrasporti.com\/es\/#organization\"},\"potentialAction\":[{\"@type\":\"SearchAction\",\"target\":{\"@type\":\"EntryPoint\",\"urlTemplate\":\"https:\/\/www.nftrasporti.com\/es\/?s={search_term_string}\"},\"query-input\":{\"@type\":\"PropertyValueSpecification\",\"valueRequired\":true,\"valueName\":\"search_term_string\"}}],\"inLanguage\":\"es\"},{\"@type\":\"Organization\",\"@id\":\"https:\/\/www.nftrasporti.com\/es\/#organization\",\"name\":\"NF Trasporti S.r.l.\",\"url\":\"https:\/\/www.nftrasporti.com\/es\/\",\"logo\":{\"@type\":\"ImageObject\",\"inLanguage\":\"es\",\"@id\":\"https:\/\/www.nftrasporti.com\/es\/#\/schema\/logo\/image\/\",\"url\":\"https:\/\/www.nftrasporti.com\/wp-content\/uploads\/2023\/04\/logo_NF_trasporti.png\",\"contentUrl\":\"https:\/\/www.nftrasporti.com\/wp-content\/uploads\/2023\/04\/logo_NF_trasporti.png\",\"width\":270,\"height\":360,\"caption\":\"NF Trasporti S.r.l.\"},\"image\":{\"@id\":\"https:\/\/www.nftrasporti.com\/es\/#\/schema\/logo\/image\/\"},\"sameAs\":[\"https:\/\/www.linkedin.com\/company\/nf-trasporti\/\"]}]}<\/script>\n<!-- \/ Yoast SEO plugin. -->","yoast_head_json":{"title":"Contactos &#062; NF TRASPORTI","description":"Aggiungi valore alla tua rete con i nostri contatti. Raggiungi nuove opportunit\u00e0, collabora e condividi idee.","robots":{"index":"index","follow":"follow","max-snippet":"max-snippet:-1","max-image-preview":"max-image-preview:large","max-video-preview":"max-video-preview:-1"},"canonical":"https:\/\/www.nftrasporti.com\/es\/contatti\/","og_locale":"es_ES","og_type":"article","og_title":"Contactos &#062; NF TRASPORTI","og_description":"Aggiungi valore alla tua rete con i nostri contatti. Raggiungi nuove opportunit\u00e0, collabora e condividi idee.","og_url":"https:\/\/www.nftrasporti.com\/es\/contatti\/","og_site_name":"NF TRASPORTI","article_modified_time":"2025-07-19T08:26:31+00:00","twitter_card":"summary_large_image","twitter_misc":{"Tiempo de lectura":"2 minutos"},"schema":{"@context":"https:\/\/schema.org","@graph":[{"@type":"WebPage","@id":"https:\/\/www.nftrasporti.com\/es\/contatti\/","url":"https:\/\/www.nftrasporti.com\/es\/contatti\/","name":"Contactos &#062; NF TRASPORTI","isPartOf":{"@id":"https:\/\/www.nftrasporti.com\/es\/#website"},"datePublished":"2023-04-06T07:36:36+00:00","dateModified":"2025-07-19T08:26:31+00:00","description":"Aggiungi valore alla tua rete con i nostri contatti. Raggiungi nuove opportunit\u00e0, collabora e condividi idee.","breadcrumb":{"@id":"https:\/\/www.nftrasporti.com\/es\/contatti\/#breadcrumb"},"inLanguage":"es","potentialAction":[{"@type":"ReadAction","target":["https:\/\/www.nftrasporti.com\/es\/contatti\/"]}]},{"@type":"BreadcrumbList","@id":"https:\/\/www.nftrasporti.com\/es\/contatti\/#breadcrumb","itemListElement":[{"@type":"ListItem","position":1,"name":"Home","item":"https:\/\/www.nftrasporti.com\/es\/"},{"@type":"ListItem","position":2,"name":"Contactos"}]},{"@type":"WebSite","@id":"https:\/\/www.nftrasporti.com\/es\/#website","url":"https:\/\/www.nftrasporti.com\/es\/","name":"https:\/\/www.nftrasporti.com\/","description":"Servizio professionale, Rapido, Sicuro.","publisher":{"@id":"https:\/\/www.nftrasporti.com\/es\/#organization"},"potentialAction":[{"@type":"SearchAction","target":{"@type":"EntryPoint","urlTemplate":"https:\/\/www.nftrasporti.com\/es\/?s={search_term_string}"},"query-input":{"@type":"PropertyValueSpecification","valueRequired":true,"valueName":"search_term_string"}}],"inLanguage":"es"},{"@type":"Organization","@id":"https:\/\/www.nftrasporti.com\/es\/#organization","name":"NF Trasporti S.r.l.","url":"https:\/\/www.nftrasporti.com\/es\/","logo":{"@type":"ImageObject","inLanguage":"es","@id":"https:\/\/www.nftrasporti.com\/es\/#\/schema\/logo\/image\/","url":"https:\/\/www.nftrasporti.com\/wp-content\/uploads\/2023\/04\/logo_NF_trasporti.png","contentUrl":"https:\/\/www.nftrasporti.com\/wp-content\/uploads\/2023\/04\/logo_NF_trasporti.png","width":270,"height":360,"caption":"NF Trasporti S.r.l."},"image":{"@id":"https:\/\/www.nftrasporti.com\/es\/#\/schema\/logo\/image\/"},"sameAs":["https:\/\/www.linkedin.com\/company\/nf-trasporti\/"]}]}},"_links":{"self":[{"href":"https:\/\/www.nftrasporti.com\/es\/wp-json\/wp\/v2\/pages\/1842","targetHints":{"allow":["GET"]}}],"collection":[{"href":"https:\/\/www.nftrasporti.com\/es\/wp-json\/wp\/v2\/pages"}],"about":[{"href":"https:\/\/www.nftrasporti.com\/es\/wp-json\/wp\/v2\/types\/page"}],"author":[{"embeddable":true,"href":"https:\/\/www.nftrasporti.com\/es\/wp-json\/wp\/v2\/users\/1"}],"replies":[{"embeddable":true,"href":"https:\/\/www.nftrasporti.com\/es\/wp-json\/wp\/v2\/comments?post=1842"}],"version-history":[{"count":4,"href":"https:\/\/www.nftrasporti.com\/es\/wp-json\/wp\/v2\/pages\/1842\/revisions"}],"predecessor-version":[{"id":2861,"href":"https:\/\/www.nftrasporti.com\/es\/wp-json\/wp\/v2\/pages\/1842\/revisions\/2861"}],"wp:attachment":[{"href":"https:\/\/www.nftrasporti.com\/es\/wp-json\/wp\/v2\/media?parent=1842"}],"curies":[{"name":"wp","href":"https:\/\/api.w.org\/{rel}","templated":true}]}}