{"id":1856,"date":"2023-09-07T11:32:03","date_gmt":"2023-09-07T09:32:03","guid":{"rendered":"https:\/\/www.nftrasporti.com\/informativa-privacy-newsletter\/"},"modified":"2024-07-21T12:58:00","modified_gmt":"2024-07-21T10:58:00","slug":"informativa-privacy-newsletter-esp","status":"publish","type":"page","link":"https:\/\/www.nftrasporti.com\/es\/informativa-privacy-newsletter-esp\/","title":{"rendered":"INFORMATIVA PRIVACY NEWSLETTER &#8211; ESP"},"content":{"rendered":"<div class=\"wpb-content-wrapper\">[vc_row][vc_column][vc_column_text]INFORMACI\u00d3N<\/p>\n<p>ARTS. 13 Y 14 DEL REGLAMENTO (UE) 2016\/679<\/p>\n<p>Personas interesadas: Usuarios de los servicios y suscriptores del bolet\u00edn.<\/p>\n<p>NF TRASPORTI S.r.l., en su calidad de Responsable del tratamiento de sus datos personales conforme y a los efectos del Reglamento (UE) 2016\/679, en adelante \u2018GDPR\u2019, le informa mediante el presente que la normativa citada prev\u00e9 la protecci\u00f3n de las personas interesadas con respecto al tratamiento de datos personales y que dicho tratamiento se llevar\u00e1 a cabo de acuerdo con los principios de legalidad, transparencia y protecci\u00f3n de su privacidad y de sus derechos.<\/p>\n<p>Para alcanzar sus objetivos relacionados con la gesti\u00f3n de la relaci\u00f3n, el Responsable necesita adquirir datos personales tales como, a modo de ejemplo, el nombre y el apellido, el n\u00famero de tel\u00e9fono o m\u00f3vil, la direcci\u00f3n de correo electr\u00f3nico, el c\u00f3digo fiscal.<\/p>\n<p>Sus datos personales ser\u00e1n tratados de acuerdo con las disposiciones legislativas de la normativa mencionada anteriormente y con las obligaciones de confidencialidad previstas en la misma.<\/p>\n<p>Finalidad del tratamiento:<br \/>\nMarketing &#8211; servicio de recepci\u00f3n del bolet\u00edn: en particular, sus datos ser\u00e1n tratados con su consentimiento libre para recibir el bolet\u00edn al ingresar su direcci\u00f3n de correo electr\u00f3nico en la casilla correspondiente que contiene indicaciones sobre la suscripci\u00f3n al bolet\u00edn o al seleccionar\/marcar la casilla correspondiente que indica \u201csuscripci\u00f3n al bolet\u00edn\u201d presente en un formulario.<\/p>\n<p>Base jur\u00eddica: La base jur\u00eddica del tratamiento es el consentimiento del interesado.<\/p>\n<p>Consecuencias del rechazo de las finalidades opcionales: La provisi\u00f3n de datos es opcional para las finalidades indicadas anteriormente y un eventual rechazo del tratamiento no afecta la continuaci\u00f3n de la relaci\u00f3n ni la pertinencia del tratamiento en s\u00ed.<\/p>\n<p>Consecuencias de la falta de comunicaci\u00f3n: El tratamiento de los datos funcionales para el cumplimiento de estas obligaciones es necesario para una correcta gesti\u00f3n de la relaci\u00f3n y su provisi\u00f3n es obligatoria para alcanzar las finalidades indicadas anteriormente. El Responsable tambi\u00e9n indica que la falta de comunicaci\u00f3n o la comunicaci\u00f3n incorrecta de una de las informaciones obligatorias puede causar la imposibilidad del Responsable de garantizar la pertinencia del tratamiento en s\u00ed.<\/p>\n<p>M\u00e9todos de tratamiento: El tratamiento se lleva a cabo con herramientas manuales y\/o inform\u00e1ticas y telem\u00e1ticas de manera que se garantice la seguridad, integridad y confidencialidad de los datos de acuerdo con las medidas organizativas, f\u00edsicas y l\u00f3gicas previstas por las disposiciones vigentes para minimizar los riesgos de destrucci\u00f3n o p\u00e9rdida, acceso no autorizado, modificaci\u00f3n y divulgaci\u00f3n no autorizada, de acuerdo con los art\u00edculos 6 y 32 del GDPR.<\/p>\n<p>Destinatarios: Para llevar a cabo determinadas actividades o para proporcionar apoyo al funcionamiento y organizaci\u00f3n de la actividad, algunos datos pueden ser conocidos o comunicados a destinatarios. Estos destinatarios se distinguen en:<\/p>\n<p>\u2022 Terceros: (comunicaci\u00f3n a: personas f\u00edsicas o jur\u00eddicas, autoridades p\u00fablicas, servicios u otros organismos que no sean el interesado, el Responsable del tratamiento, el encargado del tratamiento y las personas autorizadas responsables del tratamiento), entre los cuales:<br \/>\n\u2022 Empresas que gestionan servicios postales tradicionales o informatizados<br \/>\n\u2022 Otros sujetos cuya comunicaci\u00f3n de datos es necesaria para alcanzar las finalidades indicadas anteriormente.<br \/>\n\u2022 Encargados del tratamiento: (la persona f\u00edsica o jur\u00eddica, la autoridad p\u00fablica, el servicio u otro organismo que trate datos personales por cuenta del Responsable del tratamiento)<br \/>\n\u2022 Proveedores de servicios inform\u00e1ticos, web u otros servicios necesarios para lograr los fines necesarios para la gesti\u00f3n de la relaci\u00f3n.<\/p>\n<p>Dentro de la estructura empresarial, sus datos ser\u00e1n tratados \u00fanicamente por personal expresamente autorizado por el Responsable, con la garant\u00eda de adopci\u00f3n de un acuerdo de confidencialidad, y en particular por las siguientes categor\u00edas de personal:<\/p>\n<p>\u2022 Administraci\u00f3n<br \/>\n\u2022 Otros empleados cuyo tratamiento es necesario para la correcta ejecuci\u00f3n de la relaci\u00f3n<\/p>\n<p>Difusi\u00f3n: Sus datos personales no ser\u00e1n difundidos de ninguna manera.<\/p>\n<p>Transferencia de datos a terceros pa\u00edses: El Responsable no transfiere datos personales a pa\u00edses fuera de la UE. Si fuera necesario, las personas interesadas ser\u00e1n informadas previamente y se adoptar\u00e1n medidas de garant\u00eda para la transferencia a los destinatarios, que seg\u00fan el caso pueden incluir: verificaci\u00f3n de la existencia de decisiones de adecuaci\u00f3n para el pa\u00eds destinatario por parte de la Comisi\u00f3n, suscripci\u00f3n de cl\u00e1usulas contractuales tipo, verificaci\u00f3n de la adopci\u00f3n de medidas adicionales de acuerdo con la recomendaci\u00f3n 01\/2020 EDPB. En derogaci\u00f3n de estas garant\u00edas, para los tratamientos de datos (conforme al art. 49 del GDPR), cuando sea aplicable, se verifica la existencia de un contrato o medidas precontractuales en favor del interesado o el consentimiento para la transferencia.<\/p>\n<p>Periodo de conservaci\u00f3n: Le informamos que, de acuerdo con los principios de legalidad, limitaci\u00f3n de la finalidad, minimizaci\u00f3n de datos conforme al art. 5 del GDPR, el periodo de conservaci\u00f3n de sus datos personales est\u00e1 fijado por un tiempo no superior al necesario para lograr los fines para los cuales se recogen y tratan. En caso de suscripci\u00f3n de un contrato, este periodo de conservaci\u00f3n puede cesar con la expiraci\u00f3n o rescisi\u00f3n del contrato; los mismos datos pueden ser conservados, si es aplicable, por un periodo adicional para la gesti\u00f3n de posibles litigios. La base jur\u00eddica de esta conservaci\u00f3n es el inter\u00e9s leg\u00edtimo del Responsable del tratamiento. El periodo de conservaci\u00f3n para los tratamientos de datos relativos al marketing es funcional a los fines perseguidos por el Responsable del tratamiento y en cualquier caso no superior a 3 a\u00f1os desde el \u00faltimo contacto o respuesta recibida.<\/p>\n<p>Responsable del tratamiento: El Responsable del tratamiento de los datos conforme a la normativa es NF TRASPORTI Srl, con sede legal y operativa en Via Emilia 4010, 47020 \u2013 Longiano (FC) \u2013 IT, IVA: 04257640401, representado por su representante legal pro tempore.<\/p>\n<p>Enviando un correo electr\u00f3nico a la siguiente direcci\u00f3n: info@nftrasporti.com, puede solicitar m\u00e1s informaci\u00f3n sobre los datos proporcionados.<\/p>\n<p>Reg. (UE) 2016\/679 : Artt. 15 16 17 18 19 20 21 22 23 &#8211; Derechos del interesado<\/p>\n<p>1. El interesado tiene derecho a obtener la confirmaci\u00f3n de la existencia o no de datos personales que le conciernen, aunque a\u00fan no est\u00e9n registrados, y su comunicaci\u00f3n en forma inteligible.<br \/>\n2. El interesado tiene derecho a obtener informaci\u00f3n sobre:<br \/>\n\u2022 el origen de los datos personales;<br \/>\n\u2022 los fines y m\u00e9todos del tratamiento;<br \/>\n\u2022 la l\u00f3gica aplicada en caso de tratamiento realizado con la ayuda de herramientas electr\u00f3nicas;<br \/>\n\u2022 los datos identificativos del Responsable, los encargados y el representante designado conforme al art\u00edculo 5, p\u00e1rrafo 2;<br \/>\n\u2022 los sujetos o categor\u00edas de sujetos a los que se pueden comunicar los datos personales o que pueden conocerlos en calidad de representante designado en el territorio del Estado, encargados o personas autorizadas.<br \/>\n3. El interesado tiene derecho a obtener:<br \/>\n\u2022 la actualizaci\u00f3n, rectificaci\u00f3n o, si est\u00e1 interesado, la integraci\u00f3n de los datos;<br \/>\n\u2022 la cancelaci\u00f3n, anonimizaci\u00f3n o el bloqueo de los datos tratados en violaci\u00f3n de la ley, incluidos aquellos cuya conservaci\u00f3n no sea necesaria para los fines para los que se recogieron o trataron posteriormente;<br \/>\n\u2022 la certificaci\u00f3n de que las operaciones mencionadas en las letras a) y b) se han puesto en conocimiento, tambi\u00e9n en cuanto a su contenido, de las personas a las que se han comunicado o difundido los datos, salvo que este cumplimiento sea imposible o implique el uso de medios claramente desproporcionados con respecto al derecho protegido;<br \/>\n\u2022 la portabilidad de los datos.<br \/>\n4. El interesado tiene derecho a oponerse, total o parcialmente:<br \/>\n\u2022 por motivos leg\u00edtimos, al tratamiento de los datos personales que le conciernen, aunque sean pertinentes para el fin de la recogida;<br \/>\n\u2022 al tratamiento de los datos personales que le conciernen para el env\u00edo de material publicitario o de venta directa o para la realizaci\u00f3n de estudios de mercado o comunicaci\u00f3n comercial.<\/p>\n<p>Reclamaci\u00f3n: Los interesados tambi\u00e9n tienen derecho, si se cumplen las condiciones, a presentar una reclamaci\u00f3n ante la autoridad de control, seg\u00fan los procedimientos previstos. Para cualquier informaci\u00f3n adicional y para hacer valer sus derechos reconocidos por el Reglamento europeo, puede dirigirse al Responsable del tratamiento a los contactos indicados anteriormente.<\/p>\n<p>Consentimiento<br \/>\nFormulario de adquisici\u00f3n del consentimiento del interesado<\/p>\n<p>Su consentimiento para la recepci\u00f3n del bolet\u00edn ser\u00e1 registrado (direcci\u00f3n IP, correo electr\u00f3nico, fecha y hora) al marcar la casilla correspondiente para la inserci\u00f3n de la direcci\u00f3n de correo electr\u00f3nico o al hacer clic en la casilla correspondiente y presionar simult\u00e1neamente el bot\u00f3n \u201cenviar\u201d \/ \u201cok\u201d. Este consentimiento ser\u00e1 archivado para probar su otorgamiento y permitirle darse de baja en cualquier momento, as\u00ed como ejercer todos los dem\u00e1s derechos mencionados anteriormente.<\/p>\n<p>NF TRASPORTI S.r.l.<br \/>\nVia Emilia 4010 &#8211; 47020 \u2013 Longiano (FC)<br \/>\nIVA: 04257640401<\/p>\n<p>NF Trasporti Srl<br \/>\nVia Emilia, 4010<br \/>\n47020 \u2013 Longiano (FC)<br \/>\nTelefono <a href=\"tel:+390541418450\">+39 0541 4184 50<\/a><br \/>\ne-mail <a href=\"mailto:commerciale@nftrasporti.com\">commerciale@nftrasporti.com<\/a>[\/vc_column_text][\/vc_column][\/vc_row]\n<\/div>","protected":false},"excerpt":{"rendered":"<p>[vc_row][vc_column][vc_column_text]INFORMACI\u00d3N ARTS. 13 Y 14 DEL REGLAMENTO (UE) 2016\/679 Personas interesadas: Usuarios de los servicios y suscriptores del bolet\u00edn. NF TRASPORTI S.r.l., en su calidad de Responsable del tratamiento de sus datos personales conforme y a los efectos del Reglamento (UE) 2016\/679, en adelante \u2018GDPR\u2019, le informa mediante el presente que la normativa citada prev\u00e9&hellip;<\/p>\n","protected":false},"author":1,"featured_media":0,"parent":0,"menu_order":0,"comment_status":"closed","ping_status":"open","template":"","meta":{"_acf_changed":false,"inline_featured_image":false,"footnotes":""},"class_list":["post-1856","page","type-page","status-publish","hentry","entry","no-media"],"acf":[],"yoast_head":"<!-- This site is optimized with the Yoast SEO plugin v25.4 - https:\/\/yoast.com\/wordpress\/plugins\/seo\/ -->\n<title>INFORMATIVA PRIVACY NEWSLETTER - ESP &#062; NF TRASPORTI<\/title>\n<meta name=\"robots\" content=\"index, follow, max-snippet:-1, max-image-preview:large, max-video-preview:-1\" \/>\n<link rel=\"canonical\" href=\"https:\/\/www.nftrasporti.com\/es\/informativa-privacy-newsletter-esp\/\" \/>\n<meta property=\"og:locale\" content=\"es_ES\" \/>\n<meta property=\"og:type\" content=\"article\" \/>\n<meta property=\"og:title\" content=\"INFORMATIVA PRIVACY NEWSLETTER - ESP &#062; NF TRASPORTI\" \/>\n<meta property=\"og:description\" content=\"[vc_row][vc_column][vc_column_text]INFORMACI\u00d3N ARTS. 13 Y 14 DEL REGLAMENTO (UE) 2016\/679 Personas interesadas: Usuarios de los servicios y suscriptores del bolet\u00edn. NF TRASPORTI S.r.l., en su calidad de Responsable del tratamiento de sus datos personales conforme y a los efectos del Reglamento (UE) 2016\/679, en adelante \u2018GDPR\u2019, le informa mediante el presente que la normativa citada prev\u00e9&hellip;\" \/>\n<meta property=\"og:url\" content=\"https:\/\/www.nftrasporti.com\/es\/informativa-privacy-newsletter-esp\/\" \/>\n<meta property=\"og:site_name\" content=\"NF TRASPORTI\" \/>\n<meta property=\"article:modified_time\" content=\"2024-07-21T10:58:00+00:00\" \/>\n<meta name=\"twitter:card\" content=\"summary_large_image\" \/>\n<meta name=\"twitter:label1\" content=\"Tiempo de lectura\" \/>\n\t<meta name=\"twitter:data1\" content=\"8 minutos\" \/>\n<script type=\"application\/ld+json\" class=\"yoast-schema-graph\">{\"@context\":\"https:\/\/schema.org\",\"@graph\":[{\"@type\":\"WebPage\",\"@id\":\"https:\/\/www.nftrasporti.com\/es\/informativa-privacy-newsletter-esp\/\",\"url\":\"https:\/\/www.nftrasporti.com\/es\/informativa-privacy-newsletter-esp\/\",\"name\":\"INFORMATIVA PRIVACY NEWSLETTER - ESP &#062; NF TRASPORTI\",\"isPartOf\":{\"@id\":\"https:\/\/www.nftrasporti.com\/es\/#website\"},\"datePublished\":\"2023-09-07T09:32:03+00:00\",\"dateModified\":\"2024-07-21T10:58:00+00:00\",\"breadcrumb\":{\"@id\":\"https:\/\/www.nftrasporti.com\/es\/informativa-privacy-newsletter-esp\/#breadcrumb\"},\"inLanguage\":\"es\",\"potentialAction\":[{\"@type\":\"ReadAction\",\"target\":[\"https:\/\/www.nftrasporti.com\/es\/informativa-privacy-newsletter-esp\/\"]}]},{\"@type\":\"BreadcrumbList\",\"@id\":\"https:\/\/www.nftrasporti.com\/es\/informativa-privacy-newsletter-esp\/#breadcrumb\",\"itemListElement\":[{\"@type\":\"ListItem\",\"position\":1,\"name\":\"Home\",\"item\":\"https:\/\/www.nftrasporti.com\/es\/\"},{\"@type\":\"ListItem\",\"position\":2,\"name\":\"INFORMATIVA PRIVACY NEWSLETTER &#8211; ESP\"}]},{\"@type\":\"WebSite\",\"@id\":\"https:\/\/www.nftrasporti.com\/es\/#website\",\"url\":\"https:\/\/www.nftrasporti.com\/es\/\",\"name\":\"https:\/\/www.nftrasporti.com\/\",\"description\":\"Servizio professionale, Rapido, Sicuro.\",\"publisher\":{\"@id\":\"https:\/\/www.nftrasporti.com\/es\/#organization\"},\"potentialAction\":[{\"@type\":\"SearchAction\",\"target\":{\"@type\":\"EntryPoint\",\"urlTemplate\":\"https:\/\/www.nftrasporti.com\/es\/?s={search_term_string}\"},\"query-input\":{\"@type\":\"PropertyValueSpecification\",\"valueRequired\":true,\"valueName\":\"search_term_string\"}}],\"inLanguage\":\"es\"},{\"@type\":\"Organization\",\"@id\":\"https:\/\/www.nftrasporti.com\/es\/#organization\",\"name\":\"NF Trasporti S.r.l.\",\"url\":\"https:\/\/www.nftrasporti.com\/es\/\",\"logo\":{\"@type\":\"ImageObject\",\"inLanguage\":\"es\",\"@id\":\"https:\/\/www.nftrasporti.com\/es\/#\/schema\/logo\/image\/\",\"url\":\"https:\/\/www.nftrasporti.com\/wp-content\/uploads\/2023\/04\/logo_NF_trasporti.png\",\"contentUrl\":\"https:\/\/www.nftrasporti.com\/wp-content\/uploads\/2023\/04\/logo_NF_trasporti.png\",\"width\":270,\"height\":360,\"caption\":\"NF Trasporti S.r.l.\"},\"image\":{\"@id\":\"https:\/\/www.nftrasporti.com\/es\/#\/schema\/logo\/image\/\"},\"sameAs\":[\"https:\/\/www.linkedin.com\/company\/nf-trasporti\/\"]}]}<\/script>\n<!-- \/ Yoast SEO plugin. -->","yoast_head_json":{"title":"INFORMATIVA PRIVACY NEWSLETTER - ESP &#062; NF TRASPORTI","robots":{"index":"index","follow":"follow","max-snippet":"max-snippet:-1","max-image-preview":"max-image-preview:large","max-video-preview":"max-video-preview:-1"},"canonical":"https:\/\/www.nftrasporti.com\/es\/informativa-privacy-newsletter-esp\/","og_locale":"es_ES","og_type":"article","og_title":"INFORMATIVA PRIVACY NEWSLETTER - ESP &#062; NF TRASPORTI","og_description":"[vc_row][vc_column][vc_column_text]INFORMACI\u00d3N ARTS. 13 Y 14 DEL REGLAMENTO (UE) 2016\/679 Personas interesadas: Usuarios de los servicios y suscriptores del bolet\u00edn. NF TRASPORTI S.r.l., en su calidad de Responsable del tratamiento de sus datos personales conforme y a los efectos del Reglamento (UE) 2016\/679, en adelante \u2018GDPR\u2019, le informa mediante el presente que la normativa citada prev\u00e9&hellip;","og_url":"https:\/\/www.nftrasporti.com\/es\/informativa-privacy-newsletter-esp\/","og_site_name":"NF TRASPORTI","article_modified_time":"2024-07-21T10:58:00+00:00","twitter_card":"summary_large_image","twitter_misc":{"Tiempo de lectura":"8 minutos"},"schema":{"@context":"https:\/\/schema.org","@graph":[{"@type":"WebPage","@id":"https:\/\/www.nftrasporti.com\/es\/informativa-privacy-newsletter-esp\/","url":"https:\/\/www.nftrasporti.com\/es\/informativa-privacy-newsletter-esp\/","name":"INFORMATIVA PRIVACY NEWSLETTER - ESP &#062; NF TRASPORTI","isPartOf":{"@id":"https:\/\/www.nftrasporti.com\/es\/#website"},"datePublished":"2023-09-07T09:32:03+00:00","dateModified":"2024-07-21T10:58:00+00:00","breadcrumb":{"@id":"https:\/\/www.nftrasporti.com\/es\/informativa-privacy-newsletter-esp\/#breadcrumb"},"inLanguage":"es","potentialAction":[{"@type":"ReadAction","target":["https:\/\/www.nftrasporti.com\/es\/informativa-privacy-newsletter-esp\/"]}]},{"@type":"BreadcrumbList","@id":"https:\/\/www.nftrasporti.com\/es\/informativa-privacy-newsletter-esp\/#breadcrumb","itemListElement":[{"@type":"ListItem","position":1,"name":"Home","item":"https:\/\/www.nftrasporti.com\/es\/"},{"@type":"ListItem","position":2,"name":"INFORMATIVA PRIVACY NEWSLETTER &#8211; ESP"}]},{"@type":"WebSite","@id":"https:\/\/www.nftrasporti.com\/es\/#website","url":"https:\/\/www.nftrasporti.com\/es\/","name":"https:\/\/www.nftrasporti.com\/","description":"Servizio professionale, Rapido, Sicuro.","publisher":{"@id":"https:\/\/www.nftrasporti.com\/es\/#organization"},"potentialAction":[{"@type":"SearchAction","target":{"@type":"EntryPoint","urlTemplate":"https:\/\/www.nftrasporti.com\/es\/?s={search_term_string}"},"query-input":{"@type":"PropertyValueSpecification","valueRequired":true,"valueName":"search_term_string"}}],"inLanguage":"es"},{"@type":"Organization","@id":"https:\/\/www.nftrasporti.com\/es\/#organization","name":"NF Trasporti S.r.l.","url":"https:\/\/www.nftrasporti.com\/es\/","logo":{"@type":"ImageObject","inLanguage":"es","@id":"https:\/\/www.nftrasporti.com\/es\/#\/schema\/logo\/image\/","url":"https:\/\/www.nftrasporti.com\/wp-content\/uploads\/2023\/04\/logo_NF_trasporti.png","contentUrl":"https:\/\/www.nftrasporti.com\/wp-content\/uploads\/2023\/04\/logo_NF_trasporti.png","width":270,"height":360,"caption":"NF Trasporti S.r.l."},"image":{"@id":"https:\/\/www.nftrasporti.com\/es\/#\/schema\/logo\/image\/"},"sameAs":["https:\/\/www.linkedin.com\/company\/nf-trasporti\/"]}]}},"_links":{"self":[{"href":"https:\/\/www.nftrasporti.com\/es\/wp-json\/wp\/v2\/pages\/1856","targetHints":{"allow":["GET"]}}],"collection":[{"href":"https:\/\/www.nftrasporti.com\/es\/wp-json\/wp\/v2\/pages"}],"about":[{"href":"https:\/\/www.nftrasporti.com\/es\/wp-json\/wp\/v2\/types\/page"}],"author":[{"embeddable":true,"href":"https:\/\/www.nftrasporti.com\/es\/wp-json\/wp\/v2\/users\/1"}],"replies":[{"embeddable":true,"href":"https:\/\/www.nftrasporti.com\/es\/wp-json\/wp\/v2\/comments?post=1856"}],"version-history":[{"count":2,"href":"https:\/\/www.nftrasporti.com\/es\/wp-json\/wp\/v2\/pages\/1856\/revisions"}],"predecessor-version":[{"id":2539,"href":"https:\/\/www.nftrasporti.com\/es\/wp-json\/wp\/v2\/pages\/1856\/revisions\/2539"}],"wp:attachment":[{"href":"https:\/\/www.nftrasporti.com\/es\/wp-json\/wp\/v2\/media?parent=1856"}],"curies":[{"name":"wp","href":"https:\/\/api.w.org\/{rel}","templated":true}]}}