{"id":1860,"date":"2023-04-26T12:45:16","date_gmt":"2023-04-26T10:45:16","guid":{"rendered":"https:\/\/www.nftrasporti.com\/perche-scegliere-noi\/"},"modified":"2025-07-19T10:36:59","modified_gmt":"2025-07-19T08:36:59","slug":"perche-scegliere-noi","status":"publish","type":"page","link":"https:\/\/www.nftrasporti.com\/es\/perche-scegliere-noi\/","title":{"rendered":"\u00bfPor qu\u00e9 Elegirnos?"},"content":{"rendered":"<div class=\"wpb-content-wrapper\">[vc_row css_animation=\u00bbfadeIn\u00bb full_width=\u00bbstretch_row\u00bb content_placement=\u00bbmiddle\u00bb css=\u00bb.vc_custom_1683815019546{background-image: url(https:\/\/www.nftrasporti.com\/wp-content\/uploads\/2023\/05\/telonidefinitivi_3.png?id=660) !important;}\u00bb min_height=\u00bb330px\u00bb][vc_column][vc_column_text color=\u00bb#ffffff\u00bb]\n<h1>\u00bfPor qu\u00e9 Elegirnos?<\/h1>\n[\/vc_column_text][\/vc_column][\/vc_row][vc_row full_width=\u00bbstretch_row\u00bb equal_height=\u00bbyes\u00bb el_class=\u00bbmargine150 margine_mobile100&#8243;][vc_column css_animation=\u00bbfadeInLeft\u00bb width=\u00bb5\/12&#8243; el_class=\u00bbbordo_dx_home\u00bb][vc_column_text css=\u00bb.vc_custom_1686559404486{margin-top: 30px !important;}\u00bb]\n<h2>Equipo Competente<\/h2>\n[\/vc_column_text][vc_column_text css=\u00bb.vc_custom_1686559457014{margin-top: 30px !important;margin-right: 20px !important;}\u00bb]Un <strong>equipo competente y cohesionado<\/strong>, joven y altamente especializado, que trabaja con pasi\u00f3n. Sabemos combinar el uso de los m\u00e9todos m\u00e1s avanzados, que garantizan <strong>servicios de alta calidad<\/strong>, con la forma m\u00e1s tradicional de relacionarse personalmente, para <strong>escuchar las necesidades de cada cliente<\/strong>, como se hac\u00eda antes. Por lo tanto, tecnolog\u00edas avanzadas, sin descuidar la relaci\u00f3n directa, para encontrar caso por caso la mejor soluci\u00f3n. Siempre estamos disponibles y atentos, porque poseemos la dedicaci\u00f3n y el amor por nuestro trabajo.[\/vc_column_text][vc_separator color=\u00bbcustom\u00bb align=\u00bbalign_right\u00bb css=\u00bb.vc_custom_1683111718919{margin-top: 30px !important;margin-bottom: 30px !important;}\u00bb accent_color=\u00bb#a6a6a7&#8243; el_class=\u00bbseparatore_home desktop\u00bb][vc_single_image image=\u00bb914&#8243; el_class=\u00bbmargine_dx_img desktop\u00bb][\/vc_column][vc_column css_animation=\u00bbfadeInRight\u00bb width=\u00bb7\/12&#8243; el_class=\u00bbmargine_mobile30&#8243;][vc_single_image image=\u00bb912&#8243;][vc_column_text]\n<h2>Veh\u00edculos de Vanguardia<\/h2>\n[\/vc_column_text][vc_column_text css=\u00bb.vc_custom_1686559511146{margin-top: 30px !important;margin-right: 20px !important;}\u00bb]Una <strong>flota de veh\u00edculos de vanguardia<\/strong>: el transporte de mercanc\u00edas, especialmente las m\u00e1s delicadas, debe estar acompa\u00f1ado de servicios que lo faciliten y aseguren que todo ocurra sin contratiempos. <strong>Recolecci\u00f3n directa en la sede del cliente, colocaci\u00f3n y fijaci\u00f3n en el veh\u00edculo m\u00e1s adecuado, posible almacenamiento en nuestros dep\u00f3sitos<\/strong>. Solo as\u00ed el transporte de tus productos, incluso los fr\u00e1giles o voluminosos, dejar\u00e1 de ser una preocupaci\u00f3n para ti.[\/vc_column_text][\/vc_column][\/vc_row][vc_row][vc_column]<div class=\"vcex-spacing wpex-w-100 wpex-clear\" style=\"height:60px;\"><\/div>[\/vc_column][\/vc_row][vc_row css=\u00bb.vc_custom_1698318786890{border-radius: 5px !important;}\u00bb][vc_column]<style>.vcex-callout.vcex_69e29ff1d507b{background-color:#e2211b;}<\/style><div class=\"vcex-callout vcex-module wpex-boxed vcex_69e29ff1d507b\"><div class=\"vcex-callout-caption wpex-last-mb-0 wpex-text-md\"><p style=\"text-align: center\"><span style=\"color: #ffffff\"><strong>Ll\u00e1manos ahora<\/strong> y aprovecha nuestra <strong>mejor oferta<\/strong>!<\/span><\/p>\n<\/div><\/div><div class=\"vcex-spacing wpex-w-100 wpex-clear\" style=\"height:30px;\"><\/div>[vc_row_inner][vc_column_inner width=\u00bb1\/3&#8243;]<div class=\"vcex-spacing wpex-w-100 wpex-clear\" style=\"height:10px;\"><\/div>[vc_column_text css=\u00bb.vc_custom_1752914205984{background-color: #e8e8e8 !important;}\u00bb]Tel: <a href=\"tel:+393273675293\">+39 327 367 5293<\/a><br \/>\nTel: <a href=\"tel:+390541418450\">+39 0541 4184 50<\/a>[\/vc_column_text]<div class=\"vcex-spacing wpex-w-100 wpex-clear\" style=\"height:10px;\"><\/div>[\/vc_column_inner][vc_column_inner width=\u00bb1\/3&#8243;]<div class=\"vcex-spacing wpex-w-100 wpex-clear\" style=\"height:10px;\"><\/div>[vc_column_text]Correo electr\u00f3nico:<br \/>\n<a href=\"mailto:commerciale@nftrasporti.com\">commerciale@nftrasporti.com<\/a>[\/vc_column_text]<div class=\"vcex-spacing wpex-w-100 wpex-clear\" style=\"height:10px;\"><\/div>[\/vc_column_inner][vc_column_inner width=\u00bb1\/3&#8243;]<div class=\"vcex-spacing wpex-w-100 wpex-clear\" style=\"height:10px;\"><\/div>[vc_column_text css=\u00bb.vc_custom_1752914217369{background-color: #e8e8e8 !important;}\u00bb]WhatsApp<br \/>\nTel: <a href=\"https:\/\/wa.me\/+393273675293\">+39 327 367 5293<\/a>[\/vc_column_text]<div class=\"vcex-spacing wpex-w-100 wpex-clear\" style=\"height:10px;\"><\/div>[\/vc_column_inner][\/vc_row_inner][\/vc_column][\/vc_row][vc_row full_width=\u00bbstretch_row\u00bb content_placement=\u00bbmiddle\u00bb equal_height=\u00bbyes\u00bb css=\u00bb.vc_custom_1683194340342{background-color: #dedfdf !important;}\u00bb el_class=\u00bbmargine150 margine_mobile100 padding_grigio_home\u00bb][vc_column css_animation=\u00bbfadeInLeft\u00bb width=\u00bb5\/12&#8243; el_class=\u00bbbordo_dx_home\u00bb][vc_column_text]\n<h2>Servicio al Cliente Claridad, Rapidez, Cortes\u00eda<\/h2>\n[\/vc_column_text][vc_column_text css=\u00bb.vc_custom_1683116520202{margin-top: 30px !important;}\u00bb]\n<div class=\"page\" title=\"Page 3\">\n<div class=\"section\">\n<div class=\"layoutArea\">\n<div class=\"column\">\n<p>\u00bfQuieres solicitar nuestros servicios o necesitas m\u00e1s informaci\u00f3n? Rellena el formulario para fijar una cita telef\u00f3nica con nuestro experto.<\/p>\n<\/div>\n<\/div>\n<\/div>\n<\/div>\n[\/vc_column_text][vc_separator color=\u00bbcustom\u00bb align=\u00bbalign_right\u00bb css=\u00bb.vc_custom_1680768022287{margin-top: 30px !important;}\u00bb accent_color=\u00bb#a6a6a7&#8243; el_class=\u00bbseparatore_home\u00bb]<style>.vcex-button.vcex_69e29ff1d754c{border-radius:0px;color:#e2211c!important;padding-block:10px;padding-inline:30px;border:1px solid;font-family:Sarabun;font-size:15px;font-weight:700;}.vcex-button.vcex_69e29ff1d754c:hover{background:#e2211c!important;color:#ffffff!important;}<\/style><div class=\"vc_custom_1714489384113 wpex-clr\"><a href=\"https:\/\/www.nftrasporti.com\/es\/contatti\/\" class=\"vcex-button theme-button outline inline vcex_69e29ff1d754c\"><span class=\"vcex-button-inner theme-button-inner wpex-flex wpex-flex-wrap wpex-items-center wpex-justify-center\">Descubre M\u00e1s<span class=\"vcex-button-icon vcex-icon-wrap theme-button-icon-right\"><span class=\"wpex-icon wpex-icon--bidi\" aria-hidden=\"true\"><svg xmlns=\"http:\/\/www.w3.org\/2000\/svg\" viewBox=\"0 0 512 512\"><path d=\"M502.6 278.6c12.5-12.5 12.5-32.8 0-45.3l-128-128c-12.5-12.5-32.8-12.5-45.3 0s-12.5 32.8 0 45.3L402.7 224 32 224c-17.7 0-32 14.3-32 32s14.3 32 32 32l370.7 0-73.4 73.4c-12.5 12.5-12.5 32.8 0 45.3s32.8 12.5 45.3 0l128-128z\"\/><\/svg><\/span><\/span><\/span><\/a><\/div> [\/vc_column][vc_column css_animation=\u00bbfadeInRight\u00bb width=\u00bb7\/12&#8243; el_class=\u00bbmargine_mobile30&#8243;]\n<div class=\"wpcf7 no-js\" id=\"wpcf7-f1965-o1\" lang=\"es-ES\" dir=\"ltr\" data-wpcf7-id=\"1965\">\n<div class=\"screen-reader-response\"><p role=\"status\" aria-live=\"polite\" aria-atomic=\"true\"><\/p> <ul><\/ul><\/div>\n<form action=\"\/es\/wp-json\/wp\/v2\/pages\/1860#wpcf7-f1965-o1\" method=\"post\" class=\"wpcf7-form init\" aria-label=\"Formulario de contacto\" novalidate=\"novalidate\" data-status=\"init\">\n<fieldset class=\"hidden-fields-container\"><input type=\"hidden\" name=\"_wpcf7\" value=\"1965\" \/><input type=\"hidden\" name=\"_wpcf7_version\" value=\"6.1\" \/><input type=\"hidden\" name=\"_wpcf7_locale\" value=\"es_ES\" \/><input type=\"hidden\" name=\"_wpcf7_unit_tag\" value=\"wpcf7-f1965-o1\" \/><input type=\"hidden\" name=\"_wpcf7_container_post\" value=\"0\" \/><input type=\"hidden\" name=\"_wpcf7_posted_data_hash\" value=\"\" \/>\n<\/fieldset>\n<div class=\"vc_row\">\n\t<div class=\"vc_col-sm-4\">\n\t\t<p><span class=\"wpcf7-form-control-wrap\" data-name=\"nome\"><input size=\"40\" maxlength=\"400\" class=\"wpcf7-form-control wpcf7-text wpcf7-validates-as-required\" aria-required=\"true\" aria-invalid=\"false\" placeholder=\"Nome e Cognome\" value=\"\" type=\"text\" name=\"nome\" \/><\/span>\n\t\t<\/p>\n\t<\/div>\n\t<div class=\"vc_col-sm-4\">\n\t\t<p><span class=\"wpcf7-form-control-wrap\" data-name=\"email\"><input size=\"40\" maxlength=\"400\" class=\"wpcf7-form-control wpcf7-email wpcf7-text wpcf7-validates-as-email\" aria-invalid=\"false\" placeholder=\"Email\" value=\"\" type=\"email\" name=\"email\" \/><\/span>\n\t\t<\/p>\n\t<\/div>\n\t<div class=\"vc_col-sm-4\">\n\t\t<p><span class=\"wpcf7-form-control-wrap\" data-name=\"telefono\"><input size=\"40\" maxlength=\"400\" class=\"wpcf7-form-control wpcf7-tel wpcf7-text wpcf7-validates-as-tel\" aria-invalid=\"false\" placeholder=\"Telefono\" value=\"\" type=\"tel\" name=\"telefono\" \/><\/span>\n\t\t<\/p>\n\t<\/div>\n<\/div>\n<div class=\"vc_row\">\n\t<div class=\"vc_col-sm-12\">\n\t\t<p><span class=\"wpcf7-form-control-wrap\" data-name=\"messaggio\"><textarea cols=\"40\" rows=\"10\" maxlength=\"2000\" class=\"wpcf7-form-control wpcf7-textarea\" aria-invalid=\"false\" placeholder=\"Messaggio\" name=\"messaggio\"><\/textarea><\/span>\n\t\t<\/p>\n\t<\/div>\n<\/div>\n<div class=\"vc_row\" style=\"margin-top:20px;\">\n\t<div class=\"vc_col-sm-12\">\n\t\t<p style=\"font-size: 16px;\"><span class=\"wpcf7-form-control-wrap\" data-name=\"privacy\"><span class=\"wpcf7-form-control wpcf7-acceptance\"><span class=\"wpcf7-list-item\"><label><input type=\"checkbox\" name=\"privacy\" value=\"1\" aria-invalid=\"false\" \/><span class=\"wpcf7-list-item-label\">Declaro que he le\u00eddo la <a href=\"\/es\/informativa-privacy-form-esp\/\" title=\"Pol\u00edtica de Privacidad\" target=\"_blank\">Pol\u00edtica de Privacidad<\/a> y he comprendido las finalidades contenidas en la misma.*<\/span><\/label><\/span><\/span><\/span>\n\t\t<\/p>\n\t<\/div>\n<\/div>\n<div class=\"vc_row\" style=\"margin-top:20px;\">\n\t<div class=\"vc_col-sm-12\">\n\t\t<p style=\"font-size: 16px;\"><span class=\"wpcf7-form-control-wrap\" data-name=\"newsletter\"><span class=\"wpcf7-form-control wpcf7-acceptance optional\"><span class=\"wpcf7-list-item\"><label><input type=\"checkbox\" name=\"newsletter\" value=\"1\" aria-invalid=\"false\" \/><span class=\"wpcf7-list-item-label\">Declaro que doy mi consentimiento a las finalidades de comunicaciones promocionales y de marketing contenidas en el <a href=\"\/es\/informativa-privacy-newsletter-esp\/\" title=\"Pol\u00edtica de Privacidad del Bolet\u00edn\" target=\"_blank\">Pol\u00edtica de Privacidad del Bolet\u00edn<\/a><\/span><\/label><\/span><\/span><\/span>\n\t\t<\/p>\n\t<\/div>\n<\/div>\n<div class=\"vc_row\">\n\t<div class=\"vc_col-sm-12\">\n\t\t<p><input class=\"wpcf7-form-control wpcf7-submit has-spinner\" type=\"submit\" value=\"ENVIAR\" \/>\n\t\t<\/p>\n\t<\/div>\n<\/div><div class=\"wpcf7-response-output\" aria-hidden=\"true\"><\/div>\n<\/form>\n<\/div>\n[\/vc_column][\/vc_row]\n<\/div>","protected":false},"excerpt":{"rendered":"<p>[vc_row css_animation=\u00bbfadeIn\u00bb full_width=\u00bbstretch_row\u00bb content_placement=\u00bbmiddle\u00bb css=\u00bb.vc_custom_1683815019546{background-image: url(https:\/\/www.nftrasporti.com\/wp-content\/uploads\/2023\/05\/telonidefinitivi_3.png?id=660) !important;}\u00bb min_height=\u00bb330px\u00bb][vc_column][vc_column_text color=\u00bb#ffffff\u00bb] \u00bfPor qu\u00e9 Elegirnos? [\/vc_column_text][\/vc_column][\/vc_row][vc_row full_width=\u00bbstretch_row\u00bb equal_height=\u00bbyes\u00bb el_class=\u00bbmargine150 margine_mobile100&#8243;][vc_column css_animation=\u00bbfadeInLeft\u00bb width=\u00bb5\/12&#8243; el_class=\u00bbbordo_dx_home\u00bb][vc_column_text css=\u00bb.vc_custom_1686559404486{margin-top: 30px !important;}\u00bb] Equipo Competente [\/vc_column_text][vc_column_text css=\u00bb.vc_custom_1686559457014{margin-top: 30px !important;margin-right: 20px !important;}\u00bb]Un equipo competente y cohesionado, joven y altamente especializado, que trabaja con pasi\u00f3n. Sabemos combinar el uso de los m\u00e9todos m\u00e1s avanzados, que garantizan servicios&hellip;<\/p>\n","protected":false},"author":1,"featured_media":0,"parent":0,"menu_order":0,"comment_status":"closed","ping_status":"closed","template":"","meta":{"_acf_changed":false,"inline_featured_image":false,"footnotes":""},"class_list":["post-1860","page","type-page","status-publish","hentry","entry","no-media"],"acf":[],"yoast_head":"<!-- This site is optimized with the Yoast SEO plugin v25.4 - https:\/\/yoast.com\/wordpress\/plugins\/seo\/ -->\n<title>\u00bfPor qu\u00e9 Elegirnos? &#062; NF TRASPORTI<\/title>\n<meta name=\"robots\" content=\"index, follow, max-snippet:-1, max-image-preview:large, max-video-preview:-1\" \/>\n<link rel=\"canonical\" href=\"https:\/\/www.nftrasporti.com\/es\/perche-scegliere-noi\/\" \/>\n<meta property=\"og:locale\" content=\"es_ES\" \/>\n<meta property=\"og:type\" content=\"article\" \/>\n<meta property=\"og:title\" content=\"\u00bfPor qu\u00e9 Elegirnos? &#062; NF TRASPORTI\" \/>\n<meta property=\"og:description\" content=\"[vc_row css_animation=\u00bbfadeIn\u00bb full_width=\u00bbstretch_row\u00bb content_placement=\u00bbmiddle\u00bb css=\u00bb.vc_custom_1683815019546{background-image: url(https:\/\/www.nftrasporti.com\/wp-content\/uploads\/2023\/05\/telonidefinitivi_3.png?id=660) !important;}\u00bb min_height=\u00bb330px\u00bb][vc_column][vc_column_text color=\u00bb#ffffff\u00bb] \u00bfPor qu\u00e9 Elegirnos? [\/vc_column_text][\/vc_column][\/vc_row][vc_row full_width=\u00bbstretch_row\u00bb equal_height=\u00bbyes\u00bb el_class=\u00bbmargine150 margine_mobile100&#8243;][vc_column css_animation=\u00bbfadeInLeft\u00bb width=\u00bb5\/12&#8243; el_class=\u00bbbordo_dx_home\u00bb][vc_column_text css=\u00bb.vc_custom_1686559404486{margin-top: 30px !important;}\u00bb] Equipo Competente [\/vc_column_text][vc_column_text css=\u00bb.vc_custom_1686559457014{margin-top: 30px !important;margin-right: 20px !important;}\u00bb]Un equipo competente y cohesionado, joven y altamente especializado, que trabaja con pasi\u00f3n. Sabemos combinar el uso de los m\u00e9todos m\u00e1s avanzados, que garantizan servicios&hellip;\" \/>\n<meta property=\"og:url\" content=\"https:\/\/www.nftrasporti.com\/es\/perche-scegliere-noi\/\" \/>\n<meta property=\"og:site_name\" content=\"NF TRASPORTI\" \/>\n<meta property=\"article:modified_time\" content=\"2025-07-19T08:36:59+00:00\" \/>\n<meta name=\"twitter:card\" content=\"summary_large_image\" \/>\n<meta name=\"twitter:label1\" content=\"Tiempo de lectura\" \/>\n\t<meta name=\"twitter:data1\" content=\"3 minutos\" \/>\n<script type=\"application\/ld+json\" class=\"yoast-schema-graph\">{\"@context\":\"https:\/\/schema.org\",\"@graph\":[{\"@type\":\"WebPage\",\"@id\":\"https:\/\/www.nftrasporti.com\/es\/perche-scegliere-noi\/\",\"url\":\"https:\/\/www.nftrasporti.com\/es\/perche-scegliere-noi\/\",\"name\":\"\u00bfPor qu\u00e9 Elegirnos? &#062; NF TRASPORTI\",\"isPartOf\":{\"@id\":\"https:\/\/www.nftrasporti.com\/es\/#website\"},\"datePublished\":\"2023-04-26T10:45:16+00:00\",\"dateModified\":\"2025-07-19T08:36:59+00:00\",\"breadcrumb\":{\"@id\":\"https:\/\/www.nftrasporti.com\/es\/perche-scegliere-noi\/#breadcrumb\"},\"inLanguage\":\"es\",\"potentialAction\":[{\"@type\":\"ReadAction\",\"target\":[\"https:\/\/www.nftrasporti.com\/es\/perche-scegliere-noi\/\"]}]},{\"@type\":\"BreadcrumbList\",\"@id\":\"https:\/\/www.nftrasporti.com\/es\/perche-scegliere-noi\/#breadcrumb\",\"itemListElement\":[{\"@type\":\"ListItem\",\"position\":1,\"name\":\"Home\",\"item\":\"https:\/\/www.nftrasporti.com\/es\/\"},{\"@type\":\"ListItem\",\"position\":2,\"name\":\"\u00bfPor qu\u00e9 Elegirnos?\"}]},{\"@type\":\"WebSite\",\"@id\":\"https:\/\/www.nftrasporti.com\/es\/#website\",\"url\":\"https:\/\/www.nftrasporti.com\/es\/\",\"name\":\"https:\/\/www.nftrasporti.com\/\",\"description\":\"Servizio professionale, Rapido, Sicuro.\",\"publisher\":{\"@id\":\"https:\/\/www.nftrasporti.com\/es\/#organization\"},\"potentialAction\":[{\"@type\":\"SearchAction\",\"target\":{\"@type\":\"EntryPoint\",\"urlTemplate\":\"https:\/\/www.nftrasporti.com\/es\/?s={search_term_string}\"},\"query-input\":{\"@type\":\"PropertyValueSpecification\",\"valueRequired\":true,\"valueName\":\"search_term_string\"}}],\"inLanguage\":\"es\"},{\"@type\":\"Organization\",\"@id\":\"https:\/\/www.nftrasporti.com\/es\/#organization\",\"name\":\"NF Trasporti S.r.l.\",\"url\":\"https:\/\/www.nftrasporti.com\/es\/\",\"logo\":{\"@type\":\"ImageObject\",\"inLanguage\":\"es\",\"@id\":\"https:\/\/www.nftrasporti.com\/es\/#\/schema\/logo\/image\/\",\"url\":\"https:\/\/www.nftrasporti.com\/wp-content\/uploads\/2023\/04\/logo_NF_trasporti.png\",\"contentUrl\":\"https:\/\/www.nftrasporti.com\/wp-content\/uploads\/2023\/04\/logo_NF_trasporti.png\",\"width\":270,\"height\":360,\"caption\":\"NF Trasporti S.r.l.\"},\"image\":{\"@id\":\"https:\/\/www.nftrasporti.com\/es\/#\/schema\/logo\/image\/\"},\"sameAs\":[\"https:\/\/www.linkedin.com\/company\/nf-trasporti\/\"]}]}<\/script>\n<!-- \/ Yoast SEO plugin. -->","yoast_head_json":{"title":"\u00bfPor qu\u00e9 Elegirnos? &#062; NF TRASPORTI","robots":{"index":"index","follow":"follow","max-snippet":"max-snippet:-1","max-image-preview":"max-image-preview:large","max-video-preview":"max-video-preview:-1"},"canonical":"https:\/\/www.nftrasporti.com\/es\/perche-scegliere-noi\/","og_locale":"es_ES","og_type":"article","og_title":"\u00bfPor qu\u00e9 Elegirnos? &#062; NF TRASPORTI","og_description":"[vc_row css_animation=\u00bbfadeIn\u00bb full_width=\u00bbstretch_row\u00bb content_placement=\u00bbmiddle\u00bb css=\u00bb.vc_custom_1683815019546{background-image: url(https:\/\/www.nftrasporti.com\/wp-content\/uploads\/2023\/05\/telonidefinitivi_3.png?id=660) !important;}\u00bb min_height=\u00bb330px\u00bb][vc_column][vc_column_text color=\u00bb#ffffff\u00bb] \u00bfPor qu\u00e9 Elegirnos? [\/vc_column_text][\/vc_column][\/vc_row][vc_row full_width=\u00bbstretch_row\u00bb equal_height=\u00bbyes\u00bb el_class=\u00bbmargine150 margine_mobile100&#8243;][vc_column css_animation=\u00bbfadeInLeft\u00bb width=\u00bb5\/12&#8243; el_class=\u00bbbordo_dx_home\u00bb][vc_column_text css=\u00bb.vc_custom_1686559404486{margin-top: 30px !important;}\u00bb] Equipo Competente [\/vc_column_text][vc_column_text css=\u00bb.vc_custom_1686559457014{margin-top: 30px !important;margin-right: 20px !important;}\u00bb]Un equipo competente y cohesionado, joven y altamente especializado, que trabaja con pasi\u00f3n. Sabemos combinar el uso de los m\u00e9todos m\u00e1s avanzados, que garantizan servicios&hellip;","og_url":"https:\/\/www.nftrasporti.com\/es\/perche-scegliere-noi\/","og_site_name":"NF TRASPORTI","article_modified_time":"2025-07-19T08:36:59+00:00","twitter_card":"summary_large_image","twitter_misc":{"Tiempo de lectura":"3 minutos"},"schema":{"@context":"https:\/\/schema.org","@graph":[{"@type":"WebPage","@id":"https:\/\/www.nftrasporti.com\/es\/perche-scegliere-noi\/","url":"https:\/\/www.nftrasporti.com\/es\/perche-scegliere-noi\/","name":"\u00bfPor qu\u00e9 Elegirnos? &#062; NF TRASPORTI","isPartOf":{"@id":"https:\/\/www.nftrasporti.com\/es\/#website"},"datePublished":"2023-04-26T10:45:16+00:00","dateModified":"2025-07-19T08:36:59+00:00","breadcrumb":{"@id":"https:\/\/www.nftrasporti.com\/es\/perche-scegliere-noi\/#breadcrumb"},"inLanguage":"es","potentialAction":[{"@type":"ReadAction","target":["https:\/\/www.nftrasporti.com\/es\/perche-scegliere-noi\/"]}]},{"@type":"BreadcrumbList","@id":"https:\/\/www.nftrasporti.com\/es\/perche-scegliere-noi\/#breadcrumb","itemListElement":[{"@type":"ListItem","position":1,"name":"Home","item":"https:\/\/www.nftrasporti.com\/es\/"},{"@type":"ListItem","position":2,"name":"\u00bfPor qu\u00e9 Elegirnos?"}]},{"@type":"WebSite","@id":"https:\/\/www.nftrasporti.com\/es\/#website","url":"https:\/\/www.nftrasporti.com\/es\/","name":"https:\/\/www.nftrasporti.com\/","description":"Servizio professionale, Rapido, Sicuro.","publisher":{"@id":"https:\/\/www.nftrasporti.com\/es\/#organization"},"potentialAction":[{"@type":"SearchAction","target":{"@type":"EntryPoint","urlTemplate":"https:\/\/www.nftrasporti.com\/es\/?s={search_term_string}"},"query-input":{"@type":"PropertyValueSpecification","valueRequired":true,"valueName":"search_term_string"}}],"inLanguage":"es"},{"@type":"Organization","@id":"https:\/\/www.nftrasporti.com\/es\/#organization","name":"NF Trasporti S.r.l.","url":"https:\/\/www.nftrasporti.com\/es\/","logo":{"@type":"ImageObject","inLanguage":"es","@id":"https:\/\/www.nftrasporti.com\/es\/#\/schema\/logo\/image\/","url":"https:\/\/www.nftrasporti.com\/wp-content\/uploads\/2023\/04\/logo_NF_trasporti.png","contentUrl":"https:\/\/www.nftrasporti.com\/wp-content\/uploads\/2023\/04\/logo_NF_trasporti.png","width":270,"height":360,"caption":"NF Trasporti S.r.l."},"image":{"@id":"https:\/\/www.nftrasporti.com\/es\/#\/schema\/logo\/image\/"},"sameAs":["https:\/\/www.linkedin.com\/company\/nf-trasporti\/"]}]}},"_links":{"self":[{"href":"https:\/\/www.nftrasporti.com\/es\/wp-json\/wp\/v2\/pages\/1860","targetHints":{"allow":["GET"]}}],"collection":[{"href":"https:\/\/www.nftrasporti.com\/es\/wp-json\/wp\/v2\/pages"}],"about":[{"href":"https:\/\/www.nftrasporti.com\/es\/wp-json\/wp\/v2\/types\/page"}],"author":[{"embeddable":true,"href":"https:\/\/www.nftrasporti.com\/es\/wp-json\/wp\/v2\/users\/1"}],"replies":[{"embeddable":true,"href":"https:\/\/www.nftrasporti.com\/es\/wp-json\/wp\/v2\/comments?post=1860"}],"version-history":[{"count":4,"href":"https:\/\/www.nftrasporti.com\/es\/wp-json\/wp\/v2\/pages\/1860\/revisions"}],"predecessor-version":[{"id":2874,"href":"https:\/\/www.nftrasporti.com\/es\/wp-json\/wp\/v2\/pages\/1860\/revisions\/2874"}],"wp:attachment":[{"href":"https:\/\/www.nftrasporti.com\/es\/wp-json\/wp\/v2\/media?parent=1860"}],"curies":[{"name":"wp","href":"https:\/\/api.w.org\/{rel}","templated":true}]}}