{"id":2432,"date":"2024-06-14T14:14:53","date_gmt":"2024-06-14T12:14:53","guid":{"rendered":"https:\/\/www.nftrasporti.com\/?page_id=2432"},"modified":"2024-07-22T18:39:59","modified_gmt":"2024-07-22T16:39:59","slug":"informativa-clienti-esp","status":"publish","type":"page","link":"https:\/\/www.nftrasporti.com\/es\/informativa-clienti-esp\/","title":{"rendered":"INFORMATIVA CLIENTI ESP"},"content":{"rendered":"<p>INFORMACI\u00d3N<\/p>\n<p>ARTS. 13 Y 14 DEL REGLAMENTO (UE) 2016\/679<\/p>\n<p>Personas interesadas: Clientes<\/p>\n<p>Estimado Cliente,<\/p>\n<p>NF TRASPORTI S.r.l., en su calidad de Responsable del tratamiento de sus datos personales conforme y a los efectos del Reglamento (UE) 2016\/679, en adelante \u2018GDPR\u2019, le informa mediante el presente que la normativa citada prev\u00e9 la protecci\u00f3n de las personas interesadas con respecto al tratamiento de datos personales y que dicho tratamiento se llevar\u00e1 a cabo de acuerdo con los principios de legalidad, transparencia y protecci\u00f3n de su privacidad y de sus derechos.<\/p>\n<p>Para alcanzar sus objetivos relacionados con la gesti\u00f3n de la relaci\u00f3n, el Responsable necesita adquirir datos personales tales como, a modo de ejemplo, el nombre y el apellido, el n\u00famero de tel\u00e9fono o m\u00f3vil, la direcci\u00f3n, la direcci\u00f3n de correo electr\u00f3nico, el c\u00f3digo fiscal\/n\u00famero de IVA y otros datos o informaciones sobre el tipo de prestaci\u00f3n solicitada, solo si son necesarios para los fines indicados seg\u00fan el principio de \u201cminimizaci\u00f3n de datos\u201d.<\/p>\n<p>Sus datos personales ser\u00e1n tratados de acuerdo con las disposiciones legislativas de la normativa mencionada anteriormente y con las obligaciones de confidencialidad previstas en la misma.<\/p>\n<p>Finalidad y base jur\u00eddica del tratamiento: En particular, sus datos ser\u00e1n tratados para los siguientes fines relacionados con el cumplimiento de obligaciones relativas a:<\/p>\n<p>\u2022 Cumplimiento de obligaciones fiscales y contables; base jur\u00eddica: obligaci\u00f3n legal;<br \/>\n\u2022 Gesti\u00f3n de pagos electr\u00f3nicos eventuales; base jur\u00eddica: obligaci\u00f3n legal;<br \/>\n\u2022 Obligaciones previstas por las leyes vigentes; base jur\u00eddica: obligaci\u00f3n legal;<\/p>\n<p>Consecuencias de la falta de comunicaci\u00f3n: El tratamiento de los datos es necesario para responder a la solicitud del cliente para los fines indicados, y la falta de comunicaci\u00f3n o la comunicaci\u00f3n incorrecta de una de las informaciones obligatorias puede causar la imposibilidad del Responsable de garantizar los servicios solicitados.<\/p>\n<p>M\u00e9todos de tratamiento: El tratamiento se lleva a cabo con herramientas manuales y\/o inform\u00e1ticas y telem\u00e1ticas de manera que se garantice la seguridad, integridad y confidencialidad de los datos, respetando las medidas organizativas, f\u00edsicas y l\u00f3gicas previstas por las disposiciones vigentes para minimizar los riesgos de destrucci\u00f3n o p\u00e9rdida, acceso no autorizado, modificaci\u00f3n y divulgaci\u00f3n no autorizada, de acuerdo con los art\u00edculos 6 y 32 del GDPR.<\/p>\n<p>Destinatarios: Para llevar a cabo determinadas actividades o para proporcionar apoyo al funcionamiento y organizaci\u00f3n de la actividad, algunos datos pueden ser conocidos o comunicados a destinatarios. Estos destinatarios se distinguen en:<\/p>\n<p>\u2022 Terceros: (comunicaci\u00f3n a: personas f\u00edsicas o jur\u00eddicas, autoridades p\u00fablicas, servicios u otros organismos que no sean el interesado, el Responsable del tratamiento, el encargado del tratamiento y las personas autorizadas responsables del tratamiento), entre los cuales:<br \/>\n\u2022 Institutos bancarios para la gesti\u00f3n de cobros y pagos;<br \/>\n\u2022 Empresas que gestionan servicios postales tradicionales o informatizados (si es necesario para los fines indicados);<br \/>\n\u2022 Asesores y profesionales independientes, tambi\u00e9n en asociaci\u00f3n, en el \u00e1mbito jur\u00eddico, etc., en calidad de responsables aut\u00f3nomos;<br \/>\n\u2022 Sujetos\/organismos en virtud de obligaciones legales eventualmente facultados para acceder a sus datos;<br \/>\n\u2022 Encargados del tratamiento: (la persona f\u00edsica o jur\u00eddica, la autoridad p\u00fablica, el servicio u otro organismo que trate datos personales por cuenta del Responsable del tratamiento)<br \/>\n\u2022 Empresas y otros sujetos, asesores y profesionales independientes a los que se les han confiado mandatos para la gesti\u00f3n de obligaciones fiscales, administrativas, contables obligatorias en el \u00e1mbito del asesoramiento jur\u00eddico, etc.;<br \/>\n\u2022 Eventuales proveedores de servicios inform\u00e1ticos, web u otros servicios necesarios para alcanzar los fines necesarios para la gesti\u00f3n de la relaci\u00f3n.<\/p>\n<p>Dentro de la estructura empresarial: Sus datos ser\u00e1n tratados \u00fanicamente por personal expresamente autorizado por el Responsable con la garant\u00eda de adopci\u00f3n de un acuerdo de confidencialidad y, en particular, por las siguientes categor\u00edas de personal:<\/p>\n<p>\u2022 Administraci\u00f3n;<br \/>\n\u2022 Secretar\u00eda;<\/p>\n<p>Difusi\u00f3n: Sus datos personales no ser\u00e1n difundidos de ninguna manera.<\/p>\n<p>Transferencia de datos a terceros pa\u00edses: El Responsable no transfiere datos personales a pa\u00edses fuera de la UE. Si fuera necesario, las personas interesadas ser\u00e1n informadas previamente y se adoptar\u00e1n medidas de garant\u00eda para la transferencia a los destinatarios, que seg\u00fan el caso pueden incluir: verificaci\u00f3n de la existencia de decisiones de adecuaci\u00f3n para el pa\u00eds destinatario por parte de la Comisi\u00f3n, suscripci\u00f3n de cl\u00e1usulas contractuales tipo, verificaci\u00f3n de la adopci\u00f3n de medidas adicionales de acuerdo con la recomendaci\u00f3n 01\/2020 EDPB. En derogaci\u00f3n de estas garant\u00edas, para los tratamientos de datos (conforme al art. 49 del GDPR), cuando sea aplicable, se verifica la existencia de un contrato o medidas precontractuales en favor del interesado o el consentimiento para la transferencia.<\/p>\n<p>Periodo de conservaci\u00f3n: Le informamos que, de acuerdo con los principios de legalidad, limitaci\u00f3n de la finalidad, minimizaci\u00f3n de datos conforme al art. 5 del GDPR, el periodo de conservaci\u00f3n de sus datos personales est\u00e1 fijado por un tiempo no superior al necesario para lograr los fines para los cuales se recogen y tratan. En caso de suscripci\u00f3n de un contrato, este periodo de conservaci\u00f3n puede cesar con la expiraci\u00f3n o rescisi\u00f3n del contrato; los mismos datos pueden ser conservados, si es aplicable, por un periodo adicional para la gesti\u00f3n de posibles litigios. La base jur\u00eddica de esta conservaci\u00f3n es el inter\u00e9s leg\u00edtimo del Responsable del tratamiento. El periodo de conservaci\u00f3n para los tratamientos de datos relativos al marketing es funcional a los fines perseguidos por el Responsable del tratamiento y en cualquier caso no superior a 3 a\u00f1os desde el \u00faltimo contacto o respuesta recibida.<\/p>\n<p>Responsable del tratamiento: El Responsable del tratamiento de los datos conforme a la normativa es NF TRASPORTI Srl, con sede legal y operativa en Via Emilia 4010, 47020 \u2013 Longiano (FC) \u2013 IT, IVA: 04257640401, representado por su representante legal pro tempore.<\/p>\n<p>Enviando un correo electr\u00f3nico a la siguiente direcci\u00f3n: info@nftrasporti.com, puede solicitar m\u00e1s informaci\u00f3n sobre los datos proporcionados.<\/p>\n<p>Reg. (UE) 2016\/679: Artt. 15 16 17 18 19 20 21 22 23 &#8211; Derechos del interesado<\/p>\n<p>1. El interesado tiene derecho a obtener la confirmaci\u00f3n de la existencia o no de datos personales que le conciernen, aunque a\u00fan no est\u00e9n registrados, y su comunicaci\u00f3n en forma inteligible.<br \/>\n2. El interesado tiene derecho a obtener informaci\u00f3n sobre:<br \/>\n\u2022 el origen de los datos personales;<br \/>\n\u2022 los fines y m\u00e9todos del tratamiento;<br \/>\n\u2022 la l\u00f3gica aplicada en caso de tratamiento realizado con la ayuda de herramientas electr\u00f3nicas;<br \/>\n\u2022 los datos identificativos del Responsable, los encargados y el representante designado conforme al art\u00edculo 5, p\u00e1rrafo 2;<br \/>\n\u2022 los sujetos o categor\u00edas de sujetos a los que se pueden comunicar los datos personales o que pueden conocerlos en calidad de representante designado en el territorio del Estado, encargados o personas autorizadas.<br \/>\n3. El interesado tiene derecho a obtener:<br \/>\n\u2022 la actualizaci\u00f3n, rectificaci\u00f3n o, si est\u00e1 interesado, la integraci\u00f3n de los datos;<br \/>\n\u2022 la cancelaci\u00f3n, anonimizaci\u00f3n o el bloqueo de los datos tratados en violaci\u00f3n de la ley, incluidos aquellos cuya conservaci\u00f3n no sea necesaria para los fines para los que se recogieron o trataron posteriormente;<br \/>\n\u2022 la certificaci\u00f3n de que las operaciones mencionadas en las letras a) y b) se han puesto en conocimiento, tambi\u00e9n en cuanto a su contenido, de las personas a las que se han comunicado o difundido los datos, salvo que este cumplimiento sea imposible o implique el uso de medios claramente desproporcionados con respecto al derecho protegido;<br \/>\n\u2022 la portabilidad de los datos.<br \/>\n4. El interesado tiene derecho a oponerse, total o parcialmente:<br \/>\n\u2022 por motivos leg\u00edtimos, al tratamiento de los datos personales que le conciernen, aunque sean pertinentes para el fin de la recogida;<br \/>\n\u2022 al tratamiento de los datos personales que le conciernen para el env\u00edo de material publicitario o de venta directa o para la realizaci\u00f3n de estudios de mercado o comunicaci\u00f3n comercial.<\/p>\n<p>Reclamaci\u00f3n: Los interesados tambi\u00e9n tienen derecho, si se cumplen las condiciones, a presentar una reclamaci\u00f3n ante la autoridad de control, seg\u00fan los procedimientos previstos. Para cualquier informaci\u00f3n adicional y para hacer valer sus derechos reconocidos por el Reglamento europeo, puede dirigirse al Responsable del tratamiento a los contactos indicados anteriormente.<\/p>\n<p>NF TRASPORTI S.r.l.<br \/>\nVia Emilia 4010 &#8211; 47020 \u2013 Longiano (FC)<br \/>\nIVA: 04257640401<\/p>\n","protected":false},"excerpt":{"rendered":"<p>INFORMACI\u00d3N ARTS. 13 Y 14 DEL REGLAMENTO (UE) 2016\/679 Personas interesadas: Clientes Estimado Cliente, NF TRASPORTI S.r.l., en su calidad de Responsable del tratamiento de sus datos personales conforme y a los efectos del Reglamento (UE) 2016\/679, en adelante \u2018GDPR\u2019, le informa mediante el presente que la normativa citada prev\u00e9 la protecci\u00f3n de las personas&hellip;<\/p>\n","protected":false},"author":1,"featured_media":0,"parent":0,"menu_order":0,"comment_status":"closed","ping_status":"open","template":"","meta":{"_acf_changed":false,"inline_featured_image":false,"footnotes":""},"class_list":["post-2432","page","type-page","status-publish","hentry","entry","no-media"],"acf":[],"yoast_head":"<!-- This site is optimized with the Yoast SEO plugin v25.4 - https:\/\/yoast.com\/wordpress\/plugins\/seo\/ -->\n<title>INFORMATIVA CLIENTI ESP &#062; NF TRASPORTI<\/title>\n<meta name=\"robots\" content=\"index, follow, max-snippet:-1, max-image-preview:large, max-video-preview:-1\" \/>\n<link rel=\"canonical\" href=\"https:\/\/www.nftrasporti.com\/es\/informativa-clienti-esp\/\" \/>\n<meta property=\"og:locale\" content=\"es_ES\" \/>\n<meta property=\"og:type\" content=\"article\" \/>\n<meta property=\"og:title\" content=\"INFORMATIVA CLIENTI ESP &#062; NF TRASPORTI\" \/>\n<meta property=\"og:description\" content=\"INFORMACI\u00d3N ARTS. 13 Y 14 DEL REGLAMENTO (UE) 2016\/679 Personas interesadas: Clientes Estimado Cliente, NF TRASPORTI S.r.l., en su calidad de Responsable del tratamiento de sus datos personales conforme y a los efectos del Reglamento (UE) 2016\/679, en adelante \u2018GDPR\u2019, le informa mediante el presente que la normativa citada prev\u00e9 la protecci\u00f3n de las personas&hellip;\" \/>\n<meta property=\"og:url\" content=\"https:\/\/www.nftrasporti.com\/es\/informativa-clienti-esp\/\" \/>\n<meta property=\"og:site_name\" content=\"NF TRASPORTI\" \/>\n<meta property=\"article:modified_time\" content=\"2024-07-22T16:39:59+00:00\" \/>\n<meta name=\"twitter:card\" content=\"summary_large_image\" \/>\n<meta name=\"twitter:label1\" content=\"Tiempo de lectura\" \/>\n\t<meta name=\"twitter:data1\" content=\"8 minutos\" \/>\n<script type=\"application\/ld+json\" class=\"yoast-schema-graph\">{\"@context\":\"https:\/\/schema.org\",\"@graph\":[{\"@type\":\"WebPage\",\"@id\":\"https:\/\/www.nftrasporti.com\/es\/informativa-clienti-esp\/\",\"url\":\"https:\/\/www.nftrasporti.com\/es\/informativa-clienti-esp\/\",\"name\":\"INFORMATIVA CLIENTI ESP &#062; NF TRASPORTI\",\"isPartOf\":{\"@id\":\"https:\/\/www.nftrasporti.com\/es\/#website\"},\"datePublished\":\"2024-06-14T12:14:53+00:00\",\"dateModified\":\"2024-07-22T16:39:59+00:00\",\"breadcrumb\":{\"@id\":\"https:\/\/www.nftrasporti.com\/es\/informativa-clienti-esp\/#breadcrumb\"},\"inLanguage\":\"es\",\"potentialAction\":[{\"@type\":\"ReadAction\",\"target\":[\"https:\/\/www.nftrasporti.com\/es\/informativa-clienti-esp\/\"]}]},{\"@type\":\"BreadcrumbList\",\"@id\":\"https:\/\/www.nftrasporti.com\/es\/informativa-clienti-esp\/#breadcrumb\",\"itemListElement\":[{\"@type\":\"ListItem\",\"position\":1,\"name\":\"Home\",\"item\":\"https:\/\/www.nftrasporti.com\/es\/\"},{\"@type\":\"ListItem\",\"position\":2,\"name\":\"INFORMATIVA CLIENTI ESP\"}]},{\"@type\":\"WebSite\",\"@id\":\"https:\/\/www.nftrasporti.com\/es\/#website\",\"url\":\"https:\/\/www.nftrasporti.com\/es\/\",\"name\":\"https:\/\/www.nftrasporti.com\/\",\"description\":\"Servizio professionale, Rapido, Sicuro.\",\"publisher\":{\"@id\":\"https:\/\/www.nftrasporti.com\/es\/#organization\"},\"potentialAction\":[{\"@type\":\"SearchAction\",\"target\":{\"@type\":\"EntryPoint\",\"urlTemplate\":\"https:\/\/www.nftrasporti.com\/es\/?s={search_term_string}\"},\"query-input\":{\"@type\":\"PropertyValueSpecification\",\"valueRequired\":true,\"valueName\":\"search_term_string\"}}],\"inLanguage\":\"es\"},{\"@type\":\"Organization\",\"@id\":\"https:\/\/www.nftrasporti.com\/es\/#organization\",\"name\":\"NF Trasporti S.r.l.\",\"url\":\"https:\/\/www.nftrasporti.com\/es\/\",\"logo\":{\"@type\":\"ImageObject\",\"inLanguage\":\"es\",\"@id\":\"https:\/\/www.nftrasporti.com\/es\/#\/schema\/logo\/image\/\",\"url\":\"https:\/\/www.nftrasporti.com\/wp-content\/uploads\/2023\/04\/logo_NF_trasporti.png\",\"contentUrl\":\"https:\/\/www.nftrasporti.com\/wp-content\/uploads\/2023\/04\/logo_NF_trasporti.png\",\"width\":270,\"height\":360,\"caption\":\"NF Trasporti S.r.l.\"},\"image\":{\"@id\":\"https:\/\/www.nftrasporti.com\/es\/#\/schema\/logo\/image\/\"},\"sameAs\":[\"https:\/\/www.linkedin.com\/company\/nf-trasporti\/\"]}]}<\/script>\n<!-- \/ Yoast SEO plugin. -->","yoast_head_json":{"title":"INFORMATIVA CLIENTI ESP &#062; NF TRASPORTI","robots":{"index":"index","follow":"follow","max-snippet":"max-snippet:-1","max-image-preview":"max-image-preview:large","max-video-preview":"max-video-preview:-1"},"canonical":"https:\/\/www.nftrasporti.com\/es\/informativa-clienti-esp\/","og_locale":"es_ES","og_type":"article","og_title":"INFORMATIVA CLIENTI ESP &#062; NF TRASPORTI","og_description":"INFORMACI\u00d3N ARTS. 13 Y 14 DEL REGLAMENTO (UE) 2016\/679 Personas interesadas: Clientes Estimado Cliente, NF TRASPORTI S.r.l., en su calidad de Responsable del tratamiento de sus datos personales conforme y a los efectos del Reglamento (UE) 2016\/679, en adelante \u2018GDPR\u2019, le informa mediante el presente que la normativa citada prev\u00e9 la protecci\u00f3n de las personas&hellip;","og_url":"https:\/\/www.nftrasporti.com\/es\/informativa-clienti-esp\/","og_site_name":"NF TRASPORTI","article_modified_time":"2024-07-22T16:39:59+00:00","twitter_card":"summary_large_image","twitter_misc":{"Tiempo de lectura":"8 minutos"},"schema":{"@context":"https:\/\/schema.org","@graph":[{"@type":"WebPage","@id":"https:\/\/www.nftrasporti.com\/es\/informativa-clienti-esp\/","url":"https:\/\/www.nftrasporti.com\/es\/informativa-clienti-esp\/","name":"INFORMATIVA CLIENTI ESP &#062; NF TRASPORTI","isPartOf":{"@id":"https:\/\/www.nftrasporti.com\/es\/#website"},"datePublished":"2024-06-14T12:14:53+00:00","dateModified":"2024-07-22T16:39:59+00:00","breadcrumb":{"@id":"https:\/\/www.nftrasporti.com\/es\/informativa-clienti-esp\/#breadcrumb"},"inLanguage":"es","potentialAction":[{"@type":"ReadAction","target":["https:\/\/www.nftrasporti.com\/es\/informativa-clienti-esp\/"]}]},{"@type":"BreadcrumbList","@id":"https:\/\/www.nftrasporti.com\/es\/informativa-clienti-esp\/#breadcrumb","itemListElement":[{"@type":"ListItem","position":1,"name":"Home","item":"https:\/\/www.nftrasporti.com\/es\/"},{"@type":"ListItem","position":2,"name":"INFORMATIVA CLIENTI ESP"}]},{"@type":"WebSite","@id":"https:\/\/www.nftrasporti.com\/es\/#website","url":"https:\/\/www.nftrasporti.com\/es\/","name":"https:\/\/www.nftrasporti.com\/","description":"Servizio professionale, Rapido, Sicuro.","publisher":{"@id":"https:\/\/www.nftrasporti.com\/es\/#organization"},"potentialAction":[{"@type":"SearchAction","target":{"@type":"EntryPoint","urlTemplate":"https:\/\/www.nftrasporti.com\/es\/?s={search_term_string}"},"query-input":{"@type":"PropertyValueSpecification","valueRequired":true,"valueName":"search_term_string"}}],"inLanguage":"es"},{"@type":"Organization","@id":"https:\/\/www.nftrasporti.com\/es\/#organization","name":"NF Trasporti S.r.l.","url":"https:\/\/www.nftrasporti.com\/es\/","logo":{"@type":"ImageObject","inLanguage":"es","@id":"https:\/\/www.nftrasporti.com\/es\/#\/schema\/logo\/image\/","url":"https:\/\/www.nftrasporti.com\/wp-content\/uploads\/2023\/04\/logo_NF_trasporti.png","contentUrl":"https:\/\/www.nftrasporti.com\/wp-content\/uploads\/2023\/04\/logo_NF_trasporti.png","width":270,"height":360,"caption":"NF Trasporti S.r.l."},"image":{"@id":"https:\/\/www.nftrasporti.com\/es\/#\/schema\/logo\/image\/"},"sameAs":["https:\/\/www.linkedin.com\/company\/nf-trasporti\/"]}]}},"_links":{"self":[{"href":"https:\/\/www.nftrasporti.com\/es\/wp-json\/wp\/v2\/pages\/2432","targetHints":{"allow":["GET"]}}],"collection":[{"href":"https:\/\/www.nftrasporti.com\/es\/wp-json\/wp\/v2\/pages"}],"about":[{"href":"https:\/\/www.nftrasporti.com\/es\/wp-json\/wp\/v2\/types\/page"}],"author":[{"embeddable":true,"href":"https:\/\/www.nftrasporti.com\/es\/wp-json\/wp\/v2\/users\/1"}],"replies":[{"embeddable":true,"href":"https:\/\/www.nftrasporti.com\/es\/wp-json\/wp\/v2\/comments?post=2432"}],"version-history":[{"count":5,"href":"https:\/\/www.nftrasporti.com\/es\/wp-json\/wp\/v2\/pages\/2432\/revisions"}],"predecessor-version":[{"id":2556,"href":"https:\/\/www.nftrasporti.com\/es\/wp-json\/wp\/v2\/pages\/2432\/revisions\/2556"}],"wp:attachment":[{"href":"https:\/\/www.nftrasporti.com\/es\/wp-json\/wp\/v2\/media?parent=2432"}],"curies":[{"name":"wp","href":"https:\/\/api.w.org\/{rel}","templated":true}]}}