{"id":2759,"date":"2025-02-05T17:02:32","date_gmt":"2025-02-05T16:02:32","guid":{"rendered":"https:\/\/www.nftrasporti.com\/?page_id=2759"},"modified":"2025-02-06T17:00:42","modified_gmt":"2025-02-06T16:00:42","slug":"centro-de-atencion-al-cliente","status":"publish","type":"page","link":"https:\/\/www.nftrasporti.com\/es\/centro-de-atencion-al-cliente\/","title":{"rendered":"Centro de Atenci\u00f3n al Cliente"},"content":{"rendered":"<div class=\"wpb-content-wrapper\">[vc_row][vc_column]<div class=\"vcex-spacing wpex-w-100 wpex-clear\" style=\"height:70px;\"><\/div>[\/vc_column][\/vc_row][vc_row][vc_column][vc_single_image image=\u00bb2744&#8243;][\/vc_column][\/vc_row][vc_row][vc_column][vc_empty_space][\/vc_column][\/vc_row][vc_row][vc_column][vc_column_text]\n<h3>Centro de Atenci\u00f3n al Cliente<\/h3>\n[\/vc_column_text][vc_empty_space][vc_column_text]Nuestro <strong>Centro de Atenci\u00f3n al Cliente<\/strong> est\u00e1 dise\u00f1ado para gestionar de manera eficiente y profesional todas las solicitudes de asistencia relacionadas con presuntos da\u00f1os.<\/p>\n<p>El Centro de Atenci\u00f3n al Cliente est\u00e1 dedicado a:<\/p>\n<ul>\n<li>Gesti\u00f3n de reclamaciones por da\u00f1os<\/li>\n<li>Soporte al cliente dedicado<\/li>\n<li>Asistencia en el proceso de reclamaci\u00f3n de da\u00f1os<\/li>\n<li>Gesti\u00f3n de comentarios operativos<\/li>\n<\/ul>\n[\/vc_column_text][\/vc_column][\/vc_row][vc_row][vc_column][vc_empty_space][\/vc_column][\/vc_row][vc_row][vc_column][vc_column_text]\n<h3>Contacto<\/h3>\n[\/vc_column_text][vc_empty_space][vc_column_text]Email: <a href=\"mailto:centroassistenzaerelazioni@nftrasporti.com\">centroassistenzaerelazioni@nftrasporti.com<\/a>[\/vc_column_text][\/vc_column][\/vc_row][vc_row][vc_column][vc_empty_space][\/vc_column][\/vc_row][vc_row][vc_column][vc_column_text]\n<h3>Nuestro Compromiso<\/h3>\n[\/vc_column_text][vc_empty_space][vc_column_text]Nos comprometemos a proporcionar un servicio de asistencia eficiente y profesional, garantizando una gesti\u00f3n r\u00e1pida y transparente de cada solicitud. Nuestro equipo est\u00e1 siempre disponible para ayudar a los clientes en cada etapa del proceso de gesti\u00f3n de da\u00f1os.[\/vc_column_text][\/vc_column][\/vc_row][vc_row][vc_column][vc_empty_space][\/vc_column][\/vc_row]\n<\/div>","protected":false},"excerpt":{"rendered":"<p>[vc_row][vc_column][\/vc_column][\/vc_row][vc_row][vc_column][vc_single_image image=\u00bb2744&#8243;][\/vc_column][\/vc_row][vc_row][vc_column][vc_empty_space][\/vc_column][\/vc_row][vc_row][vc_column][vc_column_text] Centro de Atenci\u00f3n al Cliente [\/vc_column_text][vc_empty_space][vc_column_text]Nuestro Centro de Atenci\u00f3n al Cliente est\u00e1 dise\u00f1ado para gestionar de manera eficiente y profesional todas las solicitudes de asistencia relacionadas con presuntos da\u00f1os. El Centro de Atenci\u00f3n al Cliente est\u00e1 dedicado a: Gesti\u00f3n de reclamaciones por da\u00f1os Soporte al cliente dedicado Asistencia en el proceso de reclamaci\u00f3n&hellip;<\/p>\n","protected":false},"author":5,"featured_media":0,"parent":0,"menu_order":0,"comment_status":"closed","ping_status":"closed","template":"","meta":{"_acf_changed":false,"inline_featured_image":false,"footnotes":""},"class_list":["post-2759","page","type-page","status-publish","hentry","entry","no-media"],"acf":[],"yoast_head":"<!-- This site is optimized with the Yoast SEO plugin v25.4 - https:\/\/yoast.com\/wordpress\/plugins\/seo\/ -->\n<title>Centro de Atenci\u00f3n al Cliente &#062; NF TRASPORTI<\/title>\n<meta name=\"description\" content=\"Nos comprometemos a proporcionar un servicio de asistencia eficiente y profesional, garantizando una gesti\u00f3n r\u00e1pida y transparente de cada solicitud\" \/>\n<meta name=\"robots\" content=\"index, follow, max-snippet:-1, max-image-preview:large, max-video-preview:-1\" \/>\n<link rel=\"canonical\" href=\"https:\/\/www.nftrasporti.com\/es\/centro-de-atencion-al-cliente\/\" \/>\n<meta property=\"og:locale\" content=\"es_ES\" \/>\n<meta property=\"og:type\" content=\"article\" \/>\n<meta property=\"og:title\" content=\"Centro de Atenci\u00f3n al Cliente &#062; NF TRASPORTI\" \/>\n<meta property=\"og:description\" content=\"Nos comprometemos a proporcionar un servicio de asistencia eficiente y profesional, garantizando una gesti\u00f3n r\u00e1pida y transparente de cada solicitud\" \/>\n<meta property=\"og:url\" content=\"https:\/\/www.nftrasporti.com\/es\/centro-de-atencion-al-cliente\/\" \/>\n<meta property=\"og:site_name\" content=\"NF TRASPORTI\" \/>\n<meta property=\"article:modified_time\" content=\"2025-02-06T16:00:42+00:00\" \/>\n<meta name=\"twitter:card\" content=\"summary_large_image\" \/>\n<meta name=\"twitter:label1\" content=\"Tiempo de lectura\" \/>\n\t<meta name=\"twitter:data1\" content=\"1 minuto\" \/>\n<script type=\"application\/ld+json\" class=\"yoast-schema-graph\">{\"@context\":\"https:\/\/schema.org\",\"@graph\":[{\"@type\":\"WebPage\",\"@id\":\"https:\/\/www.nftrasporti.com\/es\/centro-de-atencion-al-cliente\/\",\"url\":\"https:\/\/www.nftrasporti.com\/es\/centro-de-atencion-al-cliente\/\",\"name\":\"Centro de Atenci\u00f3n al Cliente &#062; NF TRASPORTI\",\"isPartOf\":{\"@id\":\"https:\/\/www.nftrasporti.com\/es\/#website\"},\"datePublished\":\"2025-02-05T16:02:32+00:00\",\"dateModified\":\"2025-02-06T16:00:42+00:00\",\"description\":\"Nos comprometemos a proporcionar un servicio de asistencia eficiente y profesional, garantizando una gesti\u00f3n r\u00e1pida y transparente de cada solicitud\",\"breadcrumb\":{\"@id\":\"https:\/\/www.nftrasporti.com\/es\/centro-de-atencion-al-cliente\/#breadcrumb\"},\"inLanguage\":\"es\",\"potentialAction\":[{\"@type\":\"ReadAction\",\"target\":[\"https:\/\/www.nftrasporti.com\/es\/centro-de-atencion-al-cliente\/\"]}]},{\"@type\":\"BreadcrumbList\",\"@id\":\"https:\/\/www.nftrasporti.com\/es\/centro-de-atencion-al-cliente\/#breadcrumb\",\"itemListElement\":[{\"@type\":\"ListItem\",\"position\":1,\"name\":\"Home\",\"item\":\"https:\/\/www.nftrasporti.com\/es\/\"},{\"@type\":\"ListItem\",\"position\":2,\"name\":\"Centro de Atenci\u00f3n al Cliente\"}]},{\"@type\":\"WebSite\",\"@id\":\"https:\/\/www.nftrasporti.com\/es\/#website\",\"url\":\"https:\/\/www.nftrasporti.com\/es\/\",\"name\":\"https:\/\/www.nftrasporti.com\/\",\"description\":\"Servizio professionale, Rapido, Sicuro.\",\"publisher\":{\"@id\":\"https:\/\/www.nftrasporti.com\/es\/#organization\"},\"potentialAction\":[{\"@type\":\"SearchAction\",\"target\":{\"@type\":\"EntryPoint\",\"urlTemplate\":\"https:\/\/www.nftrasporti.com\/es\/?s={search_term_string}\"},\"query-input\":{\"@type\":\"PropertyValueSpecification\",\"valueRequired\":true,\"valueName\":\"search_term_string\"}}],\"inLanguage\":\"es\"},{\"@type\":\"Organization\",\"@id\":\"https:\/\/www.nftrasporti.com\/es\/#organization\",\"name\":\"NF Trasporti S.r.l.\",\"url\":\"https:\/\/www.nftrasporti.com\/es\/\",\"logo\":{\"@type\":\"ImageObject\",\"inLanguage\":\"es\",\"@id\":\"https:\/\/www.nftrasporti.com\/es\/#\/schema\/logo\/image\/\",\"url\":\"https:\/\/www.nftrasporti.com\/wp-content\/uploads\/2023\/04\/logo_NF_trasporti.png\",\"contentUrl\":\"https:\/\/www.nftrasporti.com\/wp-content\/uploads\/2023\/04\/logo_NF_trasporti.png\",\"width\":270,\"height\":360,\"caption\":\"NF Trasporti S.r.l.\"},\"image\":{\"@id\":\"https:\/\/www.nftrasporti.com\/es\/#\/schema\/logo\/image\/\"},\"sameAs\":[\"https:\/\/www.linkedin.com\/company\/nf-trasporti\/\"]}]}<\/script>\n<!-- \/ Yoast SEO plugin. -->","yoast_head_json":{"title":"Centro de Atenci\u00f3n al Cliente &#062; NF TRASPORTI","description":"Nos comprometemos a proporcionar un servicio de asistencia eficiente y profesional, garantizando una gesti\u00f3n r\u00e1pida y transparente de cada solicitud","robots":{"index":"index","follow":"follow","max-snippet":"max-snippet:-1","max-image-preview":"max-image-preview:large","max-video-preview":"max-video-preview:-1"},"canonical":"https:\/\/www.nftrasporti.com\/es\/centro-de-atencion-al-cliente\/","og_locale":"es_ES","og_type":"article","og_title":"Centro de Atenci\u00f3n al Cliente &#062; NF TRASPORTI","og_description":"Nos comprometemos a proporcionar un servicio de asistencia eficiente y profesional, garantizando una gesti\u00f3n r\u00e1pida y transparente de cada solicitud","og_url":"https:\/\/www.nftrasporti.com\/es\/centro-de-atencion-al-cliente\/","og_site_name":"NF TRASPORTI","article_modified_time":"2025-02-06T16:00:42+00:00","twitter_card":"summary_large_image","twitter_misc":{"Tiempo de lectura":"1 minuto"},"schema":{"@context":"https:\/\/schema.org","@graph":[{"@type":"WebPage","@id":"https:\/\/www.nftrasporti.com\/es\/centro-de-atencion-al-cliente\/","url":"https:\/\/www.nftrasporti.com\/es\/centro-de-atencion-al-cliente\/","name":"Centro de Atenci\u00f3n al Cliente &#062; NF TRASPORTI","isPartOf":{"@id":"https:\/\/www.nftrasporti.com\/es\/#website"},"datePublished":"2025-02-05T16:02:32+00:00","dateModified":"2025-02-06T16:00:42+00:00","description":"Nos comprometemos a proporcionar un servicio de asistencia eficiente y profesional, garantizando una gesti\u00f3n r\u00e1pida y transparente de cada solicitud","breadcrumb":{"@id":"https:\/\/www.nftrasporti.com\/es\/centro-de-atencion-al-cliente\/#breadcrumb"},"inLanguage":"es","potentialAction":[{"@type":"ReadAction","target":["https:\/\/www.nftrasporti.com\/es\/centro-de-atencion-al-cliente\/"]}]},{"@type":"BreadcrumbList","@id":"https:\/\/www.nftrasporti.com\/es\/centro-de-atencion-al-cliente\/#breadcrumb","itemListElement":[{"@type":"ListItem","position":1,"name":"Home","item":"https:\/\/www.nftrasporti.com\/es\/"},{"@type":"ListItem","position":2,"name":"Centro de Atenci\u00f3n al Cliente"}]},{"@type":"WebSite","@id":"https:\/\/www.nftrasporti.com\/es\/#website","url":"https:\/\/www.nftrasporti.com\/es\/","name":"https:\/\/www.nftrasporti.com\/","description":"Servizio professionale, Rapido, Sicuro.","publisher":{"@id":"https:\/\/www.nftrasporti.com\/es\/#organization"},"potentialAction":[{"@type":"SearchAction","target":{"@type":"EntryPoint","urlTemplate":"https:\/\/www.nftrasporti.com\/es\/?s={search_term_string}"},"query-input":{"@type":"PropertyValueSpecification","valueRequired":true,"valueName":"search_term_string"}}],"inLanguage":"es"},{"@type":"Organization","@id":"https:\/\/www.nftrasporti.com\/es\/#organization","name":"NF Trasporti S.r.l.","url":"https:\/\/www.nftrasporti.com\/es\/","logo":{"@type":"ImageObject","inLanguage":"es","@id":"https:\/\/www.nftrasporti.com\/es\/#\/schema\/logo\/image\/","url":"https:\/\/www.nftrasporti.com\/wp-content\/uploads\/2023\/04\/logo_NF_trasporti.png","contentUrl":"https:\/\/www.nftrasporti.com\/wp-content\/uploads\/2023\/04\/logo_NF_trasporti.png","width":270,"height":360,"caption":"NF Trasporti S.r.l."},"image":{"@id":"https:\/\/www.nftrasporti.com\/es\/#\/schema\/logo\/image\/"},"sameAs":["https:\/\/www.linkedin.com\/company\/nf-trasporti\/"]}]}},"_links":{"self":[{"href":"https:\/\/www.nftrasporti.com\/es\/wp-json\/wp\/v2\/pages\/2759","targetHints":{"allow":["GET"]}}],"collection":[{"href":"https:\/\/www.nftrasporti.com\/es\/wp-json\/wp\/v2\/pages"}],"about":[{"href":"https:\/\/www.nftrasporti.com\/es\/wp-json\/wp\/v2\/types\/page"}],"author":[{"embeddable":true,"href":"https:\/\/www.nftrasporti.com\/es\/wp-json\/wp\/v2\/users\/5"}],"replies":[{"embeddable":true,"href":"https:\/\/www.nftrasporti.com\/es\/wp-json\/wp\/v2\/comments?post=2759"}],"version-history":[{"count":1,"href":"https:\/\/www.nftrasporti.com\/es\/wp-json\/wp\/v2\/pages\/2759\/revisions"}],"predecessor-version":[{"id":2760,"href":"https:\/\/www.nftrasporti.com\/es\/wp-json\/wp\/v2\/pages\/2759\/revisions\/2760"}],"wp:attachment":[{"href":"https:\/\/www.nftrasporti.com\/es\/wp-json\/wp\/v2\/media?parent=2759"}],"curies":[{"name":"wp","href":"https:\/\/api.w.org\/{rel}","templated":true}]}}