{"id":1840,"date":"2023-04-06T09:36:36","date_gmt":"2023-04-06T07:36:36","guid":{"rendered":"https:\/\/www.nftrasporti.com\/contatti\/"},"modified":"2025-07-19T10:25:07","modified_gmt":"2025-07-19T08:25:07","slug":"contatti","status":"publish","type":"page","link":"https:\/\/www.nftrasporti.com\/fr\/contatti\/","title":{"rendered":"Contacts"},"content":{"rendered":"<div class=\"wpb-content-wrapper\">[vc_row full_width=\u00a0\u00bbstretch_row_content_no_spaces\u00a0\u00bb][vc_column][vc_gmaps link=\u00a0\u00bb#E-8_JTNDaWZyYW1lJTIwc3JjJTNEJTIyaHR0cHMlM0ElMkYlMkZ3d3cuZ29vZ2xlLmNvbSUyRm1hcHMlMkZlbWJlZCUzRnBiJTNEJTIxMW0xNCUyMTFtOCUyMTFtMyUyMTFkMTE0NTkuMDg0NjEzNjI0MTgzJTIxMmQxMi4zMjA4MjU5JTIxM2Q0NC4xMDg3MTM4JTIxM20yJTIxMWkxMDI0JTIxMmk3NjglMjE0ZjEzLjElMjEzbTMlMjExbTIlMjExczB4MTMyY2JmNDJmZDk4ZTgyYiUyNTNBMHg2M2Q5Y2Q5ZTEwODA5MzgyJTIxMnNORiUyNTIwVHJhc3BvcnRpJTIxNWUwJTIxM20yJTIxMXNpdCUyMTJzaXQlMjE0djE2ODMyMDA3ODU4OTElMjE1bTIlMjExc2l0JTIxMnNpdCUyMiUyMHdpZHRoJTNEJTIyNjAwJTIyJTIwaGVpZ2h0JTNEJTIyNDUwJTIyJTIwc3R5bGUlM0QlMjJib3JkZXIlM0EwJTNCJTIyJTIwYWxsb3dmdWxsc2NyZWVuJTNEJTIyJTIyJTIwbG9hZGluZyUzRCUyMmxhenklMjIlMjByZWZlcnJlcnBvbGljeSUzRCUyMm5vLXJlZmVycmVyLXdoZW4tZG93bmdyYWRlJTIyJTNFJTNDJTJGaWZyYW1lJTNF\u00a0\u00bb][\/vc_column][\/vc_row][vc_row][vc_column]<div class=\"vcex-spacing wpex-w-100 wpex-clear\" style=\"height:60px;\"><\/div>[\/vc_column][\/vc_row][vc_row css=\u00a0\u00bb.vc_custom_1698318786890{border-radius: 5px !important;}\u00a0\u00bb][vc_column]<style>.vcex-callout.vcex_69f4b56e9ff20{background-color:#e2211b;}<\/style><div class=\"vcex-callout vcex-module wpex-boxed vcex_69f4b56e9ff20\"><div class=\"vcex-callout-caption wpex-last-mb-0 wpex-text-md\"><p style=\"text-align: center\"><span style=\"color: #ffffff\"><strong>Appelez-nous maintenant<\/strong> et profitez de notre <strong>meilleure offre<\/strong> !<\/span><\/p>\n<\/div><\/div><div class=\"vcex-spacing wpex-w-100 wpex-clear\" style=\"height:30px;\"><\/div>[vc_row_inner][vc_column_inner width=\u00a0\u00bb1\/3&Prime;]<div class=\"vcex-spacing wpex-w-100 wpex-clear\" style=\"height:10px;\"><\/div>[vc_column_text css=\u00a0\u00bb.vc_custom_1752913493011{background-color: #e8e8e8 !important;}\u00a0\u00bb]Tel: <a href=\"tel:+393273675293\">+39 327 367 5293<\/a><br \/>\nTel: <a href=\"tel:+390541418450\">+39 0541 4184 50<\/a>[\/vc_column_text]<div class=\"vcex-spacing wpex-w-100 wpex-clear\" style=\"height:10px;\"><\/div>[\/vc_column_inner][vc_column_inner width=\u00a0\u00bb1\/3&Prime;]<div class=\"vcex-spacing wpex-w-100 wpex-clear\" style=\"height:10px;\"><\/div>[vc_column_text]Courriel :<br \/>\n<a href=\"mailto:commerciale@nftrasporti.com\">commerciale@nftrasporti.com<\/a>[\/vc_column_text]<div class=\"vcex-spacing wpex-w-100 wpex-clear\" style=\"height:10px;\"><\/div>[\/vc_column_inner][vc_column_inner width=\u00a0\u00bb1\/3&Prime;]<div class=\"vcex-spacing wpex-w-100 wpex-clear\" style=\"height:10px;\"><\/div>[vc_column_text css=\u00a0\u00bb.vc_custom_1752913505189{background-color: #e8e8e8 !important;}\u00a0\u00bb]WhatsApp<br \/>\nTel: <a href=\"https:\/\/wa.me\/+393273675293\">+39 327 367 5293<\/a>[\/vc_column_text]<div class=\"vcex-spacing wpex-w-100 wpex-clear\" style=\"height:10px;\"><\/div>[\/vc_column_inner][\/vc_row_inner][\/vc_column][\/vc_row][vc_row content_placement=\u00a0\u00bbmiddle\u00a0\u00bb equal_height=\u00a0\u00bbyes\u00a0\u00bb el_class=\u00a0\u00bbmargine150 margine_mobile100&Prime; css=\u00a0\u00bb.vc_custom_1683201050381{margin-bottom: 80px !important;}\u00a0\u00bb][vc_column css_animation=\u00a0\u00bbfadeInLeft\u00a0\u00bb width=\u00a0\u00bb5\/12&Prime; el_class=\u00a0\u00bbbordo_dx_home\u00a0\u00bb][vc_column_text]\n<h2>Service client, Clart\u00e9, Rapidit\u00e9, Courtoisie<\/h2>\n[\/vc_column_text][vc_column_text css=\u00a0\u00bb.vc_custom_1683201495789{margin-top: 30px !important;}\u00a0\u00bb]\n<div class=\"page\" title=\"Page 3\">\n<div class=\"section\">\n<div class=\"layoutArea\">\n<div class=\"column\">\n<p>Nous combinons des m\u00e9thodes de contact traditionnelles avec les technologies les plus modernes pour \u00eatre toujours disponibles pour les besoins des clients et les demandes des nouveaux clients.<\/p>\n<ul>\n<li>Nous r\u00e9pondons au t\u00e9l\u00e9phone du lundi au vendredi de 9h \u00e0 17h pour discuter avec vous et affronter ensemble chaque situation.<\/li>\n<li>Nous r\u00e9pondons aux demandes re\u00e7ues via le formulaire dans quelques heures.<\/li>\n<\/ul>\n<\/div>\n<\/div>\n<\/div>\n<\/div>\n[\/vc_column_text][vc_separator color=\u00a0\u00bbcustom\u00a0\u00bb align=\u00a0\u00bbalign_right\u00a0\u00bb css=\u00a0\u00bb.vc_custom_1680768022287{margin-top: 30px !important;}\u00a0\u00bb accent_color=\u00a0\u00bb#a6a6a7&Prime; el_class=\u00a0\u00bbseparatore_home\u00a0\u00bb][\/vc_column][vc_column css_animation=\u00a0\u00bbfadeInRight\u00a0\u00bb width=\u00a0\u00bb7\/12&Prime; el_class=\u00a0\u00bbmargine_mobile30&Prime;]\n<div class=\"wpcf7 no-js\" id=\"wpcf7-f1963-o1\" lang=\"fr-FR\" dir=\"ltr\" data-wpcf7-id=\"1963\">\n<div class=\"screen-reader-response\"><p role=\"status\" aria-live=\"polite\" aria-atomic=\"true\"><\/p> <ul><\/ul><\/div>\n<form action=\"\/fr\/wp-json\/wp\/v2\/pages\/1840#wpcf7-f1963-o1\" method=\"post\" class=\"wpcf7-form init\" aria-label=\"Formulaire de contact\" novalidate=\"novalidate\" data-status=\"init\">\n<fieldset class=\"hidden-fields-container\"><input type=\"hidden\" name=\"_wpcf7\" value=\"1963\" \/><input type=\"hidden\" name=\"_wpcf7_version\" value=\"6.1\" \/><input type=\"hidden\" name=\"_wpcf7_locale\" value=\"fr_FR\" \/><input type=\"hidden\" name=\"_wpcf7_unit_tag\" value=\"wpcf7-f1963-o1\" \/><input type=\"hidden\" name=\"_wpcf7_container_post\" value=\"0\" \/><input type=\"hidden\" name=\"_wpcf7_posted_data_hash\" value=\"\" \/>\n<\/fieldset>\n<div class=\"vc_row\">\n\t<div class=\"vc_col-sm-4\">\n\t\t<p><span class=\"wpcf7-form-control-wrap\" data-name=\"nome\"><input size=\"40\" maxlength=\"400\" class=\"wpcf7-form-control wpcf7-text wpcf7-validates-as-required\" aria-required=\"true\" aria-invalid=\"false\" placeholder=\"Nome e Cognome\" value=\"\" type=\"text\" name=\"nome\" \/><\/span>\n\t\t<\/p>\n\t<\/div>\n\t<div class=\"vc_col-sm-4\">\n\t\t<p><span class=\"wpcf7-form-control-wrap\" data-name=\"email\"><input size=\"40\" maxlength=\"400\" class=\"wpcf7-form-control wpcf7-email wpcf7-text wpcf7-validates-as-email\" aria-invalid=\"false\" placeholder=\"Email\" value=\"\" type=\"email\" name=\"email\" \/><\/span>\n\t\t<\/p>\n\t<\/div>\n\t<div class=\"vc_col-sm-4\">\n\t\t<p><span class=\"wpcf7-form-control-wrap\" data-name=\"telefono\"><input size=\"40\" maxlength=\"400\" class=\"wpcf7-form-control wpcf7-tel wpcf7-text wpcf7-validates-as-tel\" aria-invalid=\"false\" placeholder=\"Telefono\" value=\"\" type=\"tel\" name=\"telefono\" \/><\/span>\n\t\t<\/p>\n\t<\/div>\n<\/div>\n<div class=\"vc_row\">\n\t<div class=\"vc_col-sm-12\">\n\t\t<p><span class=\"wpcf7-form-control-wrap\" data-name=\"messaggio\"><textarea cols=\"40\" rows=\"10\" maxlength=\"2000\" class=\"wpcf7-form-control wpcf7-textarea\" aria-invalid=\"false\" placeholder=\"Messaggio\" name=\"messaggio\"><\/textarea><\/span>\n\t\t<\/p>\n\t<\/div>\n<\/div>\n<div class=\"vc_row\" style=\"margin-top:20px;\">\n\t<div class=\"vc_col-sm-12\">\n\t\t<p style=\"font-size: 16px;\"><span class=\"wpcf7-form-control-wrap\" data-name=\"privacy\"><span class=\"wpcf7-form-control wpcf7-acceptance\"><span class=\"wpcf7-list-item\"><label><input type=\"checkbox\" name=\"privacy\" value=\"1\" aria-invalid=\"false\" \/><span class=\"wpcf7-list-item-label\">Je d\u00e9clare avoir lu la <a href=\"\/fr\/informativa-privacy-form-fra\/\" title=\"Politique de confidentialit\u00e9\" target=\"_blank\">Politique de confidentialit\u00e9<\/a> et avoir compris les objectifs qui y sont contenus.*<\/span><\/label><\/span><\/span><\/span>\n\t\t<\/p>\n\t<\/div>\n<\/div>\n<div class=\"vc_row\" style=\"margin-top:20px;\">\n\t<div class=\"vc_col-sm-12\">\n\t\t<p style=\"font-size: 16px;\"><span class=\"wpcf7-form-control-wrap\" data-name=\"newsletter\"><span class=\"wpcf7-form-control wpcf7-acceptance optional\"><span class=\"wpcf7-list-item\"><label><input type=\"checkbox\" name=\"newsletter\" value=\"1\" aria-invalid=\"false\" \/><span class=\"wpcf7-list-item-label\">Je d\u00e9clare donner mon consentement aux fins de communication marketing et promotionnelle contenues dans la <a href=\"\/fr\/informativa-privacy-newsletter-fra\/\" title=\"Politique de confidentialit\u00e9 de la newsletter\"  target=\"_blank\">Politique de confidentialit\u00e9 de la newsletter<\/a><\/span><\/label><\/span><\/span><\/span>\n\t\t<\/p>\n\t<\/div>\n<\/div>\n<div class=\"vc_row\">\n\t<div class=\"vc_col-sm-12\">\n\t\t<p><input class=\"wpcf7-form-control wpcf7-submit has-spinner\" type=\"submit\" value=\"SOUMETTRE\" \/>\n\t\t<\/p>\n\t<\/div>\n<\/div><div class=\"wpcf7-response-output\" aria-hidden=\"true\"><\/div>\n<\/form>\n<\/div>\n[vc_column_text css=\u00a0\u00bb.vc_custom_1683201617124{margin-top: 40px !important;}\u00a0\u00bb]\n<h2>Parlez-nous<\/h2>\n[\/vc_column_text][vc_column_text css=\u00a0\u00bb.vc_custom_1689780138064{margin-top: 30px !important;}\u00a0\u00bb]\n<div class=\"page\" title=\"Page 3\">\n<div class=\"section\">\n<div class=\"layoutArea\">\n<div class=\"column\">\n<p>Vous souhaitez \u00eatre contact\u00e9 pour une offre personnalis\u00e9e ? Demandez un rendez-vous t\u00e9l\u00e9phonique ou un appel. Nous serions \u00e9galement heureux de vous rencontrer en personne, dans notre <em><a href=\"https:\/\/goo.gl\/maps\/VhsLysGgDnXXjnuV8\">bureau \u00e0 Longiano<\/a><\/em>, pour discuter de votre entreprise et d\u00e9velopper ensemble un service qui r\u00e9pond pleinement \u00e0 vos besoins.<\/p>\n<\/div>\n<\/div>\n<\/div>\n<\/div>\n[\/vc_column_text][\/vc_column][\/vc_row]\n<\/div>","protected":false},"excerpt":{"rendered":"<p>[vc_row full_width=\u00a0\u00bbstretch_row_content_no_spaces\u00a0\u00bb][vc_column][vc_gmaps link=\u00a0\u00bb#E-8_JTNDaWZyYW1lJTIwc3JjJTNEJTIyaHR0cHMlM0ElMkYlMkZ3d3cuZ29vZ2xlLmNvbSUyRm1hcHMlMkZlbWJlZCUzRnBiJTNEJTIxMW0xNCUyMTFtOCUyMTFtMyUyMTFkMTE0NTkuMDg0NjEzNjI0MTgzJTIxMmQxMi4zMjA4MjU5JTIxM2Q0NC4xMDg3MTM4JTIxM20yJTIxMWkxMDI0JTIxMmk3NjglMjE0ZjEzLjElMjEzbTMlMjExbTIlMjExczB4MTMyY2JmNDJmZDk4ZTgyYiUyNTNBMHg2M2Q5Y2Q5ZTEwODA5MzgyJTIxMnNORiUyNTIwVHJhc3BvcnRpJTIxNWUwJTIxM20yJTIxMXNpdCUyMTJzaXQlMjE0djE2ODMyMDA3ODU4OTElMjE1bTIlMjExc2l0JTIxMnNpdCUyMiUyMHdpZHRoJTNEJTIyNjAwJTIyJTIwaGVpZ2h0JTNEJTIyNDUwJTIyJTIwc3R5bGUlM0QlMjJib3JkZXIlM0EwJTNCJTIyJTIwYWxsb3dmdWxsc2NyZWVuJTNEJTIyJTIyJTIwbG9hZGluZyUzRCUyMmxhenklMjIlMjByZWZlcnJlcnBvbGljeSUzRCUyMm5vLXJlZmVycmVyLXdoZW4tZG93bmdyYWRlJTIyJTNFJTNDJTJGaWZyYW1lJTNF\u00a0\u00bb][\/vc_column][\/vc_row][vc_row][vc_column][\/vc_column][\/vc_row][vc_row css=\u00a0\u00bb.vc_custom_1698318786890{border-radius: 5px !important;}\u00a0\u00bb][vc_column][vc_row_inner][vc_column_inner width=\u00a0\u00bb1\/3&Prime;][vc_column_text css=\u00a0\u00bb.vc_custom_1752913493011{background-color: #e8e8e8 !important;}\u00a0\u00bb]Tel: +39 327 367 5293 Tel: +39 0541 4184 50[\/vc_column_text][\/vc_column_inner][vc_column_inner width=\u00a0\u00bb1\/3&Prime;][vc_column_text]Courriel : commerciale@nftrasporti.com[\/vc_column_text][\/vc_column_inner][vc_column_inner width=\u00a0\u00bb1\/3&Prime;][vc_column_text css=\u00a0\u00bb.vc_custom_1752913505189{background-color: #e8e8e8 !important;}\u00a0\u00bb]WhatsApp Tel: +39 327 367 5293[\/vc_column_text][\/vc_column_inner][\/vc_row_inner][\/vc_column][\/vc_row][vc_row content_placement=\u00a0\u00bbmiddle\u00a0\u00bb equal_height=\u00a0\u00bbyes\u00a0\u00bb el_class=\u00a0\u00bbmargine150 margine_mobile100&Prime; css=\u00a0\u00bb.vc_custom_1683201050381{margin-bottom: 80px !important;}\u00a0\u00bb][vc_column css_animation=\u00a0\u00bbfadeInLeft\u00a0\u00bb width=\u00a0\u00bb5\/12&Prime; el_class=\u00a0\u00bbbordo_dx_home\u00a0\u00bb][vc_column_text] Service client, Clart\u00e9, Rapidit\u00e9, Courtoisie [\/vc_column_text][vc_column_text css=\u00a0\u00bb.vc_custom_1683201495789{margin-top: 30px !important;}\u00a0\u00bb] Nous combinons des m\u00e9thodes de&hellip;<\/p>\n","protected":false},"author":1,"featured_media":0,"parent":0,"menu_order":0,"comment_status":"closed","ping_status":"closed","template":"","meta":{"_acf_changed":false,"inline_featured_image":false,"footnotes":""},"class_list":["post-1840","page","type-page","status-publish","hentry","entry","no-media"],"acf":[],"yoast_head":"<!-- This site is optimized with the Yoast SEO plugin v25.4 - https:\/\/yoast.com\/wordpress\/plugins\/seo\/ -->\n<title>Contacts &#062; NF TRASPORTI<\/title>\n<meta name=\"description\" content=\"Aggiungi valore alla tua rete con i nostri contatti. Raggiungi nuove opportunit\u00e0, collabora e condividi idee.\" \/>\n<meta name=\"robots\" content=\"index, follow, max-snippet:-1, max-image-preview:large, max-video-preview:-1\" \/>\n<link rel=\"canonical\" href=\"https:\/\/www.nftrasporti.com\/fr\/contatti\/\" \/>\n<meta property=\"og:locale\" content=\"fr_FR\" \/>\n<meta property=\"og:type\" content=\"article\" \/>\n<meta property=\"og:title\" content=\"Contacts &#062; NF TRASPORTI\" \/>\n<meta property=\"og:description\" content=\"Aggiungi valore alla tua rete con i nostri contatti. Raggiungi nuove opportunit\u00e0, collabora e condividi idee.\" \/>\n<meta property=\"og:url\" content=\"https:\/\/www.nftrasporti.com\/fr\/contatti\/\" \/>\n<meta property=\"og:site_name\" content=\"NF TRASPORTI\" \/>\n<meta property=\"article:modified_time\" content=\"2025-07-19T08:25:07+00:00\" \/>\n<meta name=\"twitter:card\" content=\"summary_large_image\" \/>\n<meta name=\"twitter:label1\" content=\"Dur\u00e9e de lecture estim\u00e9e\" \/>\n\t<meta name=\"twitter:data1\" content=\"2 minutes\" \/>\n<script type=\"application\/ld+json\" class=\"yoast-schema-graph\">{\"@context\":\"https:\/\/schema.org\",\"@graph\":[{\"@type\":\"WebPage\",\"@id\":\"https:\/\/www.nftrasporti.com\/fr\/contatti\/\",\"url\":\"https:\/\/www.nftrasporti.com\/fr\/contatti\/\",\"name\":\"Contacts &#062; NF TRASPORTI\",\"isPartOf\":{\"@id\":\"https:\/\/www.nftrasporti.com\/fr\/#website\"},\"datePublished\":\"2023-04-06T07:36:36+00:00\",\"dateModified\":\"2025-07-19T08:25:07+00:00\",\"description\":\"Aggiungi valore alla tua rete con i nostri contatti. Raggiungi nuove opportunit\u00e0, collabora e condividi idee.\",\"breadcrumb\":{\"@id\":\"https:\/\/www.nftrasporti.com\/fr\/contatti\/#breadcrumb\"},\"inLanguage\":\"fr-FR\",\"potentialAction\":[{\"@type\":\"ReadAction\",\"target\":[\"https:\/\/www.nftrasporti.com\/fr\/contatti\/\"]}]},{\"@type\":\"BreadcrumbList\",\"@id\":\"https:\/\/www.nftrasporti.com\/fr\/contatti\/#breadcrumb\",\"itemListElement\":[{\"@type\":\"ListItem\",\"position\":1,\"name\":\"Home\",\"item\":\"https:\/\/www.nftrasporti.com\/fr\/\"},{\"@type\":\"ListItem\",\"position\":2,\"name\":\"Contacts\"}]},{\"@type\":\"WebSite\",\"@id\":\"https:\/\/www.nftrasporti.com\/fr\/#website\",\"url\":\"https:\/\/www.nftrasporti.com\/fr\/\",\"name\":\"https:\/\/www.nftrasporti.com\/\",\"description\":\"Servizio professionale, Rapido, Sicuro.\",\"publisher\":{\"@id\":\"https:\/\/www.nftrasporti.com\/fr\/#organization\"},\"potentialAction\":[{\"@type\":\"SearchAction\",\"target\":{\"@type\":\"EntryPoint\",\"urlTemplate\":\"https:\/\/www.nftrasporti.com\/fr\/?s={search_term_string}\"},\"query-input\":{\"@type\":\"PropertyValueSpecification\",\"valueRequired\":true,\"valueName\":\"search_term_string\"}}],\"inLanguage\":\"fr-FR\"},{\"@type\":\"Organization\",\"@id\":\"https:\/\/www.nftrasporti.com\/fr\/#organization\",\"name\":\"NF Trasporti S.r.l.\",\"url\":\"https:\/\/www.nftrasporti.com\/fr\/\",\"logo\":{\"@type\":\"ImageObject\",\"inLanguage\":\"fr-FR\",\"@id\":\"https:\/\/www.nftrasporti.com\/fr\/#\/schema\/logo\/image\/\",\"url\":\"https:\/\/www.nftrasporti.com\/wp-content\/uploads\/2023\/04\/logo_NF_trasporti.png\",\"contentUrl\":\"https:\/\/www.nftrasporti.com\/wp-content\/uploads\/2023\/04\/logo_NF_trasporti.png\",\"width\":270,\"height\":360,\"caption\":\"NF Trasporti S.r.l.\"},\"image\":{\"@id\":\"https:\/\/www.nftrasporti.com\/fr\/#\/schema\/logo\/image\/\"},\"sameAs\":[\"https:\/\/www.linkedin.com\/company\/nf-trasporti\/\"]}]}<\/script>\n<!-- \/ Yoast SEO plugin. -->","yoast_head_json":{"title":"Contacts &#062; NF TRASPORTI","description":"Aggiungi valore alla tua rete con i nostri contatti. Raggiungi nuove opportunit\u00e0, collabora e condividi idee.","robots":{"index":"index","follow":"follow","max-snippet":"max-snippet:-1","max-image-preview":"max-image-preview:large","max-video-preview":"max-video-preview:-1"},"canonical":"https:\/\/www.nftrasporti.com\/fr\/contatti\/","og_locale":"fr_FR","og_type":"article","og_title":"Contacts &#062; NF TRASPORTI","og_description":"Aggiungi valore alla tua rete con i nostri contatti. Raggiungi nuove opportunit\u00e0, collabora e condividi idee.","og_url":"https:\/\/www.nftrasporti.com\/fr\/contatti\/","og_site_name":"NF TRASPORTI","article_modified_time":"2025-07-19T08:25:07+00:00","twitter_card":"summary_large_image","twitter_misc":{"Dur\u00e9e de lecture estim\u00e9e":"2 minutes"},"schema":{"@context":"https:\/\/schema.org","@graph":[{"@type":"WebPage","@id":"https:\/\/www.nftrasporti.com\/fr\/contatti\/","url":"https:\/\/www.nftrasporti.com\/fr\/contatti\/","name":"Contacts &#062; NF TRASPORTI","isPartOf":{"@id":"https:\/\/www.nftrasporti.com\/fr\/#website"},"datePublished":"2023-04-06T07:36:36+00:00","dateModified":"2025-07-19T08:25:07+00:00","description":"Aggiungi valore alla tua rete con i nostri contatti. Raggiungi nuove opportunit\u00e0, collabora e condividi idee.","breadcrumb":{"@id":"https:\/\/www.nftrasporti.com\/fr\/contatti\/#breadcrumb"},"inLanguage":"fr-FR","potentialAction":[{"@type":"ReadAction","target":["https:\/\/www.nftrasporti.com\/fr\/contatti\/"]}]},{"@type":"BreadcrumbList","@id":"https:\/\/www.nftrasporti.com\/fr\/contatti\/#breadcrumb","itemListElement":[{"@type":"ListItem","position":1,"name":"Home","item":"https:\/\/www.nftrasporti.com\/fr\/"},{"@type":"ListItem","position":2,"name":"Contacts"}]},{"@type":"WebSite","@id":"https:\/\/www.nftrasporti.com\/fr\/#website","url":"https:\/\/www.nftrasporti.com\/fr\/","name":"https:\/\/www.nftrasporti.com\/","description":"Servizio professionale, Rapido, Sicuro.","publisher":{"@id":"https:\/\/www.nftrasporti.com\/fr\/#organization"},"potentialAction":[{"@type":"SearchAction","target":{"@type":"EntryPoint","urlTemplate":"https:\/\/www.nftrasporti.com\/fr\/?s={search_term_string}"},"query-input":{"@type":"PropertyValueSpecification","valueRequired":true,"valueName":"search_term_string"}}],"inLanguage":"fr-FR"},{"@type":"Organization","@id":"https:\/\/www.nftrasporti.com\/fr\/#organization","name":"NF Trasporti S.r.l.","url":"https:\/\/www.nftrasporti.com\/fr\/","logo":{"@type":"ImageObject","inLanguage":"fr-FR","@id":"https:\/\/www.nftrasporti.com\/fr\/#\/schema\/logo\/image\/","url":"https:\/\/www.nftrasporti.com\/wp-content\/uploads\/2023\/04\/logo_NF_trasporti.png","contentUrl":"https:\/\/www.nftrasporti.com\/wp-content\/uploads\/2023\/04\/logo_NF_trasporti.png","width":270,"height":360,"caption":"NF Trasporti S.r.l."},"image":{"@id":"https:\/\/www.nftrasporti.com\/fr\/#\/schema\/logo\/image\/"},"sameAs":["https:\/\/www.linkedin.com\/company\/nf-trasporti\/"]}]}},"_links":{"self":[{"href":"https:\/\/www.nftrasporti.com\/fr\/wp-json\/wp\/v2\/pages\/1840","targetHints":{"allow":["GET"]}}],"collection":[{"href":"https:\/\/www.nftrasporti.com\/fr\/wp-json\/wp\/v2\/pages"}],"about":[{"href":"https:\/\/www.nftrasporti.com\/fr\/wp-json\/wp\/v2\/types\/page"}],"author":[{"embeddable":true,"href":"https:\/\/www.nftrasporti.com\/fr\/wp-json\/wp\/v2\/users\/1"}],"replies":[{"embeddable":true,"href":"https:\/\/www.nftrasporti.com\/fr\/wp-json\/wp\/v2\/comments?post=1840"}],"version-history":[{"count":3,"href":"https:\/\/www.nftrasporti.com\/fr\/wp-json\/wp\/v2\/pages\/1840\/revisions"}],"predecessor-version":[{"id":2859,"href":"https:\/\/www.nftrasporti.com\/fr\/wp-json\/wp\/v2\/pages\/1840\/revisions\/2859"}],"wp:attachment":[{"href":"https:\/\/www.nftrasporti.com\/fr\/wp-json\/wp\/v2\/media?parent=1840"}],"curies":[{"name":"wp","href":"https:\/\/api.w.org\/{rel}","templated":true}]}}