{"id":1854,"date":"2023-09-07T11:32:03","date_gmt":"2023-09-07T09:32:03","guid":{"rendered":"https:\/\/www.nftrasporti.com\/informativa-privacy-newsletter\/"},"modified":"2024-07-21T12:56:49","modified_gmt":"2024-07-21T10:56:49","slug":"informativa-privacy-newsletter-fra","status":"publish","type":"page","link":"https:\/\/www.nftrasporti.com\/fr\/informativa-privacy-newsletter-fra\/","title":{"rendered":"INFORMATIVA PRIVACY NEWSLETTER &#8211; FRA"},"content":{"rendered":"<div class=\"wpb-content-wrapper\">[vc_row][vc_column][vc_column_text]INFORMATIONS<\/p>\n<p>ARTS. 13 ET 14 DU R\u00c8GLEMENT (UE) 2016\/679<\/p>\n<p>Personnes concern\u00e9es: Utilisateurs des services et abonn\u00e9s \u00e0 la newsletter.<\/p>\n<p>NF TRASPORTI S.r.l., en tant que Responsable du traitement de vos donn\u00e9es personnelles conform\u00e9ment et en application du R\u00e8glement (UE) 2016\/679, ci-apr\u00e8s \u2018GDPR\u2019, vous informe par la pr\u00e9sente que la r\u00e9glementation cit\u00e9e pr\u00e9voit la protection des personnes concern\u00e9es par rapport au traitement des donn\u00e9es personnelles et que ce traitement sera bas\u00e9 sur les principes de l\u00e9galit\u00e9, de transparence et de protection de votre vie priv\u00e9e et de vos droits.<\/p>\n<p>Pour atteindre ses objectifs li\u00e9s \u00e0 la gestion de la relation, le Responsable doit acqu\u00e9rir des donn\u00e9es personnelles telles que, \u00e0 titre d\u2019exemple, le nom et le pr\u00e9nom, le num\u00e9ro de t\u00e9l\u00e9phone ou de portable, l\u2019adresse e-mail, le code fiscal.<\/p>\n<p>Vos donn\u00e9es personnelles seront trait\u00e9es conform\u00e9ment aux dispositions l\u00e9gislatives de la r\u00e9glementation susmentionn\u00e9e et aux obligations de confidentialit\u00e9 qui y sont pr\u00e9vues.<\/p>\n<p>Finalit\u00e9 du traitement:<br \/>\nMarketing &#8211; service de r\u00e9ception de la newsletter: en particulier, vos donn\u00e9es seront trait\u00e9es avec votre consentement libre pour recevoir la newsletter en entrant votre adresse e-mail dans la case pr\u00e9vue \u00e0 cet effet contenant des indications sur l\u2019inscription \u00e0 la newsletter ou en s\u00e9lectionnant\/ cochant la case indiquant \u201cinscription \u00e0 la newsletter\u201d pr\u00e9sente dans un formulaire.<\/p>\n<p>Base juridique: La base juridique du traitement est le consentement de la personne concern\u00e9e.<\/p>\n<p>Cons\u00e9quences du refus des finalit\u00e9s facultatives: La fourniture des donn\u00e9es est facultative pour les finalit\u00e9s indiqu\u00e9es ci-dessus et un \u00e9ventuel refus de traitement n\u2019affecte pas la poursuite de la relation ou la pertinence du traitement lui-m\u00eame.<\/p>\n<p>Cons\u00e9quences de la non-communication: Le traitement des donn\u00e9es fonctionnelles pour l\u2019ex\u00e9cution de ces obligations est n\u00e9cessaire pour une gestion correcte de la relation et leur fourniture est obligatoire pour atteindre les finalit\u00e9s indiqu\u00e9es ci-dessus. Le Responsable indique \u00e9galement que la non-communication ou la communication incorrecte d\u2019une des informations obligatoires peut entra\u00eener l\u2019impossibilit\u00e9 pour le Responsable de garantir la pertinence du traitement lui-m\u00eame.<\/p>\n<p>M\u00e9thodes de traitement: Le traitement est effectu\u00e9 avec des outils manuels et\/ou informatiques et t\u00e9l\u00e9matiques de mani\u00e8re \u00e0 garantir la s\u00e9curit\u00e9, l\u2019int\u00e9grit\u00e9 et la confidentialit\u00e9 des donn\u00e9es dans le respect des mesures organisationnelles, physiques et logiques pr\u00e9vues par les dispositions en vigueur afin de minimiser les risques de destruction ou de perte, d\u2019acc\u00e8s non autoris\u00e9, de modification et de divulgation non autoris\u00e9e, conform\u00e9ment aux articles 6 et 32 du GDPR.<\/p>\n<p>Destinataires: Pour la r\u00e9alisation de certaines activit\u00e9s ou pour fournir un soutien au fonctionnement et \u00e0 l\u2019organisation de l\u2019activit\u00e9, certaines donn\u00e9es peuvent \u00eatre port\u00e9es \u00e0 la connaissance ou communiqu\u00e9es \u00e0 des destinataires. Ces destinataires se distinguent en:<\/p>\n<p>\u2022 Tiers: (communication \u00e0: personnes physiques ou morales, autorit\u00e9s publiques, services ou autres organismes qui ne sont pas la personne concern\u00e9e, le Responsable du traitement, le sous-traitant et les personnes autoris\u00e9es responsables du traitement), parmi lesquels:<br \/>\n\u2022 Soci\u00e9t\u00e9s qui g\u00e8rent des services postaux traditionnels ou informatis\u00e9s<br \/>\n\u2022 Autres sujets dont la communication des donn\u00e9es est n\u00e9cessaire pour atteindre les finalit\u00e9s indiqu\u00e9es ci-dessus.<br \/>\n\u2022 Sous-traitants: (la personne physique ou morale, l\u2019autorit\u00e9 publique, le service ou un autre organisme qui traite des donn\u00e9es personnelles pour le compte du Responsable du traitement)<br \/>\n\u2022 Fournisseurs de services informatiques, web ou autres services n\u00e9cessaires \u00e0 la r\u00e9alisation des objectifs n\u00e9cessaires \u00e0 la gestion de la relation.<\/p>\n<p>Au sein de la structure de l\u2019entreprise, vos donn\u00e9es seront trait\u00e9es uniquement par du personnel express\u00e9ment autoris\u00e9 par le Responsable, avec la garantie d\u2019adoption d\u2019un accord de confidentialit\u00e9, et en particulier par les cat\u00e9gories de personnel suivantes:<\/p>\n<p>\u2022 Administration<br \/>\n\u2022 Autres employ\u00e9s dont le traitement est n\u00e9cessaire pour l\u2019ex\u00e9cution correcte de la relation<\/p>\n<p>Diffusion: Vos donn\u00e9es personnelles ne seront diffus\u00e9es en aucune mani\u00e8re.<\/p>\n<p>Transfert de donn\u00e9es vers des pays tiers: Le Responsable ne transf\u00e8re pas de donn\u00e9es personnelles vers des pays hors UE. Si cela s\u2019av\u00e8re n\u00e9cessaire, les personnes concern\u00e9es seront pr\u00e9alablement inform\u00e9es et des mesures de garantie seront adopt\u00e9es pour le transfert aux destinataires, qui selon les cas pourront inclure: v\u00e9rification de l\u2019existence de d\u00e9cisions d\u2019ad\u00e9quation pour le pays destinataire par la Commission, signature de clauses contractuelles types, v\u00e9rification de l\u2019adoption de mesures suppl\u00e9mentaires conform\u00e9ment \u00e0 la recommandation 01\/2020 EDPB. En d\u00e9rogation \u00e0 ces garanties, pour les traitements de donn\u00e9es (conform\u00e9ment \u00e0 l\u2019art. 49 du GDPR), lorsque cela est applicable, l\u2019existence d\u2019un contrat ou de mesures pr\u00e9contractuelles en faveur de la personne concern\u00e9e ou le consentement au transfert est v\u00e9rifi\u00e9.<\/p>\n<p>P\u00e9riode de conservation: Nous vous informons que, dans le respect des principes de l\u00e9galit\u00e9, de limitation des finalit\u00e9s, de minimisation des donn\u00e9es conform\u00e9ment \u00e0 l\u2019art. 5 du GDPR, la p\u00e9riode de conservation de vos donn\u00e9es personnelles est fix\u00e9e pour une dur\u00e9e ne d\u00e9passant pas celle n\u00e9cessaire pour atteindre les finalit\u00e9s pour lesquelles elles sont collect\u00e9es et trait\u00e9es. En cas de signature d\u2019un contrat, cette p\u00e9riode de conservation peut cesser avec l\u2019expiration ou la r\u00e9siliation du contrat; les m\u00eames donn\u00e9es peuvent \u00eatre conserv\u00e9es, le cas \u00e9ch\u00e9ant, pour une dur\u00e9e suppl\u00e9mentaire afin de g\u00e9rer d\u2019\u00e9ventuels litiges. La base juridique de cette conservation est l\u2019int\u00e9r\u00eat l\u00e9gitime du Responsable du traitement. La p\u00e9riode de conservation pour les traitements de donn\u00e9es relatifs au marketing est fonctionnelle aux finalit\u00e9s poursuivies par le Responsable du traitement et en tout \u00e9tat de cause ne d\u00e9passe pas 3 ans apr\u00e8s le dernier contact ou retour re\u00e7u.<\/p>\n<p>Responsable du traitement: Le Responsable du traitement des donn\u00e9es conform\u00e9ment \u00e0 la r\u00e9glementation est NF TRASPORTI Srl, dont le si\u00e8ge l\u00e9gal et op\u00e9rationnel est situ\u00e9 Via Emilia 4010, 47020 \u2013 Longiano (FC) \u2013 IT, TVA: 04257640401, repr\u00e9sent\u00e9 par son repr\u00e9sentant l\u00e9gal pro tempore.<\/p>\n<p>En envoyant un e-mail \u00e0 l\u2019adresse suivante: info@nftrasporti.com, vous pouvez demander plus d\u2019informations sur les donn\u00e9es fournies.<\/p>\n<p>Reg. (UE) 2016\/679 : Artt. 15 16 17 18 19 20 21 22 23 &#8211; Droits de la personne concern\u00e9e<\/p>\n<p>1. La personne concern\u00e9e a le droit d\u2019obtenir la confirmation de l\u2019existence ou non de donn\u00e9es personnelles la concernant, m\u00eame si elles ne sont pas encore enregistr\u00e9es, et leur communication sous une forme intelligible.<br \/>\n2. La personne concern\u00e9e a le droit d\u2019obtenir des informations sur:<br \/>\n\u2022 l\u2019origine des donn\u00e9es personnelles;<br \/>\n\u2022 les finalit\u00e9s et m\u00e9thodes du traitement;<br \/>\n\u2022 la logique appliqu\u00e9e en cas de traitement effectu\u00e9 \u00e0 l\u2019aide d\u2019outils \u00e9lectroniques;<br \/>\n\u2022 les donn\u00e9es d\u2019identification du Responsable, des sous-traitants et du repr\u00e9sentant d\u00e9sign\u00e9 conform\u00e9ment \u00e0 l\u2019article 5, paragraphe 2;<br \/>\n\u2022 les sujets ou cat\u00e9gories de sujets auxquels les donn\u00e9es personnelles peuvent \u00eatre communiqu\u00e9es ou qui peuvent en prendre connaissance en qualit\u00e9 de repr\u00e9sentant d\u00e9sign\u00e9 sur le territoire de l\u2019\u00c9tat, de sous-traitants ou de personnes autoris\u00e9es.<br \/>\n3. La personne concern\u00e9e a le droit d\u2019obtenir:<br \/>\n\u2022 la mise \u00e0 jour, la rectification ou, si cela l\u2019int\u00e9resse, l\u2019int\u00e9gration des donn\u00e9es;<br \/>\n\u2022 la suppression, l\u2019anonymisation ou le blocage des donn\u00e9es trait\u00e9es en violation de la loi, y compris celles dont la conservation n\u2019est pas n\u00e9cessaire aux fins pour lesquelles les donn\u00e9es ont \u00e9t\u00e9 collect\u00e9es ou trait\u00e9es ult\u00e9rieurement;<br \/>\n\u2022 la certification que les op\u00e9rations mentionn\u00e9es aux lettres a) et b) ont \u00e9t\u00e9 port\u00e9es \u00e0 la connaissance, \u00e9galement en ce qui concerne leur contenu, des personnes auxquelles les donn\u00e9es ont \u00e9t\u00e9 communiqu\u00e9es ou diffus\u00e9es, sauf si cela s\u2019av\u00e8re impossible ou implique un d\u00e9ploiement de moyens manifestement disproportionn\u00e9 par rapport au droit prot\u00e9g\u00e9;<br \/>\n\u2022 la portabilit\u00e9 des donn\u00e9es.<br \/>\n4. La personne concern\u00e9e a le droit de s\u2019opposer, totalement ou partiellement:<br \/>\n\u2022 pour des motifs l\u00e9gitimes, au traitement des donn\u00e9es personnelles la concernant, m\u00eame si elles sont pertinentes pour le but de la collecte;<br \/>\n\u2022 au traitement des donn\u00e9es personnelles la concernant \u00e0 des fins d\u2019envoi de mat\u00e9riel publicitaire ou de vente directe ou pour la r\u00e9alisation d\u2019\u00e9tudes de march\u00e9 ou de communication commerciale.<\/p>\n<p>R\u00e9clamation: Les personnes concern\u00e9es ont \u00e9galement le droit, si les conditions sont remplies, de d\u00e9poser une r\u00e9clamation aupr\u00e8s de l\u2019autorit\u00e9 de contr\u00f4le, selon les proc\u00e9dures pr\u00e9vues. Pour toute information suppl\u00e9mentaire et pour faire valoir vos droits reconnus par le R\u00e8glement europ\u00e9en, vous pouvez contacter le Responsable du traitement aux coordonn\u00e9es indiqu\u00e9es ci-dessus.<\/p>\n<p>Consentement<br \/>\nFormulaire d\u2019acquisition du consentement de la personne concern\u00e9e<\/p>\n<p>Votre consentement pour la r\u00e9ception de la newsletter sera enregistr\u00e9 (adresse IP, e-mail, date et heure) en cochant la case ci-dessous pour l\u2019insertion de l\u2019adresse e-mail ou en cliquant sur la case correspondante et en appuyant simultan\u00e9ment sur le bouton \u201cenvoyer\u201d \/ \u201cok\u201d. Ce consentement sera archiv\u00e9 pour prouver sa d\u00e9livrance et vous permettre de vous d\u00e9sabonner \u00e0 tout moment ainsi que d\u2019exercer tous les autres droits mentionn\u00e9s ci-dessus.<\/p>\n<p>NF TRASPORTI S.r.l.<br \/>\nVia Emilia 4010 &#8211; 47020 \u2013 Longiano (FC)<br \/>\nTVA: 04257640401<\/p>\n<p>NF Trasporti Srl<br \/>\nVia Emilia, 4010<br \/>\n47020 \u2013 Longiano (FC)<br \/>\nTelefono <a href=\"tel:+390541418450\">+39 0541 4184 50<\/a><br \/>\ne-mail <a href=\"mailto:commerciale@nftrasporti.com\">commerciale@nftrasporti.com<\/a>[\/vc_column_text][\/vc_column][\/vc_row]\n<\/div>","protected":false},"excerpt":{"rendered":"<p>[vc_row][vc_column][vc_column_text]INFORMATIONS ARTS. 13 ET 14 DU R\u00c8GLEMENT (UE) 2016\/679 Personnes concern\u00e9es: Utilisateurs des services et abonn\u00e9s \u00e0 la newsletter. NF TRASPORTI S.r.l., en tant que Responsable du traitement de vos donn\u00e9es personnelles conform\u00e9ment et en application du R\u00e8glement (UE) 2016\/679, ci-apr\u00e8s \u2018GDPR\u2019, vous informe par la pr\u00e9sente que la r\u00e9glementation cit\u00e9e pr\u00e9voit la protection des&hellip;<\/p>\n","protected":false},"author":1,"featured_media":0,"parent":0,"menu_order":0,"comment_status":"closed","ping_status":"open","template":"","meta":{"_acf_changed":false,"inline_featured_image":false,"footnotes":""},"class_list":["post-1854","page","type-page","status-publish","hentry","entry","no-media"],"acf":[],"yoast_head":"<!-- This site is optimized with the Yoast SEO plugin v25.4 - https:\/\/yoast.com\/wordpress\/plugins\/seo\/ -->\n<title>INFORMATIVA PRIVACY NEWSLETTER - FRA &#062; NF TRASPORTI<\/title>\n<meta name=\"robots\" content=\"index, follow, max-snippet:-1, max-image-preview:large, max-video-preview:-1\" \/>\n<link rel=\"canonical\" href=\"https:\/\/www.nftrasporti.com\/fr\/informativa-privacy-newsletter-fra\/\" \/>\n<meta property=\"og:locale\" content=\"fr_FR\" \/>\n<meta property=\"og:type\" content=\"article\" \/>\n<meta property=\"og:title\" content=\"INFORMATIVA PRIVACY NEWSLETTER - FRA &#062; NF TRASPORTI\" \/>\n<meta property=\"og:description\" content=\"[vc_row][vc_column][vc_column_text]INFORMATIONS ARTS. 13 ET 14 DU R\u00c8GLEMENT (UE) 2016\/679 Personnes concern\u00e9es: Utilisateurs des services et abonn\u00e9s \u00e0 la newsletter. NF TRASPORTI S.r.l., en tant que Responsable du traitement de vos donn\u00e9es personnelles conform\u00e9ment et en application du R\u00e8glement (UE) 2016\/679, ci-apr\u00e8s \u2018GDPR\u2019, vous informe par la pr\u00e9sente que la r\u00e9glementation cit\u00e9e pr\u00e9voit la protection des&hellip;\" \/>\n<meta property=\"og:url\" content=\"https:\/\/www.nftrasporti.com\/fr\/informativa-privacy-newsletter-fra\/\" \/>\n<meta property=\"og:site_name\" content=\"NF TRASPORTI\" \/>\n<meta property=\"article:modified_time\" content=\"2024-07-21T10:56:49+00:00\" \/>\n<meta name=\"twitter:card\" content=\"summary_large_image\" \/>\n<meta name=\"twitter:label1\" content=\"Dur\u00e9e de lecture estim\u00e9e\" \/>\n\t<meta name=\"twitter:data1\" content=\"8 minutes\" \/>\n<script type=\"application\/ld+json\" class=\"yoast-schema-graph\">{\"@context\":\"https:\/\/schema.org\",\"@graph\":[{\"@type\":\"WebPage\",\"@id\":\"https:\/\/www.nftrasporti.com\/fr\/informativa-privacy-newsletter-fra\/\",\"url\":\"https:\/\/www.nftrasporti.com\/fr\/informativa-privacy-newsletter-fra\/\",\"name\":\"INFORMATIVA PRIVACY NEWSLETTER - FRA &#062; NF TRASPORTI\",\"isPartOf\":{\"@id\":\"https:\/\/www.nftrasporti.com\/fr\/#website\"},\"datePublished\":\"2023-09-07T09:32:03+00:00\",\"dateModified\":\"2024-07-21T10:56:49+00:00\",\"breadcrumb\":{\"@id\":\"https:\/\/www.nftrasporti.com\/fr\/informativa-privacy-newsletter-fra\/#breadcrumb\"},\"inLanguage\":\"fr-FR\",\"potentialAction\":[{\"@type\":\"ReadAction\",\"target\":[\"https:\/\/www.nftrasporti.com\/fr\/informativa-privacy-newsletter-fra\/\"]}]},{\"@type\":\"BreadcrumbList\",\"@id\":\"https:\/\/www.nftrasporti.com\/fr\/informativa-privacy-newsletter-fra\/#breadcrumb\",\"itemListElement\":[{\"@type\":\"ListItem\",\"position\":1,\"name\":\"Home\",\"item\":\"https:\/\/www.nftrasporti.com\/fr\/\"},{\"@type\":\"ListItem\",\"position\":2,\"name\":\"INFORMATIVA PRIVACY NEWSLETTER &#8211; FRA\"}]},{\"@type\":\"WebSite\",\"@id\":\"https:\/\/www.nftrasporti.com\/fr\/#website\",\"url\":\"https:\/\/www.nftrasporti.com\/fr\/\",\"name\":\"https:\/\/www.nftrasporti.com\/\",\"description\":\"Servizio professionale, Rapido, Sicuro.\",\"publisher\":{\"@id\":\"https:\/\/www.nftrasporti.com\/fr\/#organization\"},\"potentialAction\":[{\"@type\":\"SearchAction\",\"target\":{\"@type\":\"EntryPoint\",\"urlTemplate\":\"https:\/\/www.nftrasporti.com\/fr\/?s={search_term_string}\"},\"query-input\":{\"@type\":\"PropertyValueSpecification\",\"valueRequired\":true,\"valueName\":\"search_term_string\"}}],\"inLanguage\":\"fr-FR\"},{\"@type\":\"Organization\",\"@id\":\"https:\/\/www.nftrasporti.com\/fr\/#organization\",\"name\":\"NF Trasporti S.r.l.\",\"url\":\"https:\/\/www.nftrasporti.com\/fr\/\",\"logo\":{\"@type\":\"ImageObject\",\"inLanguage\":\"fr-FR\",\"@id\":\"https:\/\/www.nftrasporti.com\/fr\/#\/schema\/logo\/image\/\",\"url\":\"https:\/\/www.nftrasporti.com\/wp-content\/uploads\/2023\/04\/logo_NF_trasporti.png\",\"contentUrl\":\"https:\/\/www.nftrasporti.com\/wp-content\/uploads\/2023\/04\/logo_NF_trasporti.png\",\"width\":270,\"height\":360,\"caption\":\"NF Trasporti S.r.l.\"},\"image\":{\"@id\":\"https:\/\/www.nftrasporti.com\/fr\/#\/schema\/logo\/image\/\"},\"sameAs\":[\"https:\/\/www.linkedin.com\/company\/nf-trasporti\/\"]}]}<\/script>\n<!-- \/ Yoast SEO plugin. -->","yoast_head_json":{"title":"INFORMATIVA PRIVACY NEWSLETTER - FRA &#062; NF TRASPORTI","robots":{"index":"index","follow":"follow","max-snippet":"max-snippet:-1","max-image-preview":"max-image-preview:large","max-video-preview":"max-video-preview:-1"},"canonical":"https:\/\/www.nftrasporti.com\/fr\/informativa-privacy-newsletter-fra\/","og_locale":"fr_FR","og_type":"article","og_title":"INFORMATIVA PRIVACY NEWSLETTER - FRA &#062; NF TRASPORTI","og_description":"[vc_row][vc_column][vc_column_text]INFORMATIONS ARTS. 13 ET 14 DU R\u00c8GLEMENT (UE) 2016\/679 Personnes concern\u00e9es: Utilisateurs des services et abonn\u00e9s \u00e0 la newsletter. NF TRASPORTI S.r.l., en tant que Responsable du traitement de vos donn\u00e9es personnelles conform\u00e9ment et en application du R\u00e8glement (UE) 2016\/679, ci-apr\u00e8s \u2018GDPR\u2019, vous informe par la pr\u00e9sente que la r\u00e9glementation cit\u00e9e pr\u00e9voit la protection des&hellip;","og_url":"https:\/\/www.nftrasporti.com\/fr\/informativa-privacy-newsletter-fra\/","og_site_name":"NF TRASPORTI","article_modified_time":"2024-07-21T10:56:49+00:00","twitter_card":"summary_large_image","twitter_misc":{"Dur\u00e9e de lecture estim\u00e9e":"8 minutes"},"schema":{"@context":"https:\/\/schema.org","@graph":[{"@type":"WebPage","@id":"https:\/\/www.nftrasporti.com\/fr\/informativa-privacy-newsletter-fra\/","url":"https:\/\/www.nftrasporti.com\/fr\/informativa-privacy-newsletter-fra\/","name":"INFORMATIVA PRIVACY NEWSLETTER - FRA &#062; NF TRASPORTI","isPartOf":{"@id":"https:\/\/www.nftrasporti.com\/fr\/#website"},"datePublished":"2023-09-07T09:32:03+00:00","dateModified":"2024-07-21T10:56:49+00:00","breadcrumb":{"@id":"https:\/\/www.nftrasporti.com\/fr\/informativa-privacy-newsletter-fra\/#breadcrumb"},"inLanguage":"fr-FR","potentialAction":[{"@type":"ReadAction","target":["https:\/\/www.nftrasporti.com\/fr\/informativa-privacy-newsletter-fra\/"]}]},{"@type":"BreadcrumbList","@id":"https:\/\/www.nftrasporti.com\/fr\/informativa-privacy-newsletter-fra\/#breadcrumb","itemListElement":[{"@type":"ListItem","position":1,"name":"Home","item":"https:\/\/www.nftrasporti.com\/fr\/"},{"@type":"ListItem","position":2,"name":"INFORMATIVA PRIVACY NEWSLETTER &#8211; FRA"}]},{"@type":"WebSite","@id":"https:\/\/www.nftrasporti.com\/fr\/#website","url":"https:\/\/www.nftrasporti.com\/fr\/","name":"https:\/\/www.nftrasporti.com\/","description":"Servizio professionale, Rapido, Sicuro.","publisher":{"@id":"https:\/\/www.nftrasporti.com\/fr\/#organization"},"potentialAction":[{"@type":"SearchAction","target":{"@type":"EntryPoint","urlTemplate":"https:\/\/www.nftrasporti.com\/fr\/?s={search_term_string}"},"query-input":{"@type":"PropertyValueSpecification","valueRequired":true,"valueName":"search_term_string"}}],"inLanguage":"fr-FR"},{"@type":"Organization","@id":"https:\/\/www.nftrasporti.com\/fr\/#organization","name":"NF Trasporti S.r.l.","url":"https:\/\/www.nftrasporti.com\/fr\/","logo":{"@type":"ImageObject","inLanguage":"fr-FR","@id":"https:\/\/www.nftrasporti.com\/fr\/#\/schema\/logo\/image\/","url":"https:\/\/www.nftrasporti.com\/wp-content\/uploads\/2023\/04\/logo_NF_trasporti.png","contentUrl":"https:\/\/www.nftrasporti.com\/wp-content\/uploads\/2023\/04\/logo_NF_trasporti.png","width":270,"height":360,"caption":"NF Trasporti S.r.l."},"image":{"@id":"https:\/\/www.nftrasporti.com\/fr\/#\/schema\/logo\/image\/"},"sameAs":["https:\/\/www.linkedin.com\/company\/nf-trasporti\/"]}]}},"_links":{"self":[{"href":"https:\/\/www.nftrasporti.com\/fr\/wp-json\/wp\/v2\/pages\/1854","targetHints":{"allow":["GET"]}}],"collection":[{"href":"https:\/\/www.nftrasporti.com\/fr\/wp-json\/wp\/v2\/pages"}],"about":[{"href":"https:\/\/www.nftrasporti.com\/fr\/wp-json\/wp\/v2\/types\/page"}],"author":[{"embeddable":true,"href":"https:\/\/www.nftrasporti.com\/fr\/wp-json\/wp\/v2\/users\/1"}],"replies":[{"embeddable":true,"href":"https:\/\/www.nftrasporti.com\/fr\/wp-json\/wp\/v2\/comments?post=1854"}],"version-history":[{"count":2,"href":"https:\/\/www.nftrasporti.com\/fr\/wp-json\/wp\/v2\/pages\/1854\/revisions"}],"predecessor-version":[{"id":2538,"href":"https:\/\/www.nftrasporti.com\/fr\/wp-json\/wp\/v2\/pages\/1854\/revisions\/2538"}],"wp:attachment":[{"href":"https:\/\/www.nftrasporti.com\/fr\/wp-json\/wp\/v2\/media?parent=1854"}],"curies":[{"name":"wp","href":"https:\/\/api.w.org\/{rel}","templated":true}]}}